{"id":5073,"date":"2025-06-11T12:35:28","date_gmt":"2025-06-11T10:35:28","guid":{"rendered":"https:\/\/www.smartconta.com\/els-nostres-valors\/"},"modified":"2025-08-18T18:31:35","modified_gmt":"2025-08-18T16:31:35","slug":"els-nostres-valors","status":"publish","type":"page","link":"https:\/\/www.smartconta.com\/ca\/els-nostres-valors\/","title":{"rendered":"Els nostres valors"},"content":{"rendered":"<div class=\"vce-row-container\" id=\"hero_default\"><div class=\"vce-row vce-element--has-background vce-row--col-gap-30 vce-row-equal-height vce-row-content--middle\" data-vce-full-width=\"true\" id=\"el-9c89b770\" data-vce-do-apply=\"all el-9c89b770\"><div class=\"vce-content-background-container\"><\/div><div class=\"vce-row-content\" data-vce-element-content=\"true\"><div class=\"vce-col vce-col--md-auto vce-col--xs-1 vce-col--xs-last vce-col--xs-first vce-col--sm-last vce-col--sm-first vce-col--md-first vce-col--lg-first vce-col--xl-first\" id=\"el-342e2793\"><div class=\"vce-col-inner\" data-vce-do-apply=\"border margin background  el-342e2793\"><div class=\"vce-col-content\" data-vce-element-content=\"true\" data-vce-do-apply=\"padding el-342e2793\"><div class=\"vce-single-image-container vce-single-image--align-left\"><div class=\"vce vce-single-image-wrapper\" id=\"el-6f8700fe\" data-vce-do-apply=\"all el-6f8700fe\"><figure><div class=\"vce-single-image-figure-inner\" style=\"width: 222px;\"><div class=\"vce-single-image-inner vce-single-image--absolute\" style=\"width: 100%; padding-bottom: 20.7207%;\"><img loading=\"lazy\" decoding=\"async\" class=\"vce-single-image\"  width=\"222\" height=\"46\" src=\"\/wp-content\/uploads\/2025\/07\/smartconta_color.svg\" data-img-src=\"\/wp-content\/uploads\/2025\/07\/smartconta_color.svg\" data-attachment-id=\"5081\"  alt=\"\" title=\"smartconta_color\" \/><\/div><\/div><figcaption hidden=\"\"><\/figcaption><\/figure><\/div><\/div><div class=\"vce-text-block pre-title\"><div class=\"vce-text-block-wrapper vce\" id=\"el-1839a0b1\" data-vce-do-apply=\"all el-1839a0b1\"><p>Els nostres valors<\/p><\/div><\/div><div class=\"vce-text-block\"><div class=\"vce-text-block-wrapper vce\" id=\"el-d9b6e54e\" data-vce-do-apply=\"all el-d9b6e54e\"><h1>Per una societat sense exclusi\u00f3 social<\/h1><\/div><\/div><div class=\"vce-text-block\"><div class=\"vce-text-block-wrapper vce\" id=\"el-46998ced\" data-vce-do-apply=\"all el-46998ced\"><p>Des de Smartconta, reafirmem el nostre comprom\u00eds social i la nostra voluntat de garantir l'acc\u00e9s equitatiu al subministrament d'aigua. Podeu sol\u00b7licitar aquesta bonificaci\u00f3 completant el formulari i adjuntant un informe dels serveis socials que certifiqui la vostra situaci\u00f3 de vulnerabilitat, ja sigui per exclusi\u00f3 residencial o dificultats econ\u00f2miques.<\/p><\/div><\/div><div class=\"vce-button--style-basic-container gradient-btn vce-button--style-basic-container--align-left\"><span class=\"vce-button--style-basic-wrapper vce\" id=\"el-919698d4\" data-vce-do-apply=\"margin el-919698d4\"><a class=\"vce-button vce-button--style-basic vce-button--style-basic--border-round vce-button--style-basic--size-medium vce-button--style-basic--color-557cbf--fff\" href=\"https:\/\/www.smartconta.com\/ca\/contacte\/contacte-risc-social\/\" title=\"\" data-vce-do-apply=\"padding border background  el-919698d4\">Sol\u00b7licitar bo social<\/a><\/span><\/div><\/div><\/div><\/div><div class=\"vce-col vce-col--md-auto vce-col--xs-1 vce-col--xs-last vce-col--xs-first vce-col--sm-last vce-col--sm-first vce-col--md-last vce-col--lg-last vce-col--xl-last\" id=\"el-09715df4\"><div class=\"vce-col-inner\" data-vce-do-apply=\"border margin background  el-09715df4\"><div class=\"vce-col-content\" data-vce-element-content=\"true\" data-vce-do-apply=\"padding el-09715df4\"><div class=\"vce-single-image-container vce-single-image--align-center\"><div class=\"vce vce-single-image-wrapper\" id=\"el-5b6d9469\" data-vce-do-apply=\"all el-5b6d9469\"><figure><div class=\"vce-single-image-figure-inner\" style=\"width: 640px;\"><div class=\"vce-single-image-inner vce-single-image--absolute\" style=\"width: 100%; padding-bottom: 87.1875%;\"><img loading=\"lazy\" decoding=\"async\" class=\"vce-single-image\"  width=\"640\" height=\"558\" srcset=\"https:\/\/www.smartconta.com\/wp-content\/uploads\/2025\/03\/valoresSC-320x279.png 320w, https:\/\/www.smartconta.com\/wp-content\/uploads\/2025\/03\/valoresSC-480x419.png 480w, https:\/\/www.smartconta.com\/wp-content\/uploads\/2025\/08\/valoresSC-640x558.png 640w\" src=\"https:\/\/www.smartconta.com\/wp-content\/uploads\/2025\/08\/valoresSC-640x558.png\" data-img-src=\"\/wp-content\/uploads\/2025\/03\/valoresSC.png\" data-attachment-id=\"4737\"  alt=\"\" title=\"valorsSC\" \/><\/div><\/div><figcaption hidden=\"\"><\/figcaption><\/figure><\/div><\/div><\/div><\/div><\/div><\/div><\/div><\/div><div class=\"vce-row-container\" data-vce-boxed-width=\"true\"><div class=\"vce-row vce-row--col-gap-30 customAcordeon vce-row-equal-height vce-row-content--top\" id=\"el-c82fbd61\" data-vce-do-apply=\"all el-c82fbd61\"><div class=\"vce-row-content\" data-vce-element-content=\"true\"><div class=\"vce-col vce-col--md-auto vce-col--xs-1 vce-col--xs-last vce-col--xs-first vce-col--sm-last vce-col--sm-first vce-col--md-last vce-col--lg-last vce-col--xl-last vce-col--md-first vce-col--lg-first vce-col--xl-first\" id=\"el-81411c2e\"><div class=\"vce-col-inner\" data-vce-do-apply=\"border margin background  el-81411c2e\"><div class=\"vce-col-content\" data-vce-element-content=\"true\" data-vce-do-apply=\"padding el-81411c2e\"><div class=\"vce-shortcode\"><div class=\"vce-shortcode-wrapper vce\" id=\"el-b372caa0\" data-vce-do-apply=\"all el-b372caa0\"><div class=\"vce-row-container\" id=\"faqs\" data-vce-boxed-width=\"true\"><div class=\"vce-row vce-row--col-gap-30 vce-row-equal-height vce-row-content--top\" id=\"el-6b0f0317\" data-vce-do-apply=\"all el-6b0f0317\"><div class=\"vce-content-background-container\"><\/div><div class=\"vce-row-content\" data-vce-element-content=\"true\"><div class=\"vce-col vce-col--md-auto vce-col--xs-1 vce-col--xs-last vce-col--xs-first vce-col--sm-last vce-col--sm-first vce-col--md-last vce-col--lg-last vce-col--xl-last vce-col--md-first vce-col--lg-first vce-col--xl-first\" id=\"el-8c05ec79\"><div class=\"vce-col-inner\" data-vce-do-apply=\"border margin background  el-8c05ec79\"><div class=\"vce-content-background-container\"><\/div><div class=\"vce-col-content\" data-vce-element-content=\"true\" data-vce-do-apply=\"padding el-8c05ec79\"><div class=\"vce-text-block pre-title center-title\"><div class=\"vce-text-block-wrapper vce\" id=\"el-03d2af29\" data-vce-do-apply=\"all el-03d2af29\"><p>FAQ's<\/p><\/div><\/div><div class=\"vce-text-block title-tarifa center-title\"><div class=\"vce-text-block-wrapper vce\" id=\"el-1e52365b\" data-vce-do-apply=\"all el-1e52365b\"><h2>Tens cap dubte?<\/h2><\/div><\/div><div id=\"el-70e74f01\" class=\"vce vce-faq-group-container faq-list vce-faq-group-fill-color--ba-0-0-0-0 vce-faq-group-fill-hover-color--empty vce-faq-group-icon-color--b-0-175-178 vce-faq-group-icon-hover-color--empty vce-faq-group-title-color--b-91-116-137\" data-vce-do-apply=\"all el-70e74f01\" data-vce-faq-group-auto-close=\"true\"><div class=\"vce-faq-group\" role=\"tablist\"><div class=\"vce-faq-group-item\"><div class=\"vce-faq-group-item-heading\" role=\"tab\" id=\"tab-70e74f01-0\" aria-controls=\"panel-70e74f01-0\" aria-expanded=\"false\" aria-selected=\"false\"><h3 class=\"vce-faq-group-item-heading-title\">Per qu\u00e8 necessito un equip de mesura?<\/h3><div class=\"vce-faq-group-item-icon\"><\/div><\/div><div class=\"vce-faq-group-item-content\" role=\"tabpanel\" id=\"panel-70e74f01-0\" aria-labelledby=\"tab-70e74f01-0\" aria-hidden=\"true\"><p>L\u2019equip de mesura d\u2019aigua realitza la mesura dels consums que serveixen de base per a la facturaci\u00f3 del subministrament d\u2019aigua per part de l\u2019Entitat subministradora.<\/p><\/div><\/div><div class=\"vce-faq-group-item\"><div class=\"vce-faq-group-item-heading\" role=\"tab\" id=\"tab-70e74f01-1\" aria-controls=\"panel-70e74f01-1\" aria-expanded=\"false\" aria-selected=\"false\"><h3 class=\"vce-faq-group-item-heading-title\">Quins avantatges ofereix contractar amb Smartconta davant d'altres empreses?<\/h3><div class=\"vce-faq-group-item-icon\"><\/div><\/div><div class=\"vce-faq-group-item-content\" role=\"tabpanel\" id=\"panel-70e74f01-1\" aria-labelledby=\"tab-70e74f01-1\" aria-hidden=\"true\"><p>Smartconta compta amb personal t\u00e8cnic especialitzat, atenci\u00f3 personalitzada i acords directes amb l\u2019Entitat subministradora, cosa que garanteix rapidesa i fiabilitat en totes les gestions.<\/p><\/div><\/div><div class=\"vce-faq-group-item\"><div class=\"vce-faq-group-item-heading\" role=\"tab\" id=\"tab-70e74f01-2\" aria-controls=\"panel-70e74f01-2\" aria-expanded=\"false\" aria-selected=\"false\"><h3 class=\"vce-faq-group-item-heading-title\">En qu\u00e8 consisteix el manteniment?<\/h3><div class=\"vce-faq-group-item-icon\"><\/div><\/div><div class=\"vce-faq-group-item-content\" role=\"tabpanel\" id=\"panel-70e74f01-2\" aria-labelledby=\"tab-70e74f01-2\" aria-hidden=\"true\"><p>El manteniment dels equips de mesura consisteix en un manteniment correctiu, que es tradueix en la substituci\u00f3 i aportaci\u00f3, en nom seu i per part nostra, d\u2019un nou equip de mesura (degudament homologat i revisat en laboratori), sense cost addicional per al client durant la vig\u00e8ncia del contracte, perqu\u00e8 l\u2019Entitat subministradora (Aig\u00fces de Barcelona) procedeixi a la seva instal\u00b7laci\u00f3.<\/p><p>La prestaci\u00f3 del servei de subministrament i manteniment del comptador d\u2019aigua (diferent del servei de subministrament d\u2019aigua que du a terme Aig\u00fces de Barcelona) respon a l\u2019obligaci\u00f3 imposada per l\u2019article 54 del Reglament del Servei Metropolit\u00e0 del Cicle Integral de l\u2019Aigua, que estableix la necessitat de disposar d\u2019un contracte de manteniment amb una empresa especialitzada en relaci\u00f3 amb l\u2019equip de mesura del punt de subministrament.<\/p><p>La nostra empresa est\u00e0 aprovada per Aig\u00fces de Barcelona com a empresa de manteniment, complint amb els requisits per prestar el servei, garantint aix\u00ed el compliment de la legislaci\u00f3 i la correcta prestaci\u00f3 del servei.<\/p><\/div><\/div><div class=\"vce-faq-group-item\"><div class=\"vce-faq-group-item-heading\" role=\"tab\" id=\"tab-70e74f01-3\" aria-controls=\"panel-70e74f01-3\" aria-expanded=\"false\" aria-selected=\"false\"><h3 class=\"vce-faq-group-item-heading-title\">Qu\u00e8 passa si finalitza la vida \u00fatil del comptador?<\/h3><div class=\"vce-faq-group-item-icon\"><\/div><\/div><div class=\"vce-faq-group-item-content\" role=\"tabpanel\" id=\"panel-70e74f01-3\" aria-labelledby=\"tab-70e74f01-3\" aria-hidden=\"true\"><p>Smartconta s\u2019anticipa a aquesta situaci\u00f3. Abans que es compleixin els 12 anys legals, us lliurarem un nou equip sense cost perqu\u00e8 Aig\u00fces de Barcelona el substitueixi. Aquest proc\u00e9s es gestiona de forma autom\u00e0tica si teniu un contracte vigent.<\/p><\/div><\/div><\/div><\/div><div class=\"vce-button--style-basic-container gradient-btn vce-button--style-basic-container--align-center\"><span class=\"vce-button--style-basic-wrapper vce\" id=\"el-1c5d344a\" data-vce-do-apply=\"margin el-1c5d344a\"><a class=\"vce-button vce-button--style-basic vce-button--style-basic--border-round vce-button--style-basic--size-medium vce-button--style-basic--color-557cbf--fff\" href=\"https:\/\/www.smartconta.com\/ca\/preguntas-frecuentes\/\" title=\"\" data-vce-do-apply=\"padding border background  el-1c5d344a\">Veure totes les preguntes<\/a><\/span><\/div><\/div><\/div><\/div><\/div><\/div><\/div>\n<\/div><\/div><\/div><\/div><\/div><\/div><\/div><\/div>\n","protected":false},"excerpt":{"rendered":"<p>Els nostres valorsPer una societat sense exclusi\u00f3 socialDes de Smartconta, reafirmem el nostre comprom\u00eds social i la nostra voluntat de garantir l&#8217;acc\u00e9s equitatiu al subministrament d&#8217;aigua. Podeu sol\u00b7licitar aquesta bonificaci\u00f3 completant el formulari i adjuntant un informe dels serveis socials que certifiqui la vostra situaci\u00f3 de vulnerabilitat, ja sigui per exclusi\u00f3 residencial o dificultats econ\u00f2miques.Sol\u00b7licitar [&hellip;]<\/p>\n","protected":false},"author":2,"featured_media":0,"parent":0,"menu_order":0,"comment_status":"closed","ping_status":"closed","template":"","meta":{"_acf_changed":false,"inline_featured_image":false,"footnotes":""},"class_list":["post-5073","page","type-page","status-publish","hentry"],"acf":[],"yoast_head":"<!-- This site is optimized with the Yoast SEO plugin v25.4 - https:\/\/yoast.com\/wordpress\/plugins\/seo\/ -->\n<title>Els nostres valors - Smartconta<\/title>\n<meta name=\"robots\" content=\"index, follow, max-snippet:-1, max-image-preview:large, max-video-preview:-1\" \/>\n<link rel=\"canonical\" href=\"https:\/\/www.smartconta.com\/ca\/els-nostres-valors\/\" \/>\n<meta property=\"og:locale\" content=\"ca_ES\" \/>\n<meta property=\"og:type\" content=\"article\" \/>\n<meta property=\"og:title\" content=\"Els nostres valors - Smartconta\" \/>\n<meta property=\"og:description\" content=\"Els nostres valorsPer una societat sense exclusi\u00f3 socialDes de Smartconta, reafirmem el nostre comprom\u00eds social i la nostra voluntat de garantir l&#039;acc\u00e9s equitatiu al subministrament d&#039;aigua. Podeu sol\u00b7licitar aquesta bonificaci\u00f3 completant el formulari i adjuntant un informe dels serveis socials que certifiqui la vostra situaci\u00f3 de vulnerabilitat, ja sigui per exclusi\u00f3 residencial o dificultats econ\u00f2miques.Sol\u00b7licitar [&hellip;]\" \/>\n<meta property=\"og:url\" content=\"https:\/\/www.smartconta.com\/ca\/els-nostres-valors\/\" \/>\n<meta property=\"og:site_name\" content=\"Smartconta\" \/>\n<meta property=\"article:modified_time\" content=\"2025-08-18T16:31:35+00:00\" \/>\n<meta name=\"twitter:card\" content=\"summary_large_image\" \/>\n<script type=\"application\/ld+json\" class=\"yoast-schema-graph\">{\"@context\":\"https:\/\/schema.org\",\"@graph\":[{\"@type\":\"WebPage\",\"@id\":\"https:\/\/www.smartconta.com\/ca\/els-nostres-valors\/\",\"url\":\"https:\/\/www.smartconta.com\/ca\/els-nostres-valors\/\",\"name\":\"Els nostres valors - Smartconta\",\"isPartOf\":{\"@id\":\"https:\/\/www.smartconta.com\/ca\/#website\"},\"datePublished\":\"2025-06-11T10:35:28+00:00\",\"dateModified\":\"2025-08-18T16:31:35+00:00\",\"breadcrumb\":{\"@id\":\"https:\/\/www.smartconta.com\/ca\/els-nostres-valors\/#breadcrumb\"},\"inLanguage\":\"ca\",\"potentialAction\":[{\"@type\":\"ReadAction\",\"target\":[\"https:\/\/www.smartconta.com\/ca\/els-nostres-valors\/\"]}]},{\"@type\":\"BreadcrumbList\",\"@id\":\"https:\/\/www.smartconta.com\/ca\/els-nostres-valors\/#breadcrumb\",\"itemListElement\":[{\"@type\":\"ListItem\",\"position\":1,\"name\":\"Portada\",\"item\":\"https:\/\/www.smartconta.com\/ca\/?faq_reutilizable=home-faqs\"},{\"@type\":\"ListItem\",\"position\":2,\"name\":\"Els nostres valors\"}]},{\"@type\":\"WebSite\",\"@id\":\"https:\/\/www.smartconta.com\/ca\/#website\",\"url\":\"https:\/\/www.smartconta.com\/ca\/\",\"name\":\"Smartconta\",\"description\":\"\",\"potentialAction\":[{\"@type\":\"SearchAction\",\"target\":{\"@type\":\"EntryPoint\",\"urlTemplate\":\"https:\/\/www.smartconta.com\/ca\/?s={search_term_string}\"},\"query-input\":{\"@type\":\"PropertyValueSpecification\",\"valueRequired\":true,\"valueName\":\"search_term_string\"}}],\"inLanguage\":\"ca\"}]}<\/script>\n<!-- \/ Yoast SEO plugin. -->","yoast_head_json":{"title":"Els nostres valors - Smartconta","robots":{"index":"index","follow":"follow","max-snippet":"max-snippet:-1","max-image-preview":"max-image-preview:large","max-video-preview":"max-video-preview:-1"},"canonical":"https:\/\/www.smartconta.com\/ca\/els-nostres-valors\/","og_locale":"ca_ES","og_type":"article","og_title":"Els nostres valors - Smartconta","og_description":"Els nostres valorsPer una societat sense exclusi\u00f3 socialDes de Smartconta, reafirmem el nostre comprom\u00eds social i la nostra voluntat de garantir l'acc\u00e9s equitatiu al subministrament d'aigua. Podeu sol\u00b7licitar aquesta bonificaci\u00f3 completant el formulari i adjuntant un informe dels serveis socials que certifiqui la vostra situaci\u00f3 de vulnerabilitat, ja sigui per exclusi\u00f3 residencial o dificultats econ\u00f2miques.Sol\u00b7licitar [&hellip;]","og_url":"https:\/\/www.smartconta.com\/ca\/els-nostres-valors\/","og_site_name":"Smartconta","article_modified_time":"2025-08-18T16:31:35+00:00","twitter_card":"summary_large_image","schema":{"@context":"https:\/\/schema.org","@graph":[{"@type":"WebPage","@id":"https:\/\/www.smartconta.com\/ca\/els-nostres-valors\/","url":"https:\/\/www.smartconta.com\/ca\/els-nostres-valors\/","name":"Els nostres valors - Smartconta","isPartOf":{"@id":"https:\/\/www.smartconta.com\/ca\/#website"},"datePublished":"2025-06-11T10:35:28+00:00","dateModified":"2025-08-18T16:31:35+00:00","breadcrumb":{"@id":"https:\/\/www.smartconta.com\/ca\/els-nostres-valors\/#breadcrumb"},"inLanguage":"ca","potentialAction":[{"@type":"ReadAction","target":["https:\/\/www.smartconta.com\/ca\/els-nostres-valors\/"]}]},{"@type":"BreadcrumbList","@id":"https:\/\/www.smartconta.com\/ca\/els-nostres-valors\/#breadcrumb","itemListElement":[{"@type":"ListItem","position":1,"name":"Portada","item":"https:\/\/www.smartconta.com\/ca\/?faq_reutilizable=home-faqs"},{"@type":"ListItem","position":2,"name":"Els nostres valors"}]},{"@type":"WebSite","@id":"https:\/\/www.smartconta.com\/ca\/#website","url":"https:\/\/www.smartconta.com\/ca\/","name":"Smartconta","description":"","potentialAction":[{"@type":"SearchAction","target":{"@type":"EntryPoint","urlTemplate":"https:\/\/www.smartconta.com\/ca\/?s={search_term_string}"},"query-input":{"@type":"PropertyValueSpecification","valueRequired":true,"valueName":"search_term_string"}}],"inLanguage":"ca"}]}},"_links":{"self":[{"href":"https:\/\/www.smartconta.com\/ca\/wp-json\/wp\/v2\/pages\/5073","targetHints":{"allow":["GET"]}}],"collection":[{"href":"https:\/\/www.smartconta.com\/ca\/wp-json\/wp\/v2\/pages"}],"about":[{"href":"https:\/\/www.smartconta.com\/ca\/wp-json\/wp\/v2\/types\/page"}],"author":[{"embeddable":true,"href":"https:\/\/www.smartconta.com\/ca\/wp-json\/wp\/v2\/users\/2"}],"replies":[{"embeddable":true,"href":"https:\/\/www.smartconta.com\/ca\/wp-json\/wp\/v2\/comments?post=5073"}],"version-history":[{"count":9,"href":"https:\/\/www.smartconta.com\/ca\/wp-json\/wp\/v2\/pages\/5073\/revisions"}],"predecessor-version":[{"id":5282,"href":"https:\/\/www.smartconta.com\/ca\/wp-json\/wp\/v2\/pages\/5073\/revisions\/5282"}],"wp:attachment":[{"href":"https:\/\/www.smartconta.com\/ca\/wp-json\/wp\/v2\/media?parent=5073"}],"curies":[{"name":"wp","href":"https:\/\/api.w.org\/{rel}","templated":true}]}}