{"id":5075,"date":"2022-11-17T08:42:50","date_gmt":"2022-11-17T07:42:50","guid":{"rendered":"https:\/\/www.smartconta.com\/politica-de-cookies\/"},"modified":"2025-08-29T09:02:25","modified_gmt":"2025-08-29T07:02:25","slug":"politica-de-cookies","status":"publish","type":"page","link":"https:\/\/www.smartconta.com\/ca\/politica-de-cookies\/","title":{"rendered":"Pol\u00edtica de cookies"},"content":{"rendered":"<div class=\"vce-row-container\" data-vce-boxed-width=\"true\"><div class=\"vce-row vce-row--col-gap-30 vce-row-equal-height vce-row-content--top\" id=\"el-d739734c\" data-vce-do-apply=\"all el-d739734c\"><div class=\"vce-row-content\" data-vce-element-content=\"true\"><div class=\"vce-col vce-col--md-auto vce-col--xs-1 vce-col--xs-last vce-col--xs-first vce-col--sm-last vce-col--sm-first vce-col--md-last vce-col--lg-last vce-col--xl-last vce-col--md-first vce-col--lg-first vce-col--xl-first\" id=\"el-ec3ddbb8\"><div class=\"vce-col-inner\" data-vce-do-apply=\"border margin background  el-ec3ddbb8\"><div class=\"vce-col-content\" data-vce-element-content=\"true\" data-vce-do-apply=\"padding el-ec3ddbb8\"><div class=\"vce-text-block\"><div class=\"vce-text-block-wrapper vce\" id=\"el-8c5ccdaa\" data-vce-do-apply=\"all el-8c5ccdaa\"><p><\/p>\n<div class=\"wp-block-group container\"><div class=\"wp-block-group__inner-container is-layout-constrained wp-block-group-is-layout-constrained\"><p><\/p>\n<div class=\"wp-block-spacer\" style=\"height: 100px;\" aria-hidden=\"true\"> <\/div>\n<p><\/p>\n<p><\/p>\n<h2 class=\"block-title wp-block-heading\">Pol\u00edtica de Cookies<\/h2>\n<p><\/p>\n<p><\/p>\n<h4 class=\"wp-block-heading\">1. Qu\u00e8 s\u00f3n les galetes?<\/h4>\n<p><\/p>\n<p><\/p>\n<p>Les cookies s\u00f3n petits paquets de dades que es descarreguen en accedir a la web. En general, aquestes tecnologies poden servir per a finalitats molt diverses, com, per exemple, recon\u00e8ixer-te com a usuari, obtenir informaci\u00f3 sobre els teus h\u00e0bits de navegaci\u00f3, o personalitzar la manera com es mostra el contingut Els usos concrets que fem d'aquestes tecnologies es descriuen al final de l'apartat.  <\/p>\n<p><\/p>\n<p><\/p>\n<h4 class=\"wp-block-heading\">2. Tipus de galetes.<\/h4>\n<p><\/p>\n<p><\/p>\n<p>Segons l'entitat, la finalitat o el termini per a la qual es tractin les dades obtingudes a trav\u00e9s de les galetes, aquestes poden ser:<\/p>\n<p><\/p>\n<p><\/p>\n<p>a) Segons l'entitat que les gestioni:<\/p>\n<p><\/p>\n<p><\/p>\n<p>- Cookies pr\u00f2pies: S\u00f3n aquelles que s'envien a l'equip terminal de l'usuari des d'un equip o domini gestionat pel mateix editor i des del qual es presta el servei sol\u00b7licitat per l'usuari.<\/p>\n<p><\/p>\n<p><\/p>\n<p>- Cookies de tercers: S\u00f3n aquelles que s'envien a l'equip terminal de l'usuari des d'un equip o domini que no l'edita l'editor, sin\u00f3 una altra entitat que tracta les dades obtingudes a trav\u00e9s de les cookies.<\/p>\n<p><\/p>\n<p><\/p>\n<p>b) Segons la finalitat:<\/p>\n<p><\/p>\n<p><\/p>\n<p>\u2013 Cookies necess\u00e0ries: S\u00f3n aquelles que permeten a l'usuari navegar a trav\u00e9s del lloc web i utilitzar les diferents opcions o serveis que hi ha com podria ser controlar el tr\u00e0nsit i comunicaci\u00f3 de dades, realitzar el proc\u00e9s de compra d'una comanda o utilitzar elements de seguretat durant la navegaci\u00f3.<\/p>\n<p><\/p>\n<p><\/p>\n<p>- Cookies de prefer\u00e8ncies: S\u00f3n aquelles que permeten recordar informaci\u00f3 perqu\u00e8 l'usuari accedeixi al servei amb determinades caracter\u00edstiques que poden diferenciar la seva experi\u00e8ncia de la d'altres usuaris, com ara les configuracions de l'usuari respecte a l'idioma, el nombre de resultats a mostrar quan l'usuari realitza una cerca, l'aspecte o el contingut del servei en funci\u00f3 del tipus de navegador a trav\u00e9s del qual l'usuari accedeix al mateix o la configuraci\u00f3 regional.<\/p>\n<p><\/p>\n<p><\/p>\n<p>- Cookies d'estad\u00edstica: S\u00f3n aquelles que permeten fer el seguiment i l'an\u00e0lisi del comportament dels usuaris als llocs web. La informaci\u00f3 recollida mitjan\u00e7ant aquest tipus de cookies s'utilitza per al mesurament de l'activitat dels llocs web, l'aplicaci\u00f3 o la plataforma i per a l'elaboraci\u00f3 de perfils de navegaci\u00f3 dels usuaris d'aquests llocs, amb la finalitat d'introduir millores al servei en funci\u00f3 de les dades d'\u00fas. <\/p>\n<p><\/p>\n<p><\/p>\n<p>\u2013 Cookies m\u00e0rqueting: S\u00f3n aquelles que permeten la gesti\u00f3 efica\u00e7 dels espais publicitaris que s'han incl\u00f2s al lloc web des de la qual es presta el servei. Permeten adequar el contingut de la publicitat perqu\u00e8 sigui rellevant per a l'usuari i per evitar mostrar anuncis que l'usuari ja hagi vist. <\/p>\n<p><\/p>\n<p><\/p>\n<p>- Cookies de publicitat comportamental: S\u00f3n aquelles que permeten la gesti\u00f3, de la manera m\u00e9s efica\u00e7 possible, dels espais publicitaris que, si escau, l'editor hagi incl\u00f2s en un lloc web, aplicaci\u00f3 o plataforma des de la qual presta el servei sol\u00b7licitat. Aquestes cookies emmagatzemen informaci\u00f3 del comportament dels usuaris obtinguda a trav\u00e9s de l'observaci\u00f3 continuada dels seus h\u00e0bits de navegaci\u00f3, cosa que permet desenvolupar un perfil espec\u00edfic per mostrar publicitat en funci\u00f3 d'aquest. <\/p>\n<p><\/p>\n<p><\/p>\n<p>\u2013 Cookies de xarxes socials externes: S\u00f3n aquelles que s'utilitzen perqu\u00e8 els usuaris puguin interactuar amb el contingut de diferents plataformes socials (per exemple, Facebook), i s'utilitzen per aquests tercers per fer publicitat comportamental, l'an\u00e0lisi i el seguiment i la investigaci\u00f3 dels mercats per part del tercer titular de la xarxa social, aix\u00ed com per a finalitats que apareixen en les seves condicions legals.<\/p>\n<p><\/p>\n<p><\/p>\n<p>c) Segons el termini de temps que romanen activades:<\/p>\n<p><\/p>\n<p><\/p>\n<p>\u2013 Cookies de sessi\u00f3: S\u00f3n aquelles dissenyades per demanar i emmagatzemar dades mentre l'usuari accedeix al lloc web. Se solen emprar per emmagatzemar informaci\u00f3 que nom\u00e9s interessa conservar per a la prestaci\u00f3 del servei sol\u00b7licitat per l'usuari en una sola ocasi\u00f3 (per exemple, una llista de productes adquirits) i desapareixen en acabar la sessi\u00f3. <\/p>\n<p><\/p>\n<p><\/p>\n<p>\u2013 Cookies persistents: S\u00f3n aquelles en qu\u00e8 les dades segueixen emmagatzemades al terminal i poden ser accedides i tractades durant un per\u00edode definit pel responsable de la galeta, i que pot anar d'uns minuts a diversos anys.<\/p>\n<p><\/p>\n<p><\/p>\n<h4 class=\"wp-block-heading\">3. Tipus de galetes que utilitza el lloc web i com administrar-les.<\/h4>\n<p><\/p>\n<p> <script id=\"CookieDeclaration\" src=\"https:\/\/consent.cookiebot.com\/76758771-4f08-42e1-834e-b6ac90632437\/cd.js\" type=\"text\/javascript\" async=\"\"><\/script> <\/p>\n<p><\/p>\n<h4 class=\"wp-block-heading\">4. Cookies<\/h4>\n<p><\/p>\n<p><\/p>\n<p>A m\u00e9s, l'usuari t\u00e9 l'opci\u00f3 de permetre, bloquejar o eliminar les cookies instal\u00b7lades al vostre equip mitjan\u00e7ant la configuraci\u00f3 de les opcions del navegador instal\u00b7lat al vostre terminal. Per obtenir m\u00e9s informaci\u00f3, consulteu les instruccions i manuals del vostre navegador per ampliar aquesta informaci\u00f3: <\/p>\n<p><\/p>\n<p><\/p>\n<ul class=\"wp-block-list\"><p><\/p>\n<li><a href=\"https:\/\/support.microsoft.com\/es-es\/help\/17442\/windows-internet-explorer-delete-manage-cookies\" target=\"_blank\" rel=\"noreferrer noopener\">Microsoft Internet Explorer<\/a> .<\/li>\n<p><\/p>\n<p><\/p>\n<li><a href=\"https:\/\/support.mozilla.org\/es\/kb\/impedir-que-los-sitios-web-guarden-sus-preferencia#:~:text=Select%20the%20Privacy%20%26%20Security%20panel%20and%20go%20to%20the%20Cookies,types%20of%20cookies%20to%20block.\" target=\"_blank\" rel=\"noreferrer noopener\">Mozilla Firefox<\/a> .<\/li>\n<p><\/p>\n<p><\/p>\n<li><a href=\"https:\/\/support.apple.com\/es-es\/guide\/safari\/sfri11471\/mac#:~:text=In%20the%20Safari%20app%20on,interact%20with%20the%20trackers'%20websites.\" target=\"_blank\" rel=\"noreferrer noopener\">Apple Safari<\/a> .<\/li>\n<p><\/p>\n<p><\/p>\n<li><a href=\"https:\/\/support.google.com\/chrome\/answer\/95647?co=GENIE.Platform%3DDesktop&amp;hl=es\" target=\"_blank\" rel=\"noreferrer noopener\">Google Chrome<\/a> .<\/li>\n<p><\/p><\/ul>\n<p><\/p><p><\/p>\n<p><\/p>\n<p>No obstant aix\u00f2, la inhabilitaci\u00f3 de les galetes podria modificar el funcionament del lloc web. En cas de bloquejar l'\u00fas de cookies al vostre navegador \u00e9s possible que alguns serveis o funcionalitats del lloc web no estiguin disponibles. <\/p>\n<p><\/p>\n<p><\/p>\n<h4 class=\"wp-block-heading\">5. Actualitzaci\u00f3 de la pol\u00edtica de cookies<\/h4>\n<p><\/p>\n<p><\/p>\n<p>En cas que les caracter\u00edstiques o fins d'\u00fas de les cookies d'aquesta p\u00e0gina web siguin modificades, se us informar\u00e0 sobre aquests canvis per tal de demanar novament el vostre consentiment en aquells casos en qu\u00e8 sigui necessari.<\/p>\n<p><\/p>\n<p><\/p>\n<h4 class=\"wp-block-heading\">6. Informaci\u00f3 addicional sobre el tractament de dades en aquesta p\u00e0gina webs<\/h4>\n<p><\/p>\n<p><\/p>\n<p>Disposa de m\u00e9s informaci\u00f3 sobre els tractaments de les seves dades personals que es realitzen a trav\u00e9s de la p\u00e0gina web per part de SMARTCONTA a la nostra <a href=\"\/politica-de-privacidad\/\" target=\"_blank\" rel=\"noreferrer noopener\">Pol\u00edtica de Privacitat<\/a>. Si t\u00e9 qualsevol dubte sobre el tractament de la seva informaci\u00f3 personal, pot contactar amb el Delegat de Protecci\u00f3 de Dades de SMARTCONTA mitjan\u00e7ant el seg\u00fcent correu electr\u00f2nic <a href=\"mailto:privacy@smartconta.com\">privacy@smartconta.com<\/a> <\/p>\n<p><\/p><\/div><\/div>\n<p><\/p><p><\/p>\n<\/div><\/div><\/div><\/div><\/div><\/div><\/div><\/div>","protected":false},"excerpt":{"rendered":"<p>Pol\u00edtica de Cookies 1. Qu\u00e8 s\u00f3n les galetes? Les cookies s\u00f3n petits paquets de dades que es descarreguen en accedir a la web. En general, aquestes tecnologies poden servir per a finalitats molt diverses, com, per exemple, recon\u00e8ixer-te com a usuari, obtenir informaci\u00f3 sobre els teus h\u00e0bits de navegaci\u00f3, o personalitzar la manera com es [&hellip;]<\/p>\n","protected":false},"author":1,"featured_media":0,"parent":0,"menu_order":0,"comment_status":"closed","ping_status":"closed","template":"","meta":{"_acf_changed":false,"inline_featured_image":false,"footnotes":""},"class_list":["post-5075","page","type-page","status-publish","hentry"],"acf":[],"yoast_head":"<!-- This site is optimized with the Yoast SEO plugin v25.4 - https:\/\/yoast.com\/wordpress\/plugins\/seo\/ -->\n<title>Pol\u00edtica de cookies - Smartconta<\/title>\n<meta name=\"robots\" content=\"index, follow, max-snippet:-1, max-image-preview:large, max-video-preview:-1\" \/>\n<link rel=\"canonical\" href=\"https:\/\/www.smartconta.com\/ca\/politica-de-cookies\/\" \/>\n<meta property=\"og:locale\" content=\"ca_ES\" \/>\n<meta property=\"og:type\" content=\"article\" \/>\n<meta property=\"og:title\" content=\"Pol\u00edtica de cookies - Smartconta\" \/>\n<meta property=\"og:description\" content=\"Pol\u00edtica de Cookies 1. Qu\u00e8 s\u00f3n les galetes? Les cookies s\u00f3n petits paquets de dades que es descarreguen en accedir a la web. En general, aquestes tecnologies poden servir per a finalitats molt diverses, com, per exemple, recon\u00e8ixer-te com a usuari, obtenir informaci\u00f3 sobre els teus h\u00e0bits de navegaci\u00f3, o personalitzar la manera com es [&hellip;]\" \/>\n<meta property=\"og:url\" content=\"https:\/\/www.smartconta.com\/ca\/politica-de-cookies\/\" \/>\n<meta property=\"og:site_name\" content=\"Smartconta\" \/>\n<meta property=\"article:modified_time\" content=\"2025-08-29T07:02:25+00:00\" \/>\n<meta name=\"twitter:card\" content=\"summary_large_image\" \/>\n<meta name=\"twitter:label1\" content=\"Temps estimat de lectura\" \/>\n\t<meta name=\"twitter:data1\" content=\"5 minuts\" \/>\n<script type=\"application\/ld+json\" class=\"yoast-schema-graph\">{\"@context\":\"https:\/\/schema.org\",\"@graph\":[{\"@type\":\"WebPage\",\"@id\":\"https:\/\/www.smartconta.com\/ca\/politica-de-cookies\/\",\"url\":\"https:\/\/www.smartconta.com\/ca\/politica-de-cookies\/\",\"name\":\"Pol\u00edtica de cookies - Smartconta\",\"isPartOf\":{\"@id\":\"https:\/\/www.smartconta.com\/ca\/#website\"},\"datePublished\":\"2022-11-17T07:42:50+00:00\",\"dateModified\":\"2025-08-29T07:02:25+00:00\",\"breadcrumb\":{\"@id\":\"https:\/\/www.smartconta.com\/ca\/politica-de-cookies\/#breadcrumb\"},\"inLanguage\":\"ca\",\"potentialAction\":[{\"@type\":\"ReadAction\",\"target\":[\"https:\/\/www.smartconta.com\/ca\/politica-de-cookies\/\"]}]},{\"@type\":\"BreadcrumbList\",\"@id\":\"https:\/\/www.smartconta.com\/ca\/politica-de-cookies\/#breadcrumb\",\"itemListElement\":[{\"@type\":\"ListItem\",\"position\":1,\"name\":\"Portada\",\"item\":\"https:\/\/www.smartconta.com\/ca\/?faq_reutilizable=home-faqs\"},{\"@type\":\"ListItem\",\"position\":2,\"name\":\"Pol\u00edtica de cookies\"}]},{\"@type\":\"WebSite\",\"@id\":\"https:\/\/www.smartconta.com\/ca\/#website\",\"url\":\"https:\/\/www.smartconta.com\/ca\/\",\"name\":\"Smartconta\",\"description\":\"\",\"potentialAction\":[{\"@type\":\"SearchAction\",\"target\":{\"@type\":\"EntryPoint\",\"urlTemplate\":\"https:\/\/www.smartconta.com\/ca\/?s={search_term_string}\"},\"query-input\":{\"@type\":\"PropertyValueSpecification\",\"valueRequired\":true,\"valueName\":\"search_term_string\"}}],\"inLanguage\":\"ca\"}]}<\/script>\n<!-- \/ Yoast SEO plugin. -->","yoast_head_json":{"title":"Pol\u00edtica de cookies - Smartconta","robots":{"index":"index","follow":"follow","max-snippet":"max-snippet:-1","max-image-preview":"max-image-preview:large","max-video-preview":"max-video-preview:-1"},"canonical":"https:\/\/www.smartconta.com\/ca\/politica-de-cookies\/","og_locale":"ca_ES","og_type":"article","og_title":"Pol\u00edtica de cookies - Smartconta","og_description":"Pol\u00edtica de Cookies 1. Qu\u00e8 s\u00f3n les galetes? Les cookies s\u00f3n petits paquets de dades que es descarreguen en accedir a la web. En general, aquestes tecnologies poden servir per a finalitats molt diverses, com, per exemple, recon\u00e8ixer-te com a usuari, obtenir informaci\u00f3 sobre els teus h\u00e0bits de navegaci\u00f3, o personalitzar la manera com es [&hellip;]","og_url":"https:\/\/www.smartconta.com\/ca\/politica-de-cookies\/","og_site_name":"Smartconta","article_modified_time":"2025-08-29T07:02:25+00:00","twitter_card":"summary_large_image","twitter_misc":{"Temps estimat de lectura":"5 minuts"},"schema":{"@context":"https:\/\/schema.org","@graph":[{"@type":"WebPage","@id":"https:\/\/www.smartconta.com\/ca\/politica-de-cookies\/","url":"https:\/\/www.smartconta.com\/ca\/politica-de-cookies\/","name":"Pol\u00edtica de cookies - Smartconta","isPartOf":{"@id":"https:\/\/www.smartconta.com\/ca\/#website"},"datePublished":"2022-11-17T07:42:50+00:00","dateModified":"2025-08-29T07:02:25+00:00","breadcrumb":{"@id":"https:\/\/www.smartconta.com\/ca\/politica-de-cookies\/#breadcrumb"},"inLanguage":"ca","potentialAction":[{"@type":"ReadAction","target":["https:\/\/www.smartconta.com\/ca\/politica-de-cookies\/"]}]},{"@type":"BreadcrumbList","@id":"https:\/\/www.smartconta.com\/ca\/politica-de-cookies\/#breadcrumb","itemListElement":[{"@type":"ListItem","position":1,"name":"Portada","item":"https:\/\/www.smartconta.com\/ca\/?faq_reutilizable=home-faqs"},{"@type":"ListItem","position":2,"name":"Pol\u00edtica de cookies"}]},{"@type":"WebSite","@id":"https:\/\/www.smartconta.com\/ca\/#website","url":"https:\/\/www.smartconta.com\/ca\/","name":"Smartconta","description":"","potentialAction":[{"@type":"SearchAction","target":{"@type":"EntryPoint","urlTemplate":"https:\/\/www.smartconta.com\/ca\/?s={search_term_string}"},"query-input":{"@type":"PropertyValueSpecification","valueRequired":true,"valueName":"search_term_string"}}],"inLanguage":"ca"}]}},"_links":{"self":[{"href":"https:\/\/www.smartconta.com\/ca\/wp-json\/wp\/v2\/pages\/5075","targetHints":{"allow":["GET"]}}],"collection":[{"href":"https:\/\/www.smartconta.com\/ca\/wp-json\/wp\/v2\/pages"}],"about":[{"href":"https:\/\/www.smartconta.com\/ca\/wp-json\/wp\/v2\/types\/page"}],"author":[{"embeddable":true,"href":"https:\/\/www.smartconta.com\/ca\/wp-json\/wp\/v2\/users\/1"}],"replies":[{"embeddable":true,"href":"https:\/\/www.smartconta.com\/ca\/wp-json\/wp\/v2\/comments?post=5075"}],"version-history":[{"count":14,"href":"https:\/\/www.smartconta.com\/ca\/wp-json\/wp\/v2\/pages\/5075\/revisions"}],"predecessor-version":[{"id":5666,"href":"https:\/\/www.smartconta.com\/ca\/wp-json\/wp\/v2\/pages\/5075\/revisions\/5666"}],"wp:attachment":[{"href":"https:\/\/www.smartconta.com\/ca\/wp-json\/wp\/v2\/media?parent=5075"}],"curies":[{"name":"wp","href":"https:\/\/api.w.org\/{rel}","templated":true}]}}