{"id":5105,"date":"2025-07-01T16:25:11","date_gmt":"2025-07-01T14:25:11","guid":{"rendered":"https:\/\/www.smartconta.com\/canal-de-denuncies\/"},"modified":"2025-10-13T09:48:39","modified_gmt":"2025-10-13T07:48:39","slug":"canal-de-denuncies","status":"publish","type":"page","link":"https:\/\/www.smartconta.com\/ca\/canal-de-denuncies\/","title":{"rendered":"Canal de Den\u00fancies"},"content":{"rendered":"<div class=\"vce-row-container\" id=\"hero_default\"><div class=\"vce-row vce-element--has-background vce-row--col-gap-30 vce-row-equal-height vce-row-content--middle\" data-vce-full-width=\"true\" id=\"el-f185315f\" data-vce-do-apply=\"all el-f185315f\"><div class=\"vce-content-background-container\"><\/div><div class=\"vce-row-content\" data-vce-element-content=\"true\"><div class=\"vce-col vce-col--md-auto vce-col--xs-1 vce-col--xs-last vce-col--xs-first vce-col--sm-last vce-col--sm-first vce-col--md-last vce-col--lg-last vce-col--xl-last vce-col--md-first vce-col--lg-first vce-col--xl-first\" id=\"el-b3f06cb5\"><div class=\"vce-col-inner\" data-vce-do-apply=\"border margin background  el-b3f06cb5\"><div class=\"vce-col-content\" data-vce-element-content=\"true\" data-vce-do-apply=\"padding el-b3f06cb5\"><div class=\"vce-single-image-container vce-single-image--align-left\"><div class=\"vce vce-single-image-wrapper\" id=\"el-e8862027\" data-vce-do-apply=\"all el-e8862027\"><figure><div class=\"vce-single-image-figure-inner\" style=\"width: 222px;\"><div class=\"vce-single-image-inner vce-single-image--absolute\" style=\"width: 100%; padding-bottom: 20.7207%;\"><img loading=\"lazy\" decoding=\"async\" class=\"vce-single-image\"  width=\"222\" height=\"46\" src=\"\/wp-content\/uploads\/2025\/07\/smartconta_color.svg\" data-img-src=\"\/wp-content\/uploads\/2025\/07\/smartconta_color.svg\" data-attachment-id=\"5081\"  alt=\"\" title=\"smartconta_color\" \/><\/div><\/div><figcaption hidden=\"\"><\/figcaption><\/figure><\/div><\/div><div class=\"vce-text-block pre-title\"><div class=\"vce-text-block-wrapper vce\" id=\"el-e7d249a7\" data-vce-do-apply=\"all el-e7d249a7\"><p>Sistema Intern d'Informaci\u00f3 de Smartconta<\/p><\/div><\/div><div class=\"vce-text-block\"><div class=\"vce-text-block-wrapper vce\" id=\"el-225f2312\" data-vce-do-apply=\"all el-225f2312\"><h1>Canal de den\u00fancies<\/h1><\/div><\/div><\/div><\/div><\/div><\/div><\/div><\/div><div class=\"vce-row-container\" id=\"documents\" data-vce-boxed-width=\"true\"><div class=\"vce-row vce-row--col-gap-30 vce-row-equal-height vce-row-content--top\" id=\"el-779ca15f\" data-vce-do-apply=\"all el-779ca15f\"><div class=\"vce-content-background-container\"><\/div><div class=\"vce-row-content\" data-vce-element-content=\"true\"><div class=\"vce-col vce-col--md-auto vce-col--xs-1 vce-col--xs-last vce-col--xs-first vce-col--sm-last vce-col--sm-first vce-col--md-last vce-col--lg-last vce-col--xl-last vce-col--md-first vce-col--lg-first vce-col--xl-first\" id=\"el-86110f6c\"><div class=\"vce-col-inner\" data-vce-do-apply=\"border margin background  el-86110f6c\"><div class=\"vce-content-background-container\"><\/div><div class=\"vce-col-content\" data-vce-element-content=\"true\" data-vce-do-apply=\"padding el-86110f6c\"><div class=\"vce-text-block\"><div class=\"vce-text-block-wrapper vce\" id=\"el-7c6eec0a\" data-vce-do-apply=\"all el-7c6eec0a\"><p>Aquest sistema intern d'informaci\u00f3 s'ha habilitat perqu\u00e8 qualsevol persona pugui comunicar, de manera confidencial i segura, possibles irregularitats, infraccions o incompliments normatius comesos al si de la nostra organitzaci\u00f3.<\/p><p>L'objectiu del Sistema Intern d'Informaci\u00f3 \u00e9s garantir la protecci\u00f3 de l'informant i fomentar una cultura de compliment \u00e8tic i legal a l'organitzaci\u00f3. Pots presentar la teva den\u00fancia identificant-te com a denunciant, o optar per realitzar la teva comunicaci\u00f3 de forma an\u00f2nima, si aix\u00ed ho desitges, en aquest cas, has de seleccionar l'opci\u00f3 corresponent \u201cPresentar den\u00fancia an\u00f2nima\u201d durant el proc\u00e9s, i no et sol\u00b7licitaran dades identificatives.   <\/p><p>En qualsevol dels dos casos, la den\u00fancia ser\u00e0 gestionada exclusivament pel responsable del Sistema Intern d'Informaci\u00f3, amb garanties plenes de confidencialitat i respecte als teus drets. En cap cas la persona denunciada ser\u00e0 informada de la teva identitat, encara que hagis decidit identificar-te. <\/p><p>El Sistema Intern d'Informaci\u00f3 compleix el que preveu la Llei 2\/2023, de 20 de febrer, reguladora de la protecci\u00f3 de les persones que informin sobre infraccions normatives i de lluita contra la corrupci\u00f3.<\/p><p>Podeu consultar m\u00e9s informaci\u00f3 a la nostra Pol\u00edtica del Sistema Intern d'Informaci\u00f3.  <\/p><h2>Informaci\u00f3 que pots incloure (i la que no):<\/h2><p>Utilitza aquest canal \u00fanicament per informar sobre fets que puguin constituir:<\/p><ul><li>Infraccions del dret de la Uni\u00f3 o de l'ordenament jur\u00eddic espanyol<\/li><li>Conductes contr\u00e0ries al Codi \u00c8tic o pol\u00edtiques internes de Smartconta<\/li><li>Actes de corrupci\u00f3, frau, conflictes dinter\u00e8s, assetjament, discriminaci\u00f3, etc.<\/li><\/ul><p>Aquest canal no est\u00e0 destinat a la gesti\u00f3 de consultes, reclamacions comercials o incid\u00e8ncies al servei prestat per Smartconta, les quals s'han de remetre per mitj\u00e0 del nostre formulari de contacte ( <a href=\"https:\/\/www.smartconta.com\/ca\/contacte\/\">https:\/\/www.smartconta.com\/contacto\/<\/a> ).<\/p><p><br>Tampoc no s'ha d'utilitzar:<\/p><ul><li>Per comunicar assumptes personals o laborals sense relaci\u00f3 amb infraccions legals o normatives.<\/li><li>Per a la sol\u00b7licitud d'exercici de drets relatius a la protecci\u00f3 de dades, que cal enviar a <a href=\"mailto:privacy@smartconta.com\">privacy@smartconta.com<\/a> .  <\/li><\/ul><p>Si rebem comunicacions d'aquestes naturaleses, seran trameses al canal corresponent i arxivades sense tramitar-se com a den\u00fancia.<\/p><p>A continuaci\u00f3, podeu consultar la nostra Pol\u00edtica del SII o accedir directament al formulari de comunicaci\u00f3.<\/p><p> <\/p><\/div><\/div><\/div><\/div><\/div><\/div><\/div><\/div><div class=\"vce-row-container\" id=\"option-selector\" data-vce-boxed-width=\"true\"><div class=\"vce-row vce-row--col-gap-30 vce-row-equal-height vce-row-content--top\" id=\"el-15daa204\" data-vce-do-apply=\"all el-15daa204\"><div class=\"vce-content-background-container\"><\/div><div class=\"vce-row-content\" data-vce-element-content=\"true\"><div class=\"vce-col vce-col--md-auto vce-col--xs-1 vce-col--xs-last vce-col--xs-first vce-col--sm-last vce-col--sm-first vce-col--md-last vce-col--lg-last vce-col--xl-last vce-col--md-first vce-col--lg-first vce-col--xl-first\" id=\"el-90499a23\"><div class=\"vce-col-inner\" data-vce-do-apply=\"border margin background  el-90499a23\" id=\"files-download\"><div class=\"vce-col-content\" data-vce-element-content=\"true\" data-vce-do-apply=\"padding el-90499a23\"><div class=\"vce-feature-description vce icon_descrition\" id=\"el-6fe9d10c\" data-vce-do-apply=\"all el-6fe9d10c\"><div><div class=\"vce-feature-description-image-wrapper vce-feature-description-image-align--center\" style=\"width: 50px; height: 50px;\"><div class=\"vce-feature-description-image vce-features-shape--filled-square vce-feature-description-image--background-position-center-center\" style=\"background-image: url('\/wp-content\/uploads\/2025\/06\/scroll-text.svg'); padding: unset; width: 50px; height: 50px;\"><\/div><\/div><div class=\"vce-feature-description-content\"><p><a href=\"https:\/\/www.smartconta.com\/wp-content\/uploads\/2025\/10\/Smartconta-Protocolo-Sistema-Interno-de-Informacion-SII-Resumen-para-WEB-METv2.pdf\" target=\"_blank\" rel=\"noopener\">Veure pol\u00edtica del sistema intern d'informaci\u00f3<\/a><\/p><\/div><div class=\"\"><\/div><\/div><\/div><div class=\"vce-feature-description vce icon_descrition\" id=\"el-dad38458\" data-vce-do-apply=\"all el-dad38458\"><div><div class=\"vce-feature-description-image-wrapper vce-feature-description-image-align--center\" style=\"width: 50px; height: 50px;\"><div class=\"vce-feature-description-image vce-features-shape--filled-square vce-feature-description-image--background-position-center-center\" style=\"background-image: url('\/wp-content\/uploads\/2025\/07\/angry.svg'); padding: unset; width: 50px; height: 50px;\"><\/div><\/div><div class=\"vce-feature-description-content\"><p><a href=\"https:\/\/www.smartconta.com\/canal-de-denuncias\/presentar-denuncia\/\">Presentar den\u00fancia<\/a><\/p><\/div><div class=\"\"><\/div><\/div><\/div><\/div><\/div><\/div><\/div><\/div><\/div><div class=\"vce-row-container\" data-vce-boxed-width=\"true\"><div class=\"vce-row vce-row--col-gap-30 vce-row-equal-height vce-row-content--top\" id=\"el-7aa00883\" data-vce-do-apply=\"all el-7aa00883\"><div class=\"vce-row-content\" data-vce-element-content=\"true\"><div class=\"vce-col vce-col--md-auto vce-col--xs-1 vce-col--xs-last vce-col--xs-first vce-col--sm-last vce-col--sm-first vce-col--md-last vce-col--lg-last vce-col--xl-last vce-col--md-first vce-col--lg-first vce-col--xl-first\" id=\"el-82d5aa69\"><div class=\"vce-col-inner\" data-vce-do-apply=\"border margin background  el-82d5aa69\"><div class=\"vce-col-content\" data-vce-element-content=\"true\" data-vce-do-apply=\"padding el-82d5aa69\"><div class=\"vce-raw-js-container\"><div class=\"vce-raw-js-wrapper\" id=\"el-2a563227\" data-vce-do-apply=\"all el-2a563227\"><script type=\"text\/javascript\">document.addEventListener(\"DOMContentLoaded\", function () {\n  const elements = document.querySelectorAll(\".icon_descrition\");\n\n  elements.forEach(function (el) {\n    const link = el.querySelector(\"a\");\n    if (link) {\n      el.style.cursor = \"pointer\";\n      el.addEventListener(\"click\", function () {\n        window.location.href = link.href;\n      });\n    }\n  });\n});<\/script><\/div><\/div><\/div><\/div><\/div><\/div><\/div><\/div>","protected":false},"excerpt":{"rendered":"<p>Sistema Intern d&#8217;Informaci\u00f3 de SmartcontaCanal de den\u00fanciesAquest sistema intern d&#8217;informaci\u00f3 s&#8217;ha habilitat perqu\u00e8 qualsevol persona pugui comunicar, de manera confidencial i segura, possibles irregularitats, infraccions o incompliments normatius comesos al si de la nostra organitzaci\u00f3.L&#8217;objectiu del Sistema Intern d&#8217;Informaci\u00f3 \u00e9s garantir la protecci\u00f3 de l&#8217;informant i fomentar una cultura de compliment \u00e8tic i legal a [&hellip;]<\/p>\n","protected":false},"author":2,"featured_media":0,"parent":0,"menu_order":0,"comment_status":"closed","ping_status":"closed","template":"","meta":{"_acf_changed":false,"inline_featured_image":false,"footnotes":""},"class_list":["post-5105","page","type-page","status-publish","hentry"],"acf":[],"yoast_head":"<!-- This site is optimized with the Yoast SEO plugin v25.4 - https:\/\/yoast.com\/wordpress\/plugins\/seo\/ -->\n<title>Canal de Den\u00fancies - Smartconta<\/title>\n<meta name=\"robots\" content=\"index, follow, max-snippet:-1, max-image-preview:large, max-video-preview:-1\" \/>\n<link rel=\"canonical\" href=\"https:\/\/www.smartconta.com\/ca\/canal-de-denuncies\/\" \/>\n<meta property=\"og:locale\" content=\"ca_ES\" \/>\n<meta property=\"og:type\" content=\"article\" \/>\n<meta property=\"og:title\" content=\"Canal de Den\u00fancies - Smartconta\" \/>\n<meta property=\"og:description\" content=\"Sistema Intern d&#039;Informaci\u00f3 de SmartcontaCanal de den\u00fanciesAquest sistema intern d&#039;informaci\u00f3 s&#039;ha habilitat perqu\u00e8 qualsevol persona pugui comunicar, de manera confidencial i segura, possibles irregularitats, infraccions o incompliments normatius comesos al si de la nostra organitzaci\u00f3.L&#039;objectiu del Sistema Intern d&#039;Informaci\u00f3 \u00e9s garantir la protecci\u00f3 de l&#039;informant i fomentar una cultura de compliment \u00e8tic i legal a [&hellip;]\" \/>\n<meta property=\"og:url\" content=\"https:\/\/www.smartconta.com\/ca\/canal-de-denuncies\/\" \/>\n<meta property=\"og:site_name\" content=\"Smartconta\" \/>\n<meta property=\"article:modified_time\" content=\"2025-10-13T07:48:39+00:00\" \/>\n<meta name=\"twitter:card\" content=\"summary_large_image\" \/>\n<meta name=\"twitter:label1\" content=\"Temps estimat de lectura\" \/>\n\t<meta name=\"twitter:data1\" content=\"2 minuts\" \/>\n<script type=\"application\/ld+json\" class=\"yoast-schema-graph\">{\"@context\":\"https:\/\/schema.org\",\"@graph\":[{\"@type\":\"WebPage\",\"@id\":\"https:\/\/www.smartconta.com\/ca\/canal-de-denuncies\/\",\"url\":\"https:\/\/www.smartconta.com\/ca\/canal-de-denuncies\/\",\"name\":\"Canal de Den\u00fancies - Smartconta\",\"isPartOf\":{\"@id\":\"https:\/\/www.smartconta.com\/ca\/#website\"},\"datePublished\":\"2025-07-01T14:25:11+00:00\",\"dateModified\":\"2025-10-13T07:48:39+00:00\",\"breadcrumb\":{\"@id\":\"https:\/\/www.smartconta.com\/ca\/canal-de-denuncies\/#breadcrumb\"},\"inLanguage\":\"ca\",\"potentialAction\":[{\"@type\":\"ReadAction\",\"target\":[\"https:\/\/www.smartconta.com\/ca\/canal-de-denuncies\/\"]}]},{\"@type\":\"BreadcrumbList\",\"@id\":\"https:\/\/www.smartconta.com\/ca\/canal-de-denuncies\/#breadcrumb\",\"itemListElement\":[{\"@type\":\"ListItem\",\"position\":1,\"name\":\"Portada\",\"item\":\"https:\/\/www.smartconta.com\/ca\/?faq_reutilizable=home-faqs\"},{\"@type\":\"ListItem\",\"position\":2,\"name\":\"Canal de Den\u00fancies\"}]},{\"@type\":\"WebSite\",\"@id\":\"https:\/\/www.smartconta.com\/ca\/#website\",\"url\":\"https:\/\/www.smartconta.com\/ca\/\",\"name\":\"Smartconta\",\"description\":\"\",\"potentialAction\":[{\"@type\":\"SearchAction\",\"target\":{\"@type\":\"EntryPoint\",\"urlTemplate\":\"https:\/\/www.smartconta.com\/ca\/?s={search_term_string}\"},\"query-input\":{\"@type\":\"PropertyValueSpecification\",\"valueRequired\":true,\"valueName\":\"search_term_string\"}}],\"inLanguage\":\"ca\"}]}<\/script>\n<!-- \/ Yoast SEO plugin. -->","yoast_head_json":{"title":"Canal de Den\u00fancies - Smartconta","robots":{"index":"index","follow":"follow","max-snippet":"max-snippet:-1","max-image-preview":"max-image-preview:large","max-video-preview":"max-video-preview:-1"},"canonical":"https:\/\/www.smartconta.com\/ca\/canal-de-denuncies\/","og_locale":"ca_ES","og_type":"article","og_title":"Canal de Den\u00fancies - Smartconta","og_description":"Sistema Intern d'Informaci\u00f3 de SmartcontaCanal de den\u00fanciesAquest sistema intern d'informaci\u00f3 s'ha habilitat perqu\u00e8 qualsevol persona pugui comunicar, de manera confidencial i segura, possibles irregularitats, infraccions o incompliments normatius comesos al si de la nostra organitzaci\u00f3.L'objectiu del Sistema Intern d'Informaci\u00f3 \u00e9s garantir la protecci\u00f3 de l'informant i fomentar una cultura de compliment \u00e8tic i legal a [&hellip;]","og_url":"https:\/\/www.smartconta.com\/ca\/canal-de-denuncies\/","og_site_name":"Smartconta","article_modified_time":"2025-10-13T07:48:39+00:00","twitter_card":"summary_large_image","twitter_misc":{"Temps estimat de lectura":"2 minuts"},"schema":{"@context":"https:\/\/schema.org","@graph":[{"@type":"WebPage","@id":"https:\/\/www.smartconta.com\/ca\/canal-de-denuncies\/","url":"https:\/\/www.smartconta.com\/ca\/canal-de-denuncies\/","name":"Canal de Den\u00fancies - Smartconta","isPartOf":{"@id":"https:\/\/www.smartconta.com\/ca\/#website"},"datePublished":"2025-07-01T14:25:11+00:00","dateModified":"2025-10-13T07:48:39+00:00","breadcrumb":{"@id":"https:\/\/www.smartconta.com\/ca\/canal-de-denuncies\/#breadcrumb"},"inLanguage":"ca","potentialAction":[{"@type":"ReadAction","target":["https:\/\/www.smartconta.com\/ca\/canal-de-denuncies\/"]}]},{"@type":"BreadcrumbList","@id":"https:\/\/www.smartconta.com\/ca\/canal-de-denuncies\/#breadcrumb","itemListElement":[{"@type":"ListItem","position":1,"name":"Portada","item":"https:\/\/www.smartconta.com\/ca\/?faq_reutilizable=home-faqs"},{"@type":"ListItem","position":2,"name":"Canal de Den\u00fancies"}]},{"@type":"WebSite","@id":"https:\/\/www.smartconta.com\/ca\/#website","url":"https:\/\/www.smartconta.com\/ca\/","name":"Smartconta","description":"","potentialAction":[{"@type":"SearchAction","target":{"@type":"EntryPoint","urlTemplate":"https:\/\/www.smartconta.com\/ca\/?s={search_term_string}"},"query-input":{"@type":"PropertyValueSpecification","valueRequired":true,"valueName":"search_term_string"}}],"inLanguage":"ca"}]}},"_links":{"self":[{"href":"https:\/\/www.smartconta.com\/ca\/wp-json\/wp\/v2\/pages\/5105","targetHints":{"allow":["GET"]}}],"collection":[{"href":"https:\/\/www.smartconta.com\/ca\/wp-json\/wp\/v2\/pages"}],"about":[{"href":"https:\/\/www.smartconta.com\/ca\/wp-json\/wp\/v2\/types\/page"}],"author":[{"embeddable":true,"href":"https:\/\/www.smartconta.com\/ca\/wp-json\/wp\/v2\/users\/2"}],"replies":[{"embeddable":true,"href":"https:\/\/www.smartconta.com\/ca\/wp-json\/wp\/v2\/comments?post=5105"}],"version-history":[{"count":4,"href":"https:\/\/www.smartconta.com\/ca\/wp-json\/wp\/v2\/pages\/5105\/revisions"}],"predecessor-version":[{"id":7203,"href":"https:\/\/www.smartconta.com\/ca\/wp-json\/wp\/v2\/pages\/5105\/revisions\/7203"}],"wp:attachment":[{"href":"https:\/\/www.smartconta.com\/ca\/wp-json\/wp\/v2\/media?parent=5105"}],"curies":[{"name":"wp","href":"https:\/\/api.w.org\/{rel}","templated":true}]}}