{"id":5107,"date":"2025-07-01T20:23:10","date_gmt":"2025-07-01T18:23:10","guid":{"rendered":"https:\/\/www.smartconta.com\/canal-de-denuncies\/presentar-denuncia\/"},"modified":"2025-07-17T11:50:17","modified_gmt":"2025-07-17T09:50:17","slug":"presentar-denuncia","status":"publish","type":"page","link":"https:\/\/www.smartconta.com\/ca\/canal-de-denuncies\/presentar-denuncia\/","title":{"rendered":"Presentar den\u00fancia"},"content":{"rendered":"<div class=\"vce-row-container\" id=\"hero_default\"><div class=\"vce-row vce-element--has-background vce-row--col-gap-30 vce-row-equal-height vce-row-content--middle\" data-vce-full-width=\"true\" id=\"el-f185315f\" data-vce-do-apply=\"all el-f185315f\"><div class=\"vce-content-background-container\"><\/div><div class=\"vce-row-content\" data-vce-element-content=\"true\"><div class=\"vce-col vce-col--md-auto vce-col--xs-1 vce-col--xs-last vce-col--xs-first vce-col--sm-last vce-col--sm-first vce-col--md-last vce-col--lg-last vce-col--xl-last vce-col--md-first vce-col--lg-first vce-col--xl-first\" id=\"el-b3f06cb5\"><div class=\"vce-col-inner\" data-vce-do-apply=\"border margin background  el-b3f06cb5\"><div class=\"vce-col-content\" data-vce-element-content=\"true\" data-vce-do-apply=\"padding el-b3f06cb5\"><div class=\"vce-text-block pre-title\"><div class=\"vce-text-block-wrapper vce\" id=\"el-e7d249a7\" data-vce-do-apply=\"all el-e7d249a7\"><p>Canal de den\u00fancies<\/p><\/div><\/div><div class=\"vce-text-block\"><div class=\"vce-text-block-wrapper vce\" id=\"el-225f2312\" data-vce-do-apply=\"all el-225f2312\"><h1>Presentar den\u00fancia<\/h1><\/div><\/div><\/div><\/div><\/div><\/div><\/div><\/div><div class=\"vce-row-container\" data-vce-boxed-width=\"true\"><div class=\"vce-row vce-row--col-gap-30 vce-row-equal-height vce-row-content--top\" id=\"el-a8a0f2bc\" data-vce-do-apply=\"all el-a8a0f2bc\"><div class=\"vce-content-background-container\"><\/div><div class=\"vce-row-content\" data-vce-element-content=\"true\"><div class=\"vce-col vce-col--md-auto vce-col--xs-1 vce-col--xs-last vce-col--xs-first vce-col--sm-last vce-col--sm-first vce-col--md-last vce-col--lg-last vce-col--xl-last vce-col--md-first vce-col--lg-first vce-col--xl-first\" id=\"el-346c222d\"><div class=\"vce-col-inner\" data-vce-do-apply=\"border margin background  el-346c222d\"><div class=\"vce-col-content\" data-vce-element-content=\"true\" data-vce-do-apply=\"padding el-346c222d\"><div class=\"vce-row-container\" data-vce-boxed-width=\"true\"><div class=\"vce-row vce-row--col-gap-30 vce-row-equal-height vce-row-content--top\" id=\"el-171899f3\" data-vce-do-apply=\"all el-171899f3\"><div class=\"vce-row-content\" data-vce-element-content=\"true\"><div class=\"vce-col vce-col--md-auto vce-col--xs-1 vce-col--xs-last vce-col--xs-first vce-col--sm-last vce-col--sm-first vce-col--md-last vce-col--lg-last vce-col--xl-last vce-col--md-first vce-col--lg-first vce-col--xl-first\" id=\"el-79cfedc1\"><div class=\"vce-col-inner\" data-vce-do-apply=\"border margin background  el-79cfedc1\"><div class=\"vce-col-content\" data-vce-element-content=\"true\" data-vce-do-apply=\"padding el-79cfedc1\"><div class=\"vce-classic-tabs vce vce-classic-tabs-align--left vce-classic-tabs-border-color--D8D8D8\" id=\"el-1c2317ae\" data-vce-do-apply=\"all el-1c2317ae\" data-active-tab=\"1\"><div class=\"vce-classic-tabs-inner\"><div class=\"vce-classic-tabs-container\"><div class=\"vce-classic-tabs-list\" role=\"tablist\" aria-label=\"Classic Tabs\"><div class=\"vce-classic-tabs-tab\" data-vce-target-model-id=\"bf049e1c\" data-vce-classic-tab=\"true\"><a class=\"vce-classic-tabs-tab-title\" data-vce-use-cache=\"false\" data-vce-classic-tabs=\"true\" data-vce-target=\"[data-model-id=bf049e1c]\" data-vce-container=\".vce-classic-tabs-inner\" href=\"#el-bf049e1c\" role=\"tab\" aria-selected=\"true\" aria-controls=\"el-bf049e1c\" id=\"tab-bf049e1c\">Den\u00fancia identificada<\/a><\/div><div class=\"vce-classic-tabs-tab\" data-vce-target-model-id=\"a81dc1a3\" data-vce-classic-tab=\"true\"><a class=\"vce-classic-tabs-tab-title\" data-vce-use-cache=\"false\" data-vce-classic-tabs=\"true\" data-vce-target=\"[data-model-id=a81dc1a3]\" data-vce-container=\".vce-classic-tabs-inner\" href=\"#el-a81dc1a3\" role=\"tab\" aria-selected=\"false\" aria-controls=\"el-a81dc1a3\" id=\"tab-a81dc1a3\">Den\u00fancia an\u00f2nima<\/a><\/div><\/div><\/div><div class=\"vce-classic-tabs-panels-container\"><div class=\"vce-classic-tabs-panels\"><div class=\"vce-classic-tabs-panel\" id=\"el-bf049e1c\" data-model-id=\"bf049e1c\" data-vce-content=\".vce-classic-tabs-panel-body\"><div class=\"vce-classic-tabs-tab-inner\"><div class=\"vce-classic-tabs-panel-heading\"><a class=\"vce-classic-tabs-panel-title\" href=\"#el-bf049e1c\" data-vce-target=\"[data-model-id=bf049e1c]\" data-vce-use-cache=\"false\" data-vce-classic-accordion=\"\" data-vce-container=\".vce-classic-tabs-inner\" role=\"tab\" aria-selected=\"true\" aria-controls=\"el-bf049e1c\" id=\"accordion-bf049e1c\"><span>Den\u00fancia identificada<\/span><\/a><\/div><div class=\"vce-classic-tabs-panel-body\" role=\"tabpanel\" aria-labelledby=\"tab-bf049e1c accordion-bf049e1c\" data-vce-do-apply=\"all el-bf049e1c\"><div class=\"vce-classic-tabs-element-container\" data-js-panel-body=\"\"><div id=\"el-1164a4b8\" class=\"vce-contact-form-7--align-left\"><div class=\"vce vce-contact-form-7\" data-vce-do-apply=\"all el-1164a4b8\">\n<div class=\"wpcf7 no-js\" id=\"wpcf7-f5130-o1\" lang=\"ca\" dir=\"ltr\" data-wpcf7-id=\"5130\">\n<div class=\"screen-reader-response\"><p role=\"status\" aria-live=\"polite\" aria-atomic=\"true\"><\/p> <ul><\/ul><\/div>\n<form action=\"\/ca\/wp-json\/wp\/v2\/pages\/5107#wpcf7-f5130-o1\" method=\"post\" class=\"wpcf7-form init\" aria-label=\"Formulari de contacte\" enctype=\"multipart\/form-data\" novalidate=\"novalidate\" data-status=\"init\">\n<fieldset class=\"hidden-fields-container\"><input type=\"hidden\" name=\"_wpcf7\" value=\"5130\" \/><input type=\"hidden\" name=\"_wpcf7_version\" value=\"6.1\" \/><input type=\"hidden\" name=\"_wpcf7_locale\" value=\"ca\" \/><input type=\"hidden\" name=\"_wpcf7_unit_tag\" value=\"wpcf7-f5130-o1\" \/><input type=\"hidden\" name=\"_wpcf7_container_post\" value=\"0\" \/><input type=\"hidden\" name=\"_wpcf7_posted_data_hash\" value=\"\" \/><input type=\"hidden\" name=\"_wpcf7_recaptcha_response\" value=\"\" \/>\n<\/fieldset>\n<div class=\"form-grid\" id=\"no_name\">\n\t<div class=\"col-span-12\">\n\t\t<h2>Dades de l'informant\n\t\t<\/h2>\n\t\t<div>\n\t\t\t<div class=\"col-span-12\">\n\t\t\t\t<p><span class=\"wpcf7-form-control-wrap\" data-name=\"nom\"><input size=\"40\" maxlength=\"400\" class=\"wpcf7-form-control wpcf7-text wpcf7-validates-as-required\" aria-required=\"true\" aria-invalid=\"false\" placeholder=\"Nom i cognoms*\" value=\"\" type=\"text\" name=\"nom\" \/><\/span>\n\t\t\t\t<\/p>\n\t\t\t<\/div>\n\t\t\t<div class=\"col-span-6\">\n\t\t\t\t<p><span class=\"wpcf7-form-control-wrap\" data-name=\"email\"><input size=\"40\" maxlength=\"400\" class=\"wpcf7-form-control wpcf7-email wpcf7-validates-as-required wpcf7-text wpcf7-validates-as-email\" aria-required=\"true\" aria-invalid=\"false\" placeholder=\"E-mail*\" value=\"\" type=\"email\" name=\"email\" \/><\/span>\n\t\t\t\t<\/p>\n\t\t\t<\/div>\n\t\t\t<div class=\"col-span-6\">\n\t\t\t\t<p><span class=\"wpcf7-form-control-wrap\" data-name=\"phone\"><input size=\"40\" maxlength=\"400\" class=\"wpcf7-form-control wpcf7-tel wpcf7-text wpcf7-validates-as-tel\" aria-invalid=\"false\" placeholder=\"Tel\u00e8fon\" value=\"\" type=\"tel\" name=\"phone\" \/><\/span>\n\t\t\t\t<\/p>\n\t\t\t<\/div>\n\t\t\t<div class=\"col-span-6\">\n\t\t\t\t<p><span class=\"wpcf7-form-control-wrap\" data-name=\"empresa\"><input size=\"40\" maxlength=\"400\" class=\"wpcf7-form-control wpcf7-text\" aria-invalid=\"false\" placeholder=\"Empresa\" value=\"\" type=\"text\" name=\"empresa\" \/><\/span>\n\t\t\t\t<\/p>\n\t\t\t<\/div>\n\t\t\t<div class=\"col-span-6\">\n\t\t\t\t<p><span class=\"wpcf7-form-control-wrap\" data-name=\"cargo\"><input size=\"40\" maxlength=\"400\" class=\"wpcf7-form-control wpcf7-text\" aria-invalid=\"false\" placeholder=\"C\u00e0rrec\" value=\"\" type=\"text\" name=\"cargo\" \/><\/span>\n\t\t\t\t<\/p>\n\t\t\t<\/div>\n\t\t\t<div class=\"col-span-12\">\n\t\t\t\t<h2>Descripci\u00f3 del fet comunicat\n\t\t\t\t<\/h2>\n\t\t\t\t<div>\n\t\t\t\t\t<div class=\"col-span-12\">\n\t\t\t\t\t\t<p><span class=\"wpcf7-form-control-wrap\" data-name=\"description\"><textarea cols=\"40\" rows=\"10\" maxlength=\"2000\" class=\"wpcf7-form-control wpcf7-textarea wpcf7-validates-as-required\" aria-required=\"true\" aria-invalid=\"false\" placeholder=\"Descripci\u00f3*\" name=\"description\"><\/textarea><\/span>\n\t\t\t\t\t\t<\/p>\n\t\t\t\t\t<\/div>\n\t\t\t\t\t<div class=\"col-span-12\">\n\t\t\t\t\t\t<h2>Persones implicades\n\t\t\t\t\t\t<\/h2>\n\t\t\t\t\t\t<div>\n\t\t\t\t\t\t\t<div class=\"col-span-12\">\n\t\t\t\t\t\t\t\t<p><span class=\"wpcf7-form-control-wrap\" data-name=\"nombreImplicado\"><input size=\"40\" maxlength=\"400\" class=\"wpcf7-form-control wpcf7-text\" aria-invalid=\"false\" placeholder=\"Nom i cognoms\" value=\"\" type=\"text\" name=\"nombreImplicado\" \/><\/span>\n\t\t\t\t\t\t\t\t<\/p>\n\t\t\t\t\t\t\t<\/div>\n\t\t\t\t\t\t\t<div class=\"col-span-12\">\n\t\t\t\t\t\t\t\t<p><span class=\"wpcf7-form-control-wrap\" data-name=\"cargoImplicado\"><input size=\"40\" maxlength=\"400\" class=\"wpcf7-form-control wpcf7-text\" aria-invalid=\"false\" placeholder=\"C\u00e0rrec\" value=\"\" type=\"text\" name=\"cargoImplicado\" \/><\/span>\n\t\t\t\t\t\t\t\t<\/p>\n\t\t\t\t\t\t\t<\/div>\n\t\t\t\t\t\t\t<div class=\"col-span-12\">\n\t\t\t\t\t\t\t\t<p><span class=\"wpcf7-form-control-wrap\" data-name=\"relacionImplicado\"><input size=\"40\" maxlength=\"400\" class=\"wpcf7-form-control wpcf7-text\" aria-invalid=\"false\" placeholder=\"Relaci\u00f3 amb l&#039;empresa o organitzaci\u00f3\" value=\"\" type=\"text\" name=\"relacionImplicado\" \/><\/span>\n\t\t\t\t\t\t\t\t<\/p>\n\t\t\t\t\t\t\t<\/div>\n\t\t\t\t\t\t\t<div class=\"col-span-12\">\n\t\t\t\t\t\t\t\t<p><div id=\"mfcf7_zl_multifilecontainer\"><span class=\"mfcf7-zl-multiline-sample\" style=\"display:none\"><p class=\"wpcf7-form-control-wrap multilinefile-987\"><input size=\"40\" class=\"wpcf7-form-control wpcf7-multilinefile\" multiple=\"multiple\" value=\"Pujar fitxer\" aria-invalid=\"false\" type=\"file\" name=\"multilinefile-987[]\" \/> <span class=\"mfcf7-zl-multifile-name\"><\/span><a href=\"javascript:void(0);\" class=\"mfcf7_zl_delete_file\"><span class=\"delete-file\" aria-hidden=\"true\">&#x274C;<\/span><\/a><\/p><\/span><\/div><span class=\"wpcf7-form-control-wrap zl-form-control-wrap multilinefile-987\"><input size=\"40\" class=\"wpcf7-form-control wpcf7-multilinefile\" multiple=\"multiple\" value=\"Pujar fitxer\" aria-invalid=\"false\" type=\"file\" name=\"multilinefile-987[]\" \/> <span class=\"mfcf7-zl-multifile-name\"><\/span><a href=\"javascript:void(0);\" class=\"mfcf7_zl_delete_file\"><span class=\"delete-file\" aria-hidden=\"true\">&#x274C;<\/span><\/a><\/span><p><label><span class=\"wpcf7-form-control-wrap\" data-name=\"multilinefile-987-zl-mfcf7-upld-btn\"><input type=\"button\" name=\"multilinefile-987-zl-mfcf7-upld-btn\" class=\"button button-primary qbutton\" id=\"mfcf7_zl_add_file\" value=\"Pujar fitxer\"><\/span><\/label><\/p>\n\t\t\t\t\t\t\t\t<\/p>\n\t\t\t\t\t\t\t\t<div class=\"col-span-12\">\n\t\t\t\t\t\t\t\t\t<p><span class=\"wpcf7-form-control-wrap\" data-name=\"politica-condiciones\"><span class=\"wpcf7-form-control wpcf7-acceptance\"><span class=\"wpcf7-list-item\"><input type=\"checkbox\" name=\"politica-condiciones\" value=\"1\" aria-invalid=\"false\" \/><\/span><\/span><\/span> He llegit i accepto la<a href=\"\/politica-privacidad\"> Pol\u00edtica de Privadesa. <\/a>\n\t\t\t\t\t\t\t\t\t<\/p>\n\t\t\t\t\t\t\t\t\t<div class=\"col-span-12 gradient-btn\">\n\t\t\t\t\t\t\t\t\t\t<p><input class=\"wpcf7-form-control wpcf7-submit has-spinner\" type=\"submit\" value=\"Enviar\" \/>\n\t\t\t\t\t\t\t\t\t\t<\/p>\n\t\t\t\t\t\t\t\t\t<\/div>\n\t\t\t\t\t\t\t\t<\/div>\n\t\t\t\t\t\t\t<\/div>\n\t\t\t\t\t\t<\/div>\n\t\t\t\t\t<\/div>\n\t\t\t\t<\/div>\n\t\t\t<\/div>\n\t\t<\/div>\n\t<\/div>\n<\/div><div class=\"wpcf7-response-output\" aria-hidden=\"true\"><\/div>\n<\/form>\n<\/div>\n<\/div><\/div><\/div><\/div><\/div><\/div><div class=\"vce-classic-tabs-panel\" id=\"el-a81dc1a3\" data-model-id=\"a81dc1a3\" data-vce-content=\".vce-classic-tabs-panel-body\"><div class=\"vce-classic-tabs-tab-inner\"><div class=\"vce-classic-tabs-panel-heading\"><a class=\"vce-classic-tabs-panel-title\" href=\"#el-a81dc1a3\" data-vce-target=\"[data-model-id=a81dc1a3]\" data-vce-use-cache=\"false\" data-vce-classic-accordion=\"\" data-vce-container=\".vce-classic-tabs-inner\" role=\"tab\" aria-selected=\"false\" aria-controls=\"el-a81dc1a3\" id=\"accordion-a81dc1a3\"><span>Den\u00fancia an\u00f2nima<\/span><\/a><\/div><div class=\"vce-classic-tabs-panel-body\" role=\"tabpanel\" aria-labelledby=\"tab-a81dc1a3 accordion-a81dc1a3\" data-vce-do-apply=\"all el-a81dc1a3\" hidden=\"hidden\"><div class=\"vce-classic-tabs-element-container\" data-js-panel-body=\"\"><div id=\"el-93347ba3\" class=\"vce-contact-form-7--align-left\"><div class=\"vce vce-contact-form-7\" data-vce-do-apply=\"all el-93347ba3\">\n<div class=\"wpcf7 no-js\" id=\"wpcf7-f5129-o2\" lang=\"ca\" dir=\"ltr\" data-wpcf7-id=\"5129\">\n<div class=\"screen-reader-response\"><p role=\"status\" aria-live=\"polite\" aria-atomic=\"true\"><\/p> <ul><\/ul><\/div>\n<form action=\"\/ca\/wp-json\/wp\/v2\/pages\/5107#wpcf7-f5129-o2\" method=\"post\" class=\"wpcf7-form init\" aria-label=\"Formulari de contacte\" enctype=\"multipart\/form-data\" novalidate=\"novalidate\" data-status=\"init\">\n<fieldset class=\"hidden-fields-container\"><input type=\"hidden\" name=\"_wpcf7\" value=\"5129\" \/><input type=\"hidden\" name=\"_wpcf7_version\" value=\"6.1\" \/><input type=\"hidden\" name=\"_wpcf7_locale\" value=\"ca\" \/><input type=\"hidden\" name=\"_wpcf7_unit_tag\" value=\"wpcf7-f5129-o2\" \/><input type=\"hidden\" name=\"_wpcf7_container_post\" value=\"0\" \/><input type=\"hidden\" name=\"_wpcf7_posted_data_hash\" value=\"\" \/><input type=\"hidden\" name=\"_wpcf7_recaptcha_response\" value=\"\" \/>\n<\/fieldset>\n<div class=\"form-grid\">\n\t<div class=\"col-span-12\">\n\t\t<h2>Descripci\u00f3 del fet comunicat\n\t\t<\/h2>\n\t\t<div>\n\t\t\t<div class=\"col-span-12\">\n\t\t\t\t<p><span class=\"wpcf7-form-control-wrap\" data-name=\"description\"><textarea cols=\"40\" rows=\"10\" maxlength=\"2000\" class=\"wpcf7-form-control wpcf7-textarea wpcf7-validates-as-required\" aria-required=\"true\" aria-invalid=\"false\" placeholder=\"Descripci\u00f3*\" name=\"description\"><\/textarea><\/span>\n\t\t\t\t<\/p>\n\t\t\t<\/div>\n\t\t\t<div class=\"col-span-12\">\n\t\t\t\t<h2>Persones implicades\n\t\t\t\t<\/h2>\n\t\t\t\t<div>\n\t\t\t\t\t<div class=\"col-span-12\">\n\t\t\t\t\t\t<p><span class=\"wpcf7-form-control-wrap\" data-name=\"nombreImplicado\"><input size=\"40\" maxlength=\"400\" class=\"wpcf7-form-control wpcf7-text\" aria-invalid=\"false\" placeholder=\"Nom i cognoms\" value=\"\" type=\"text\" name=\"nombreImplicado\" \/><\/span>\n\t\t\t\t\t\t<\/p>\n\t\t\t\t\t<\/div>\n\t\t\t\t\t<div class=\"col-span-12\">\n\t\t\t\t\t\t<p><span class=\"wpcf7-form-control-wrap\" data-name=\"cargoImplicado\"><input size=\"40\" maxlength=\"400\" class=\"wpcf7-form-control wpcf7-text\" aria-invalid=\"false\" placeholder=\"C\u00e0rrec\" value=\"\" type=\"text\" name=\"cargoImplicado\" \/><\/span>\n\t\t\t\t\t\t<\/p>\n\t\t\t\t\t<\/div>\n\t\t\t\t\t<div class=\"col-span-12\">\n\t\t\t\t\t\t<p><span class=\"wpcf7-form-control-wrap\" data-name=\"relacionImplicado\"><input size=\"40\" maxlength=\"400\" class=\"wpcf7-form-control wpcf7-text\" aria-invalid=\"false\" placeholder=\"Relaci\u00f3 amb l&#039;empresa o organitzaci\u00f3\" value=\"\" type=\"text\" name=\"relacionImplicado\" \/><\/span>\n\t\t\t\t\t\t<\/p>\n\t\t\t\t\t<\/div>\n\t\t\t\t\t<div class=\"col-span-12\">\n\t\t\t\t\t\t<p><div id=\"mfcf7_zl_multifilecontainer\"><span class=\"mfcf7-zl-multiline-sample\" style=\"display:none\"><p class=\"wpcf7-form-control-wrap multilinefile-987\"><input size=\"40\" class=\"wpcf7-form-control wpcf7-multilinefile\" multiple=\"multiple\" value=\"Pujar fitxer\" aria-invalid=\"false\" type=\"file\" name=\"multilinefile-987[]\" \/> <span class=\"mfcf7-zl-multifile-name\"><\/span><a href=\"javascript:void(0);\" class=\"mfcf7_zl_delete_file\"><span class=\"delete-file\" aria-hidden=\"true\">&#x274C;<\/span><\/a><\/p><\/span><\/div><span class=\"wpcf7-form-control-wrap zl-form-control-wrap multilinefile-987\"><input size=\"40\" class=\"wpcf7-form-control wpcf7-multilinefile\" multiple=\"multiple\" value=\"Pujar fitxer\" aria-invalid=\"false\" type=\"file\" name=\"multilinefile-987[]\" \/> <span class=\"mfcf7-zl-multifile-name\"><\/span><a href=\"javascript:void(0);\" class=\"mfcf7_zl_delete_file\"><span class=\"delete-file\" aria-hidden=\"true\">&#x274C;<\/span><\/a><\/span><p><label><span class=\"wpcf7-form-control-wrap\" data-name=\"multilinefile-987-zl-mfcf7-upld-btn\"><input type=\"button\" name=\"multilinefile-987-zl-mfcf7-upld-btn\" class=\"button button-primary qbutton\" id=\"mfcf7_zl_add_file\" value=\"Pujar fitxer\"><\/span><\/label><\/p>\n\t\t\t\t\t\t<\/p>\n\t\t\t\t\t\t<div class=\"col-span-12\">\n\t\t\t\t\t\t\t<p><span class=\"wpcf7-form-control-wrap\" data-name=\"politica-condiciones\"><span class=\"wpcf7-form-control wpcf7-acceptance\"><span class=\"wpcf7-list-item\"><input type=\"checkbox\" name=\"politica-condiciones\" value=\"1\" aria-invalid=\"false\" \/><\/span><\/span><\/span> He llegit i accepto la <a href=\"\/politica-privacidad\">Pol\u00edtica de Privadesa.<\/a>\n\t\t\t\t\t\t\t<\/p>\n\t\t\t\t\t\t<\/div>\n\t\t\t\t\t\t<div class=\"col-span-12 gradient-btn\">\n\t\t\t\t\t\t\t<p><input class=\"wpcf7-form-control wpcf7-submit has-spinner\" type=\"submit\" value=\"Enviar\" \/>\n\t\t\t\t\t\t\t<\/p>\n\t\t\t\t\t\t<\/div>\n\t\t\t\t\t<\/div>\n\t\t\t\t<\/div>\n\t\t\t<\/div>\n\t\t<\/div>\n\t<\/div>\n<\/div><div class=\"wpcf7-response-output\" aria-hidden=\"true\"><\/div>\n<\/form>\n<\/div>\n<\/div><\/div><\/div><\/div><\/div><\/div><\/div><\/div><\/div><\/div><\/div><\/div><\/div><\/div><\/div><\/div><\/div><\/div><\/div><\/div><\/div><\/div>\n","protected":false},"excerpt":{"rendered":"<p>Canal de den\u00fanciesPresentar den\u00fanciaDen\u00fancia identificadaDen\u00fancia an\u00f2nimaDen\u00fancia identificadaDen\u00fancia an\u00f2nima<\/p>\n","protected":false},"author":2,"featured_media":0,"parent":5105,"menu_order":0,"comment_status":"closed","ping_status":"closed","template":"","meta":{"_acf_changed":false,"inline_featured_image":false,"footnotes":""},"class_list":["post-5107","page","type-page","status-publish","hentry"],"acf":[],"yoast_head":"<!-- This site is optimized with the Yoast SEO plugin v25.4 - https:\/\/yoast.com\/wordpress\/plugins\/seo\/ -->\n<title>Presentar den\u00fancia - Smartconta<\/title>\n<meta name=\"robots\" content=\"index, follow, max-snippet:-1, max-image-preview:large, max-video-preview:-1\" \/>\n<link rel=\"canonical\" href=\"https:\/\/www.smartconta.com\/ca\/canal-de-denuncies\/presentar-denuncia\/\" \/>\n<meta property=\"og:locale\" content=\"ca_ES\" \/>\n<meta property=\"og:type\" content=\"article\" \/>\n<meta property=\"og:title\" content=\"Presentar den\u00fancia - Smartconta\" \/>\n<meta property=\"og:description\" content=\"Canal de den\u00fanciesPresentar den\u00fanciaDen\u00fancia identificadaDen\u00fancia an\u00f2nimaDen\u00fancia identificadaDen\u00fancia an\u00f2nima\" \/>\n<meta property=\"og:url\" content=\"https:\/\/www.smartconta.com\/ca\/canal-de-denuncies\/presentar-denuncia\/\" \/>\n<meta property=\"og:site_name\" content=\"Smartconta\" \/>\n<meta property=\"article:modified_time\" content=\"2025-07-17T09:50:17+00:00\" \/>\n<meta name=\"twitter:card\" content=\"summary_large_image\" \/>\n<script type=\"application\/ld+json\" class=\"yoast-schema-graph\">{\"@context\":\"https:\/\/schema.org\",\"@graph\":[{\"@type\":\"WebPage\",\"@id\":\"https:\/\/www.smartconta.com\/ca\/canal-de-denuncies\/presentar-denuncia\/\",\"url\":\"https:\/\/www.smartconta.com\/ca\/canal-de-denuncies\/presentar-denuncia\/\",\"name\":\"Presentar den\u00fancia - Smartconta\",\"isPartOf\":{\"@id\":\"https:\/\/www.smartconta.com\/ca\/#website\"},\"datePublished\":\"2025-07-01T18:23:10+00:00\",\"dateModified\":\"2025-07-17T09:50:17+00:00\",\"breadcrumb\":{\"@id\":\"https:\/\/www.smartconta.com\/ca\/canal-de-denuncies\/presentar-denuncia\/#breadcrumb\"},\"inLanguage\":\"ca\",\"potentialAction\":[{\"@type\":\"ReadAction\",\"target\":[\"https:\/\/www.smartconta.com\/ca\/canal-de-denuncies\/presentar-denuncia\/\"]}]},{\"@type\":\"BreadcrumbList\",\"@id\":\"https:\/\/www.smartconta.com\/ca\/canal-de-denuncies\/presentar-denuncia\/#breadcrumb\",\"itemListElement\":[{\"@type\":\"ListItem\",\"position\":1,\"name\":\"Portada\",\"item\":\"https:\/\/www.smartconta.com\/ca\/?faq_reutilizable=home-faqs\"},{\"@type\":\"ListItem\",\"position\":2,\"name\":\"Canal de Den\u00fancies\",\"item\":\"https:\/\/www.smartconta.com\/ca\/?faq_reutilizable=home-faqs\"},{\"@type\":\"ListItem\",\"position\":3,\"name\":\"Presentar den\u00fancia\"}]},{\"@type\":\"WebSite\",\"@id\":\"https:\/\/www.smartconta.com\/ca\/#website\",\"url\":\"https:\/\/www.smartconta.com\/ca\/\",\"name\":\"Smartconta\",\"description\":\"\",\"potentialAction\":[{\"@type\":\"SearchAction\",\"target\":{\"@type\":\"EntryPoint\",\"urlTemplate\":\"https:\/\/www.smartconta.com\/ca\/?s={search_term_string}\"},\"query-input\":{\"@type\":\"PropertyValueSpecification\",\"valueRequired\":true,\"valueName\":\"search_term_string\"}}],\"inLanguage\":\"ca\"}]}<\/script>\n<!-- \/ Yoast SEO plugin. -->","yoast_head_json":{"title":"Presentar den\u00fancia - Smartconta","robots":{"index":"index","follow":"follow","max-snippet":"max-snippet:-1","max-image-preview":"max-image-preview:large","max-video-preview":"max-video-preview:-1"},"canonical":"https:\/\/www.smartconta.com\/ca\/canal-de-denuncies\/presentar-denuncia\/","og_locale":"ca_ES","og_type":"article","og_title":"Presentar den\u00fancia - Smartconta","og_description":"Canal de den\u00fanciesPresentar den\u00fanciaDen\u00fancia identificadaDen\u00fancia an\u00f2nimaDen\u00fancia identificadaDen\u00fancia an\u00f2nima","og_url":"https:\/\/www.smartconta.com\/ca\/canal-de-denuncies\/presentar-denuncia\/","og_site_name":"Smartconta","article_modified_time":"2025-07-17T09:50:17+00:00","twitter_card":"summary_large_image","schema":{"@context":"https:\/\/schema.org","@graph":[{"@type":"WebPage","@id":"https:\/\/www.smartconta.com\/ca\/canal-de-denuncies\/presentar-denuncia\/","url":"https:\/\/www.smartconta.com\/ca\/canal-de-denuncies\/presentar-denuncia\/","name":"Presentar den\u00fancia - Smartconta","isPartOf":{"@id":"https:\/\/www.smartconta.com\/ca\/#website"},"datePublished":"2025-07-01T18:23:10+00:00","dateModified":"2025-07-17T09:50:17+00:00","breadcrumb":{"@id":"https:\/\/www.smartconta.com\/ca\/canal-de-denuncies\/presentar-denuncia\/#breadcrumb"},"inLanguage":"ca","potentialAction":[{"@type":"ReadAction","target":["https:\/\/www.smartconta.com\/ca\/canal-de-denuncies\/presentar-denuncia\/"]}]},{"@type":"BreadcrumbList","@id":"https:\/\/www.smartconta.com\/ca\/canal-de-denuncies\/presentar-denuncia\/#breadcrumb","itemListElement":[{"@type":"ListItem","position":1,"name":"Portada","item":"https:\/\/www.smartconta.com\/ca\/?faq_reutilizable=home-faqs"},{"@type":"ListItem","position":2,"name":"Canal de Den\u00fancies","item":"https:\/\/www.smartconta.com\/ca\/?faq_reutilizable=home-faqs"},{"@type":"ListItem","position":3,"name":"Presentar den\u00fancia"}]},{"@type":"WebSite","@id":"https:\/\/www.smartconta.com\/ca\/#website","url":"https:\/\/www.smartconta.com\/ca\/","name":"Smartconta","description":"","potentialAction":[{"@type":"SearchAction","target":{"@type":"EntryPoint","urlTemplate":"https:\/\/www.smartconta.com\/ca\/?s={search_term_string}"},"query-input":{"@type":"PropertyValueSpecification","valueRequired":true,"valueName":"search_term_string"}}],"inLanguage":"ca"}]}},"_links":{"self":[{"href":"https:\/\/www.smartconta.com\/ca\/wp-json\/wp\/v2\/pages\/5107","targetHints":{"allow":["GET"]}}],"collection":[{"href":"https:\/\/www.smartconta.com\/ca\/wp-json\/wp\/v2\/pages"}],"about":[{"href":"https:\/\/www.smartconta.com\/ca\/wp-json\/wp\/v2\/types\/page"}],"author":[{"embeddable":true,"href":"https:\/\/www.smartconta.com\/ca\/wp-json\/wp\/v2\/users\/2"}],"replies":[{"embeddable":true,"href":"https:\/\/www.smartconta.com\/ca\/wp-json\/wp\/v2\/comments?post=5107"}],"version-history":[{"count":2,"href":"https:\/\/www.smartconta.com\/ca\/wp-json\/wp\/v2\/pages\/5107\/revisions"}],"predecessor-version":[{"id":5134,"href":"https:\/\/www.smartconta.com\/ca\/wp-json\/wp\/v2\/pages\/5107\/revisions\/5134"}],"up":[{"embeddable":true,"href":"https:\/\/www.smartconta.com\/ca\/wp-json\/wp\/v2\/pages\/5105"}],"wp:attachment":[{"href":"https:\/\/www.smartconta.com\/ca\/wp-json\/wp\/v2\/media?parent=5107"}],"curies":[{"name":"wp","href":"https:\/\/api.w.org\/{rel}","templated":true}]}}