{"id":5109,"date":"2025-06-18T17:43:55","date_gmt":"2025-06-18T15:43:55","guid":{"rendered":"https:\/\/www.smartconta.com\/coneix-nos\/"},"modified":"2026-03-27T14:14:50","modified_gmt":"2026-03-27T13:14:50","slug":"coneix-nos","status":"publish","type":"page","link":"https:\/\/www.smartconta.com\/ca\/coneix-nos\/","title":{"rendered":"Coneix-nos"},"content":{"rendered":"<div class=\"vce-row-container\" id=\"hero_default\"><div class=\"vce-row vce-element--has-background vce-row--col-gap-30 vce-row-equal-height vce-row-content--middle\" data-vce-full-width=\"true\" id=\"el-f185315f\" data-vce-do-apply=\"all el-f185315f\"><div class=\"vce-content-background-container\"><\/div><div class=\"vce-row-content\" data-vce-element-content=\"true\"><div class=\"vce-col vce-col--md-auto vce-col--xs-1 vce-col--xs-last vce-col--xs-first vce-col--sm-last vce-col--sm-first vce-col--md-first vce-col--lg-first vce-col--xl-first\" id=\"el-b3f06cb5\"><div class=\"vce-col-inner\" data-vce-do-apply=\"border margin background  el-b3f06cb5\"><div class=\"vce-col-content\" data-vce-element-content=\"true\" data-vce-do-apply=\"padding el-b3f06cb5\"><div class=\"vce-single-image-container vce-single-image--align-left\"><div class=\"vce vce-single-image-wrapper\" id=\"el-d456e322\" data-vce-do-apply=\"all el-d456e322\"><figure><div class=\"vce-single-image-figure-inner\" style=\"width: 222px;\"><div class=\"vce-single-image-inner vce-single-image--absolute\" style=\"width: 100%; padding-bottom: 20.7207%;\"><img loading=\"lazy\" decoding=\"async\" class=\"vce-single-image\"  width=\"222\" height=\"46\" src=\"\/wp-content\/uploads\/2025\/07\/smartconta_color.svg\" data-img-src=\"\/wp-content\/uploads\/2025\/07\/smartconta_color.svg\" data-attachment-id=\"5081\"  alt=\"\" title=\"smartconta_color\" \/><\/div><\/div><figcaption hidden=\"\"><\/figcaption><\/figure><\/div><\/div><div class=\"vce-text-block pre-title\"><div class=\"vce-text-block-wrapper vce\" id=\"el-e7d249a7\" data-vce-do-apply=\"all el-e7d249a7\"><p>Qui som?<\/p><\/div><\/div><div class=\"vce-text-block\"><div class=\"vce-text-block-wrapper vce\" id=\"el-225f2312\" data-vce-do-apply=\"all el-225f2312\"><h1>Som especialistes en el manteniment d'equips de mesura d'aigua<\/h1><\/div><\/div><div class=\"vce-text-block\"><div class=\"vce-text-block-wrapper vce\" id=\"el-f8b930f7\" data-vce-do-apply=\"all el-f8b930f7\"><p>A Smartconta garantim el compliment del Reglament del Servei Metropolit\u00e0 del Cicle Integral de l\u00b4Aigua, oferint solucions personalitzades de compra i lloguer d\u00b4equips. +355.000 comptadors gestionats a l'\u00e0rea metropolitana de Barcelona i 100% homologats per Aig\u00fces de Barcelona <\/p><\/div><\/div><\/div><\/div><\/div><div class=\"vce-col vce-col--md-auto vce-col--xs-1 vce-col--xs-last vce-col--xs-first vce-col--sm-last vce-col--sm-first vce-col--md-last vce-col--lg-last vce-col--xl-last\" id=\"el-1ff49b64\"><div class=\"vce-col-inner\" data-vce-do-apply=\"border margin background  el-1ff49b64\"><div class=\"vce-col-content\" data-vce-element-content=\"true\" data-vce-do-apply=\"padding el-1ff49b64\"><div class=\"vce-single-image-container vce-single-image--align-center\"><div class=\"vce vce-single-image-wrapper\" id=\"el-76be837f\" data-vce-do-apply=\"all el-76be837f\"><figure><div class=\"vce-single-image-figure-inner\" style=\"width: 640px;\"><div class=\"vce-single-image-inner vce-single-image--absolute\" style=\"width: 100%; padding-bottom: 87.0312%;\"><img loading=\"lazy\" decoding=\"async\" class=\"vce-single-image\"  width=\"640\" height=\"557\" srcset=\"https:\/\/www.smartconta.com\/wp-content\/uploads\/2025\/07\/contador_profesionales-320x279.png 320w, https:\/\/www.smartconta.com\/wp-content\/uploads\/2025\/07\/contador_profesionales-480x418.png 480w, https:\/\/www.smartconta.com\/wp-content\/uploads\/2026\/03\/contador_profesionales-640x557.png 640w\" src=\"https:\/\/www.smartconta.com\/wp-content\/uploads\/2026\/03\/contador_profesionales-640x557.png\" data-img-src=\"https:\/\/www.smartconta.com\/wp-content\/uploads\/2025\/07\/contador_profesionales.png\" data-attachment-id=\"5211\"  alt=\"\" title=\"comptador_professionals\" \/><\/div><\/div><figcaption hidden=\"\"><\/figcaption><\/figure><\/div><\/div><\/div><\/div><\/div><\/div><\/div><\/div><div class=\"vce-row-container\" id=\"services\"><div class=\"vce-row vce-row--has-col-background vce-row--col-gap-30 vce-row-equal-height vce-row-content--middle\" data-vce-full-width=\"true\" id=\"el-b20039b2\" data-vce-do-apply=\"all el-b20039b2\"><div class=\"vce-content-background-container\"><\/div><div class=\"vce-row-content\" data-vce-element-content=\"true\"><div class=\"vce-col vce-element--has-background vce-col--md-auto vce-col--xs-1 vce-col--xs-last vce-col--xs-first vce-col--sm-last vce-col--sm-first vce-col--md-last vce-col--lg-last vce-col--xl-last vce-col--md-first vce-col--lg-first vce-col--xl-first\" id=\"el-96a1e8e8\"><div class=\"vce-col-inner\" data-vce-do-apply=\"border margin background  el-96a1e8e8\"><div class=\"vce-content-background-container\"><\/div><div class=\"vce-col-content\" data-vce-element-content=\"true\" data-vce-do-apply=\"padding el-96a1e8e8\"><div class=\"vce-row-container\" data-vce-boxed-width=\"true\"><div class=\"vce-row vce-row--col-gap-30 vce-row-equal-height vce-row-content--top\" id=\"el-df282cee\" data-vce-do-apply=\"all el-df282cee\"><div class=\"vce-row-content\" data-vce-element-content=\"true\"><div class=\"vce-col vce-col--md-auto vce-col--xs-1 vce-col--xs-last vce-col--xs-first vce-col--sm-last vce-col--sm-first vce-col--md-last vce-col--lg-last vce-col--xl-last vce-col--md-first vce-col--lg-first vce-col--xl-first column-center\" id=\"el-170bb56a\"><div class=\"vce-col-inner\" data-vce-do-apply=\"border margin background  el-170bb56a\"><div class=\"vce-col-content\" data-vce-element-content=\"true\" data-vce-do-apply=\"padding el-170bb56a\"><div class=\"vce-row-container\" data-vce-boxed-width=\"true\"><div class=\"vce-row vce-row--col-gap-30 vce-row-equal-height vce-row-content--top\" id=\"el-d1830f31\" data-vce-do-apply=\"all el-d1830f31\"><div class=\"vce-row-content\" data-vce-element-content=\"true\"><div class=\"vce-col vce-col--md-auto vce-col--xs-1 vce-col--xs-last vce-col--xs-first vce-col--sm-last vce-col--sm-first vce-col--md-last vce-col--lg-last vce-col--xl-last vce-col--md-first vce-col--lg-first vce-col--xl-first\" id=\"el-aaa2a43a\"><div class=\"vce-col-inner\" data-vce-do-apply=\"border margin background  el-aaa2a43a\"><div class=\"vce-content-background-container\"><\/div><div class=\"vce-col-content\" data-vce-element-content=\"true\" data-vce-do-apply=\"padding el-aaa2a43a\"><div class=\"vce-text-block title-service\"><div class=\"vce-text-block-wrapper vce\" id=\"el-2f71c92c\" data-vce-do-apply=\"all el-2f71c92c\"><h2>Qu\u00e8 oferim?<\/h2><\/div><\/div><\/div><\/div><\/div><\/div><\/div><\/div><div class=\"vce-row-container\" data-vce-boxed-width=\"true\"><div class=\"vce-row vce-row--has-col-background vce-row--col-gap-30 service-list vce-row-equal-height vce-row-content--top\" id=\"el-f3c01754\" data-vce-do-apply=\"all el-f3c01754\"><div class=\"vce-content-background-container\"><\/div><div class=\"vce-row-content\" data-vce-element-content=\"true\"><div class=\"vce-col vce-element--has-background vce-col--md-auto vce-col--xs-1 vce-col--xs-last vce-col--xs-first vce-col--sm-last vce-col--sm-first vce-col--md-first vce-col--lg-first vce-col--xl-first price-card\" id=\"el-53348265\"><div class=\"vce-col-inner\" data-vce-do-apply=\"border margin background  el-53348265\" vce-box-shadow=\"el-53348265\"><div class=\"vce-content-background-container\"><\/div><div class=\"vce-col-content\" data-vce-element-content=\"true\" data-vce-do-apply=\"padding el-53348265\"><div class=\"vce-single-image-container vce-single-image--align-left\"><div class=\"vce vce-single-image-wrapper\" id=\"el-7c23fa2b\" data-vce-do-apply=\"all el-7c23fa2b\"><figure><div class=\"vce-single-image-figure-inner\" style=\"width: 49px;\"><div class=\"vce-single-image-inner vce-single-image--absolute\" style=\"width: 100%; padding-bottom: 100%;\"><img loading=\"lazy\" decoding=\"async\" class=\"vce-single-image\"  width=\"49\" height=\"49\" src=\"\/wp-content\/uploads\/2025\/06\/tool.svg\" data-img-src=\"\/wp-content\/uploads\/2025\/06\/tool.svg\" data-attachment-id=\"4858\"  alt=\"\" title=\"tool\" \/><\/div><\/div><figcaption hidden=\"\"><\/figcaption><\/figure><\/div><\/div><div class=\"vce-text-block\"><div class=\"vce-text-block-wrapper vce\" id=\"el-ba144ba7\" data-vce-do-apply=\"all el-ba144ba7\"><h3>Instal\u00b7laci\u00f3 i manteniment<\/h3>\n<p>Ens encarreguem de la instal\u00b7laci\u00f3, el manteniment i la conservaci\u00f3 dels equips mesuradors d'aigua.<\/p><\/div><\/div><\/div><\/div><\/div><div class=\"vce-col vce-element--has-background vce-col--md-auto vce-col--xs-1 vce-col--xs-last vce-col--xs-first vce-col--sm-last vce-col--sm-first vce-col--md-last vce-col--lg-last vce-col--xl-last price-card\" id=\"el-fc0d30e5\"><div class=\"vce-col-inner\" data-vce-do-apply=\"border margin background  el-fc0d30e5\" vce-box-shadow=\"el-fc0d30e5\"><div class=\"vce-content-background-container\"><\/div><div class=\"vce-col-content\" data-vce-element-content=\"true\" data-vce-do-apply=\"padding el-fc0d30e5\"><div class=\"vce-single-image-container vce-single-image--align-left\"><div class=\"vce vce-single-image-wrapper\" id=\"el-e499a0f9\" data-vce-do-apply=\"all el-e499a0f9\"><figure><div class=\"vce-single-image-figure-inner\" style=\"width: 49px;\"><div class=\"vce-single-image-inner vce-single-image--absolute\" style=\"width: 100%; padding-bottom: 100%;\"><img loading=\"lazy\" decoding=\"async\" class=\"vce-single-image\"  width=\"49\" height=\"49\" src=\"\/wp-content\/uploads\/2025\/06\/more.svg\" data-img-src=\"\/wp-content\/uploads\/2025\/06\/more.svg\" data-attachment-id=\"4855\"  alt=\"\" title=\"more\" \/><\/div><\/div><figcaption hidden=\"\"><\/figcaption><\/figure><\/div><\/div><div class=\"vce-text-block\"><div class=\"vce-text-block-wrapper vce\" id=\"el-99949017\" data-vce-do-apply=\"all el-99949017\"><h3>Opcions d'adquisici\u00f3<\/h3><p>Podeu optar per llogar o comprar els equips de mesura, segons les vostres necessitats i prefer\u00e8ncies.<\/p><\/div><\/div><\/div><\/div><\/div><\/div><\/div><\/div><div class=\"vce-row-container\" data-vce-boxed-width=\"true\"><div class=\"vce-row vce-row--has-col-background vce-row--col-gap-30 service-list vce-row-equal-height vce-row-content--top\" id=\"el-46a00085\" data-vce-do-apply=\"all el-46a00085\"><div class=\"vce-content-background-container\"><\/div><div class=\"vce-row-content\" data-vce-element-content=\"true\"><div class=\"vce-col vce-element--has-background vce-col--md-auto vce-col--xs-1 vce-col--xs-last vce-col--xs-first vce-col--sm-last vce-col--sm-first vce-col--md-first vce-col--lg-first vce-col--xl-first price-card\" id=\"el-74dfb4b5\"><div class=\"vce-col-inner\" data-vce-do-apply=\"border margin background  el-74dfb4b5\" vce-box-shadow=\"el-74dfb4b5\"><div class=\"vce-content-background-container\"><\/div><div class=\"vce-col-content\" data-vce-element-content=\"true\" data-vce-do-apply=\"padding el-74dfb4b5\"><div class=\"vce-single-image-container vce-single-image--align-left\"><div class=\"vce vce-single-image-wrapper\" id=\"el-ec2b4ae1\" data-vce-do-apply=\"all el-ec2b4ae1\"><figure><div class=\"vce-single-image-figure-inner\" style=\"width: 49px;\"><div class=\"vce-single-image-inner vce-single-image--absolute\" style=\"width: 100%; padding-bottom: 100%;\"><img loading=\"lazy\" decoding=\"async\" class=\"vce-single-image\"  width=\"49\" height=\"49\" src=\"\/wp-content\/uploads\/2025\/06\/hands.svg\" data-img-src=\"\/wp-content\/uploads\/2025\/06\/hands.svg\" data-attachment-id=\"4857\"  alt=\"\" title=\"hands\" \/><\/div><\/div><figcaption hidden=\"\"><\/figcaption><\/figure><\/div><\/div><div class=\"vce-text-block\"><div class=\"vce-text-block-wrapper vce\" id=\"el-e0b6b126\" data-vce-do-apply=\"all el-e0b6b126\"><h3>Compliment normatiu<\/h3><p>Assegurem que els nostres serveis compleixen la normativa vigent, proporcionant transpar\u00e8ncia i confian\u00e7a.<\/p><\/div><\/div><\/div><\/div><\/div><div class=\"vce-col vce-element--has-background vce-col--md-auto vce-col--xs-1 vce-col--xs-last vce-col--xs-first vce-col--sm-last vce-col--sm-first vce-col--md-last vce-col--lg-last vce-col--xl-last price-card\" id=\"el-69d8c41b\"><div class=\"vce-col-inner\" data-vce-do-apply=\"border margin background  el-69d8c41b\" vce-box-shadow=\"el-69d8c41b\"><div class=\"vce-content-background-container\"><\/div><div class=\"vce-col-content\" data-vce-element-content=\"true\" data-vce-do-apply=\"padding el-69d8c41b\"><div class=\"vce-single-image-container vce-single-image--align-left\"><div class=\"vce vce-single-image-wrapper\" id=\"el-746c1062\" data-vce-do-apply=\"all el-746c1062\"><figure><div class=\"vce-single-image-figure-inner\" style=\"width: 49px;\"><div class=\"vce-single-image-inner vce-single-image--absolute\" style=\"width: 100%; padding-bottom: 100%;\"><img loading=\"lazy\" decoding=\"async\" class=\"vce-single-image\"  width=\"49\" height=\"49\" src=\"\/wp-content\/uploads\/2025\/06\/face.svg\" data-img-src=\"\/wp-content\/uploads\/2025\/06\/face.svg\" data-attachment-id=\"4856\"  alt=\"\" title=\"face\" \/><\/div><\/div><figcaption hidden=\"\"><\/figcaption><\/figure><\/div><\/div><div class=\"vce-text-block\"><div class=\"vce-text-block-wrapper vce\" id=\"el-a7ef2def\" data-vce-do-apply=\"all el-a7ef2def\"><h3>Transpar\u00e8ncia<\/h3><p>Valorem la transpar\u00e8ncia cap als nostres clients, per aix\u00f2 posem <a id=\"wp-block-file--media-b9526288-2924-4c39-be9d-8d7150cb1b16\" href=\"https:\/\/www.smartconta.com\/wp-content\/uploads\/2023\/01\/reglament.pdf\">Reglament del Servei Metropolit\u00e0 del Cicle Integral de l\u2019Aigua.<\/a><\/p><\/div><\/div><\/div><\/div><\/div><\/div><\/div><\/div><\/div><\/div><\/div><\/div><\/div><\/div><\/div><\/div><\/div><\/div><\/div><\/div><div class=\"vce-row-container\" id=\"documents\" data-vce-boxed-width=\"true\"><div class=\"vce-row vce-row--col-gap-30 vce-row-equal-height vce-row-content--top\" id=\"el-779ca15f\" data-vce-do-apply=\"all el-779ca15f\"><div class=\"vce-content-background-container\"><\/div><div class=\"vce-row-content\" data-vce-element-content=\"true\"><div class=\"vce-col vce-col--md-auto vce-col--xs-1 vce-col--xs-last vce-col--xs-first vce-col--sm-last vce-col--sm-first vce-col--md-last vce-col--lg-last vce-col--xl-last vce-col--md-first vce-col--lg-first vce-col--xl-first\" id=\"el-86110f6c\"><div class=\"vce-col-inner\" data-vce-do-apply=\"border margin background  el-86110f6c\"><div class=\"vce-content-background-container\"><\/div><div class=\"vce-col-content\" data-vce-element-content=\"true\" data-vce-do-apply=\"padding el-86110f6c\"><div class=\"vce-text-block title-service\"><div class=\"vce-text-block-wrapper vce\" id=\"el-23c71356\" data-vce-do-apply=\"all el-23c71356\"><h2>Les nostres plantilles<\/h2><\/div><\/div><div class=\"vce-text-block text-center\"><div class=\"vce-text-block-wrapper vce\" id=\"el-7c6eec0a\" data-vce-do-apply=\"all el-7c6eec0a\"><p>Descarregueu les plantilles que Smartconta ha creat per poder realitzar possibles canvis en el vostre contracte de manteniment, arrendament o titular.<\/p><\/div><\/div><div class=\"vce-row-container\" data-vce-boxed-width=\"true\"><div class=\"vce-row vce-row--col-gap-30 vce-row-equal-height vce-row-content--top\" id=\"el-752d6e6e\" data-vce-do-apply=\"all el-752d6e6e\"><div class=\"vce-row-content\" data-vce-element-content=\"true\"><div class=\"vce-col vce-col--md-auto vce-col--xs-1 vce-col--xs-last vce-col--xs-first vce-col--sm-last vce-col--sm-first vce-col--md-last vce-col--lg-last vce-col--xl-last vce-col--md-first vce-col--lg-first vce-col--xl-first\" id=\"el-23fa7d43\"><div class=\"vce-col-inner\" data-vce-do-apply=\"border margin background  el-23fa7d43\" id=\"files-download\"><div class=\"vce-col-content\" data-vce-element-content=\"true\" data-vce-do-apply=\"padding el-23fa7d43\"><div class=\"vce-icon-button-container vce-icon-button--align-center\" id=\"el-d820fe23\" style=\"--iconColor: rgb(91, 116, 137); --iconHoverColor: rgb(91, 116, 137); --titleColor: rgb(91, 116, 137); --titleHoverColor: rgb(91, 116, 137);\"><a class=\"vce vce-button vce-icon-button\" href=\"https:\/\/www.smartconta.com\/wp-content\/uploads\/2026\/03\/20221209_SMARTCONTA_Solicitud_portabilidad_CAT.pdf\" title=\"\" target=\"_blank\" data-vce-do-apply=\"all el-d820fe23\"><span class=\"vce-icon-button-icon-wrapper vcv-ui-icon-feather vcv-ui-icon-feather-download\"><\/span><span class=\"vce-icon-button-title\">Sol\u00b7licitud de portabilitat<\/span><\/a><\/div><div class=\"vce-icon-button-container vce-icon-button--align-center\" id=\"el-fadbc99c\" style=\"--iconColor: rgb(91, 116, 137); --iconHoverColor: rgb(91, 116, 137); --titleColor: rgb(91, 116, 137); --titleHoverColor: rgb(91, 116, 137);\"><a class=\"vce vce-button vce-icon-button\" href=\"https:\/\/smartconta.demohiberus.com\/wp-content\/uploads\/2022\/12\/20221209_SMARTCONTA_Cambio_Titular_CAT.docx.pdf\" title=\"\" target=\"_blank\" data-vce-do-apply=\"all el-fadbc99c\"><span class=\"vce-icon-button-icon-wrapper vcv-ui-icon-feather vcv-ui-icon-feather-download\"><\/span><span class=\"vce-icon-button-title\">Canvi de titularitat<\/span><\/a><\/div><div class=\"vce-icon-button-container vce-icon-button--align-center\" id=\"el-f922686a\" style=\"--iconColor: rgb(91, 116, 137); --iconHoverColor: rgb(91, 116, 137); --titleColor: rgb(91, 116, 137); --titleHoverColor: rgb(91, 116, 137);\"><a class=\"vce vce-button vce-icon-button\" href=\"https:\/\/smartconta.demohiberus.com\/wp-content\/uploads\/2022\/12\/20221209_SMARTCONTA_Autorizacion_puntual_CAT.pdf\" title=\"\" target=\"_blank\" data-vce-do-apply=\"all el-f922686a\"><span class=\"vce-icon-button-icon-wrapper vcv-ui-icon-feather vcv-ui-icon-feather-download\"><\/span><span class=\"vce-icon-button-title\">Autoritzaci\u00f3 puntual<\/span><\/a><\/div><\/div><\/div><\/div><\/div><\/div><\/div><div class=\"vce-button--style-basic-container gradient-btn vce-button--style-basic-container--align-center\"><span class=\"vce-button--style-basic-wrapper vce\" id=\"el-af5b7283\" data-vce-do-apply=\"margin el-af5b7283\"><a class=\"vce-button vce-button--style-basic vce-button--style-basic--border-round vce-button--style-basic--size-medium vce-button--style-basic--color-557cbf--fff\" href=\"https:\/\/www.smartconta.com\/ca\/coneix-nos\/plantilles\/\" title=\"\" data-vce-do-apply=\"padding border background  el-af5b7283\">Veure totes les plantilles<\/a><\/span><\/div><\/div><\/div><\/div><\/div><\/div><\/div>\n","protected":false},"excerpt":{"rendered":"<p>Qui som?Som especialistes en el manteniment d&#8217;equips de mesura d&#8217;aiguaA Smartconta garantim el compliment del Reglament del Servei Metropolit\u00e0 del Cicle Integral de l\u00b4Aigua, oferint solucions personalitzades de compra i lloguer d\u00b4equips. +355.000 comptadors gestionats a l&#8217;\u00e0rea metropolitana de Barcelona i 100% homologats per Aig\u00fces de Barcelona Qu\u00e8 oferim?Instal\u00b7laci\u00f3 i manteniment Ens encarreguem de la [&hellip;]<\/p>\n","protected":false},"author":2,"featured_media":0,"parent":0,"menu_order":0,"comment_status":"closed","ping_status":"closed","template":"","meta":{"_acf_changed":false,"inline_featured_image":false,"footnotes":""},"class_list":["post-5109","page","type-page","status-publish","hentry"],"acf":[],"yoast_head":"<!-- This site is optimized with the Yoast SEO plugin v25.4 - https:\/\/yoast.com\/wordpress\/plugins\/seo\/ -->\n<title>Coneix-nos - Smartconta<\/title>\n<meta name=\"robots\" content=\"index, follow, max-snippet:-1, max-image-preview:large, max-video-preview:-1\" \/>\n<link rel=\"canonical\" href=\"https:\/\/www.smartconta.com\/ca\/coneix-nos\/\" \/>\n<meta property=\"og:locale\" content=\"ca_ES\" \/>\n<meta property=\"og:type\" content=\"article\" \/>\n<meta property=\"og:title\" content=\"Coneix-nos - Smartconta\" \/>\n<meta property=\"og:description\" content=\"Qui som?Som especialistes en el manteniment d&#039;equips de mesura d&#039;aiguaA Smartconta garantim el compliment del Reglament del Servei Metropolit\u00e0 del Cicle Integral de l\u00b4Aigua, oferint solucions personalitzades de compra i lloguer d\u00b4equips. +355.000 comptadors gestionats a l&#039;\u00e0rea metropolitana de Barcelona i 100% homologats per Aig\u00fces de Barcelona Qu\u00e8 oferim?Instal\u00b7laci\u00f3 i manteniment Ens encarreguem de la [&hellip;]\" \/>\n<meta property=\"og:url\" content=\"https:\/\/www.smartconta.com\/ca\/coneix-nos\/\" \/>\n<meta property=\"og:site_name\" content=\"Smartconta\" \/>\n<meta property=\"article:modified_time\" content=\"2026-03-27T13:14:50+00:00\" \/>\n<meta name=\"twitter:card\" content=\"summary_large_image\" \/>\n<meta name=\"twitter:label1\" content=\"Temps estimat de lectura\" \/>\n\t<meta name=\"twitter:data1\" content=\"1 minut\" \/>\n<script type=\"application\/ld+json\" class=\"yoast-schema-graph\">{\"@context\":\"https:\/\/schema.org\",\"@graph\":[{\"@type\":\"WebPage\",\"@id\":\"https:\/\/www.smartconta.com\/ca\/coneix-nos\/\",\"url\":\"https:\/\/www.smartconta.com\/ca\/coneix-nos\/\",\"name\":\"Coneix-nos - Smartconta\",\"isPartOf\":{\"@id\":\"https:\/\/www.smartconta.com\/ca\/#website\"},\"datePublished\":\"2025-06-18T15:43:55+00:00\",\"dateModified\":\"2026-03-27T13:14:50+00:00\",\"breadcrumb\":{\"@id\":\"https:\/\/www.smartconta.com\/ca\/coneix-nos\/#breadcrumb\"},\"inLanguage\":\"ca\",\"potentialAction\":[{\"@type\":\"ReadAction\",\"target\":[\"https:\/\/www.smartconta.com\/ca\/coneix-nos\/\"]}]},{\"@type\":\"BreadcrumbList\",\"@id\":\"https:\/\/www.smartconta.com\/ca\/coneix-nos\/#breadcrumb\",\"itemListElement\":[{\"@type\":\"ListItem\",\"position\":1,\"name\":\"Portada\",\"item\":\"https:\/\/www.smartconta.com\/ca\/\"},{\"@type\":\"ListItem\",\"position\":2,\"name\":\"Coneix-nos\"}]},{\"@type\":\"WebSite\",\"@id\":\"https:\/\/www.smartconta.com\/ca\/#website\",\"url\":\"https:\/\/www.smartconta.com\/ca\/\",\"name\":\"Smartconta\",\"description\":\"\",\"potentialAction\":[{\"@type\":\"SearchAction\",\"target\":{\"@type\":\"EntryPoint\",\"urlTemplate\":\"https:\/\/www.smartconta.com\/ca\/?s={search_term_string}\"},\"query-input\":{\"@type\":\"PropertyValueSpecification\",\"valueRequired\":true,\"valueName\":\"search_term_string\"}}],\"inLanguage\":\"ca\"}]}<\/script>\n<!-- \/ Yoast SEO plugin. -->","yoast_head_json":{"title":"Coneix-nos - Smartconta","robots":{"index":"index","follow":"follow","max-snippet":"max-snippet:-1","max-image-preview":"max-image-preview:large","max-video-preview":"max-video-preview:-1"},"canonical":"https:\/\/www.smartconta.com\/ca\/coneix-nos\/","og_locale":"ca_ES","og_type":"article","og_title":"Coneix-nos - Smartconta","og_description":"Qui som?Som especialistes en el manteniment d'equips de mesura d'aiguaA Smartconta garantim el compliment del Reglament del Servei Metropolit\u00e0 del Cicle Integral de l\u00b4Aigua, oferint solucions personalitzades de compra i lloguer d\u00b4equips. +355.000 comptadors gestionats a l'\u00e0rea metropolitana de Barcelona i 100% homologats per Aig\u00fces de Barcelona Qu\u00e8 oferim?Instal\u00b7laci\u00f3 i manteniment Ens encarreguem de la [&hellip;]","og_url":"https:\/\/www.smartconta.com\/ca\/coneix-nos\/","og_site_name":"Smartconta","article_modified_time":"2026-03-27T13:14:50+00:00","twitter_card":"summary_large_image","twitter_misc":{"Temps estimat de lectura":"1 minut"},"schema":{"@context":"https:\/\/schema.org","@graph":[{"@type":"WebPage","@id":"https:\/\/www.smartconta.com\/ca\/coneix-nos\/","url":"https:\/\/www.smartconta.com\/ca\/coneix-nos\/","name":"Coneix-nos - Smartconta","isPartOf":{"@id":"https:\/\/www.smartconta.com\/ca\/#website"},"datePublished":"2025-06-18T15:43:55+00:00","dateModified":"2026-03-27T13:14:50+00:00","breadcrumb":{"@id":"https:\/\/www.smartconta.com\/ca\/coneix-nos\/#breadcrumb"},"inLanguage":"ca","potentialAction":[{"@type":"ReadAction","target":["https:\/\/www.smartconta.com\/ca\/coneix-nos\/"]}]},{"@type":"BreadcrumbList","@id":"https:\/\/www.smartconta.com\/ca\/coneix-nos\/#breadcrumb","itemListElement":[{"@type":"ListItem","position":1,"name":"Portada","item":"https:\/\/www.smartconta.com\/ca\/"},{"@type":"ListItem","position":2,"name":"Coneix-nos"}]},{"@type":"WebSite","@id":"https:\/\/www.smartconta.com\/ca\/#website","url":"https:\/\/www.smartconta.com\/ca\/","name":"Smartconta","description":"","potentialAction":[{"@type":"SearchAction","target":{"@type":"EntryPoint","urlTemplate":"https:\/\/www.smartconta.com\/ca\/?s={search_term_string}"},"query-input":{"@type":"PropertyValueSpecification","valueRequired":true,"valueName":"search_term_string"}}],"inLanguage":"ca"}]}},"_links":{"self":[{"href":"https:\/\/www.smartconta.com\/ca\/wp-json\/wp\/v2\/pages\/5109","targetHints":{"allow":["GET"]}}],"collection":[{"href":"https:\/\/www.smartconta.com\/ca\/wp-json\/wp\/v2\/pages"}],"about":[{"href":"https:\/\/www.smartconta.com\/ca\/wp-json\/wp\/v2\/types\/page"}],"author":[{"embeddable":true,"href":"https:\/\/www.smartconta.com\/ca\/wp-json\/wp\/v2\/users\/2"}],"replies":[{"embeddable":true,"href":"https:\/\/www.smartconta.com\/ca\/wp-json\/wp\/v2\/comments?post=5109"}],"version-history":[{"count":13,"href":"https:\/\/www.smartconta.com\/ca\/wp-json\/wp\/v2\/pages\/5109\/revisions"}],"predecessor-version":[{"id":11104,"href":"https:\/\/www.smartconta.com\/ca\/wp-json\/wp\/v2\/pages\/5109\/revisions\/11104"}],"wp:attachment":[{"href":"https:\/\/www.smartconta.com\/ca\/wp-json\/wp\/v2\/media?parent=5109"}],"curies":[{"name":"wp","href":"https:\/\/api.w.org\/{rel}","templated":true}]}}