{"id":5111,"date":"2025-06-18T19:16:50","date_gmt":"2025-06-18T17:16:50","guid":{"rendered":"https:\/\/www.smartconta.com\/contacte\/"},"modified":"2025-08-01T19:39:49","modified_gmt":"2025-08-01T17:39:49","slug":"contacte","status":"publish","type":"page","link":"https:\/\/www.smartconta.com\/ca\/contacte\/","title":{"rendered":"Contacte"},"content":{"rendered":"<div class=\"vce-row-container\" id=\"hero_default\"><div class=\"vce-row vce-element--has-background vce-row--col-gap-30 vce-row-equal-height vce-row-content--middle\" data-vce-full-width=\"true\" id=\"el-f185315f\" data-vce-do-apply=\"all el-f185315f\"><div class=\"vce-content-background-container\"><\/div><div class=\"vce-row-content\" data-vce-element-content=\"true\"><div class=\"vce-col vce-col--md-auto vce-col--xs-1 vce-col--xs-last vce-col--xs-first vce-col--sm-last vce-col--sm-first vce-col--md-first vce-col--lg-first vce-col--xl-first\" id=\"el-b3f06cb5\"><div class=\"vce-col-inner\" data-vce-do-apply=\"border margin background  el-b3f06cb5\"><div class=\"vce-col-content\" data-vce-element-content=\"true\" data-vce-do-apply=\"padding el-b3f06cb5\"><div class=\"vce-single-image-container vce-single-image--align-left\"><div class=\"vce vce-single-image-wrapper\" id=\"el-7aa71c7f\" data-vce-do-apply=\"all el-7aa71c7f\"><figure><div class=\"vce-single-image-figure-inner\" style=\"width: 222px;\"><div class=\"vce-single-image-inner vce-single-image--absolute\" style=\"width: 100%; padding-bottom: 20.7207%;\"><img loading=\"lazy\" decoding=\"async\" class=\"vce-single-image\"  width=\"222\" height=\"46\" src=\"\/wp-content\/uploads\/2025\/07\/smartconta_color.svg\" data-img-src=\"\/wp-content\/uploads\/2025\/07\/smartconta_color.svg\" data-attachment-id=\"5081\"  alt=\"\" title=\"smartconta_color\" \/><\/div><\/div><figcaption hidden=\"\"><\/figcaption><\/figure><\/div><\/div><div class=\"vce-text-block pre-title\"><div class=\"vce-text-block-wrapper vce\" id=\"el-e7d249a7\" data-vce-do-apply=\"all el-e7d249a7\"><p>Contacte<\/p><\/div><\/div><div class=\"vce-text-block\"><div class=\"vce-text-block-wrapper vce\" id=\"el-225f2312\" data-vce-do-apply=\"all el-225f2312\"><h1>Resolem els teus dubtes i t'ajudem a fer el seg\u00fcent pas<\/h1><\/div><\/div><div class=\"vce-text-block\"><div class=\"vce-text-block-wrapper vce\" id=\"el-f8b930f7\" data-vce-do-apply=\"all el-f8b930f7\"><p>Omple el formulari i un dels nostres experts es posar\u00e0 en contacte amb tu el m\u00e9s aviat possible.<\/p><\/div><\/div><\/div><\/div><\/div><div class=\"vce-col vce-col--md-auto vce-col--xs-1 vce-col--xs-last vce-col--xs-first vce-col--sm-last vce-col--sm-first vce-col--md-last vce-col--lg-last vce-col--xl-last\" id=\"el-1ff49b64\"><div class=\"vce-col-inner\" data-vce-do-apply=\"border margin background  el-1ff49b64\"><div class=\"vce-col-content\" data-vce-element-content=\"true\" data-vce-do-apply=\"padding el-1ff49b64\"><div class=\"vce-single-image-container vce-single-image--align-center\"><div class=\"vce vce-single-image-wrapper\" id=\"el-76be837f\" data-vce-do-apply=\"all el-76be837f\"><figure><div class=\"vce-single-image-figure-inner\" style=\"width: 640px;\"><div class=\"vce-single-image-inner vce-single-image--absolute\" style=\"width: 100%; padding-bottom: 87.0312%;\"><img loading=\"lazy\" decoding=\"async\" class=\"vce-single-image\"  width=\"640\" height=\"557\" srcset=\"https:\/\/www.smartconta.com\/wp-content\/uploads\/2025\/07\/help-320x279.png 320w, https:\/\/www.smartconta.com\/wp-content\/uploads\/2025\/07\/help-480x418.png 480w, https:\/\/www.smartconta.com\/wp-content\/uploads\/2025\/08\/help-640x557.png 640w\" src=\"https:\/\/www.smartconta.com\/wp-content\/uploads\/2025\/08\/help-640x557.png\" data-img-src=\"https:\/\/www.smartconta.com\/wp-content\/uploads\/2025\/07\/help.png\" data-attachment-id=\"5208\"  alt=\"\" title=\"help\" \/><\/div><\/div><figcaption hidden=\"\"><\/figcaption><\/figure><\/div><\/div><\/div><\/div><\/div><\/div><\/div><\/div><div class=\"vce-row-container\" id=\"help-selector\" data-vce-boxed-width=\"true\"><div class=\"vce-row vce-row--col-gap-30 vce-row-equal-height vce-row-content--top\" id=\"el-779ca15f\" data-vce-do-apply=\"all el-779ca15f\"><div class=\"vce-content-background-container\"><\/div><div class=\"vce-row-content\" data-vce-element-content=\"true\"><div class=\"vce-col vce-col--md-auto vce-col--xs-1 vce-col--xs-last vce-col--xs-first vce-col--sm-last vce-col--sm-first vce-col--md-last vce-col--lg-last vce-col--xl-last vce-col--md-first vce-col--lg-first vce-col--xl-first\" id=\"el-86110f6c\"><div class=\"vce-col-inner\" data-vce-do-apply=\"border margin background  el-86110f6c\"><div class=\"vce-content-background-container\"><\/div><div class=\"vce-col-content\" data-vce-element-content=\"true\" data-vce-do-apply=\"padding el-86110f6c\"><div class=\"vce-text-block title-service\"><div class=\"vce-text-block-wrapper vce\" id=\"el-23c71356\" data-vce-do-apply=\"all el-23c71356\"><h2>En qu\u00e8 et podem ajudar?<\/h2><\/div><\/div><div class=\"vce-text-block text-center\"><div class=\"vce-text-block-wrapper vce\" id=\"el-7c6eec0a\" data-vce-do-apply=\"all el-7c6eec0a\"><p>Trieu l'opci\u00f3 que millor s'ajusti al que necessiteu. Et redactarem al formulari indicat perqu\u00e8 puguem ajudar-te de forma m\u00e9s r\u00e0pida i efectiva. A Smartconta volem fer-te tot m\u00e9s simple, tamb\u00e9 el primer pas.<\/p><\/div><\/div><div class=\"vce-row-container\" data-vce-boxed-width=\"true\"><div class=\"vce-row vce-row--col-gap-30 vce-row-equal-height vce-row-content--top\" id=\"el-752d6e6e\" data-vce-do-apply=\"all el-752d6e6e\"><div class=\"vce-content-background-container\"><\/div><div class=\"vce-row-content\" data-vce-element-content=\"true\"><div class=\"vce-col vce-col--md-auto vce-col--xs-1 vce-col--xs-last vce-col--xs-first vce-col--sm-last vce-col--sm-first vce-col--md-last vce-col--lg-last vce-col--xl-last vce-col--md-first vce-col--lg-first vce-col--xl-first\" id=\"el-23fa7d43\"><div class=\"vce-col-inner\" data-vce-do-apply=\"border margin background  el-23fa7d43\" id=\"files-download\"><div class=\"vce-col-content\" data-vce-element-content=\"true\" data-vce-do-apply=\"padding el-23fa7d43\"><div class=\"vce-feature-description vce icon_descrition\" id=\"el-5d59646e\" data-vce-do-apply=\"all el-5d59646e\"><div><div class=\"vce-feature-description-image-wrapper vce-feature-description-image-align--center\" style=\"width: 50px; height: 50px;\"><div class=\"vce-feature-description-image vce-features-shape--filled-square vce-feature-description-image--background-position-center-center\" style=\"background-image: url('\/wp-content\/uploads\/2025\/06\/heart-handshake.svg'); padding: unset; width: 50px; height: 50px;\"><\/div><\/div><div class=\"vce-feature-description-content\"><p><a href=\"https:\/\/www.smartconta.com\/ca\/contacte\/contacte-risc-social\/\">Col\u00b7lectius en risc d'exclusi\u00f3 social<\/a><\/p><\/div><div class=\"\"><\/div><\/div><\/div><div class=\"vce-feature-description vce icon_descrition\" id=\"el-49600c99\" data-vce-do-apply=\"all el-49600c99\"><div><div class=\"vce-feature-description-image-wrapper vce-feature-description-image-align--center\" style=\"width: 50px; height: 50px;\"><div class=\"vce-feature-description-image vce-features-shape--filled-square vce-feature-description-image--background-position-center-center\" style=\"background-image: url('\/wp-content\/uploads\/2025\/06\/scroll-text.svg'); padding: unset; width: 50px; height: 50px;\"><\/div><\/div><div class=\"vce-feature-description-content\"><p><a href=\"https:\/\/www.smartconta.com\/ca\/contacte\/contacte-contracte\/\">Contractes<\/a><\/p><\/div><div class=\"\"><\/div><\/div><\/div><div class=\"vce-feature-description vce icon_descrition\" id=\"el-daf9c1e4\" data-vce-do-apply=\"all el-daf9c1e4\"><div><div class=\"vce-feature-description-image-wrapper vce-feature-description-image-align--center\" style=\"width: 50px; height: 50px;\"><div class=\"vce-feature-description-image vce-features-shape--filled-square vce-feature-description-image--background-position-center-center\" style=\"background-image: url('\/wp-content\/uploads\/2025\/06\/message-circle-question.svg'); padding: unset; width: 50px; height: 50px;\"><\/div><\/div><div class=\"vce-feature-description-content\"><p><a href=\"https:\/\/www.smartconta.com\/ca\/contacte\/contacte-general\/\">General<\/a><\/p><\/div><div class=\"\"><\/div><\/div><\/div><\/div><\/div><\/div><\/div><\/div><\/div><\/div><\/div><\/div><\/div><\/div><\/div><div class=\"vce-row-container\" data-vce-boxed-width=\"true\"><div class=\"vce-row vce-row--col-gap-30 vce-row-equal-height vce-row-content--top\" id=\"el-3db2be48\" data-vce-do-apply=\"all el-3db2be48\"><div class=\"vce-row-content\" data-vce-element-content=\"true\"><div class=\"vce-col vce-col--md-auto vce-col--xs-1 vce-col--xs-last vce-col--xs-first vce-col--sm-last vce-col--sm-first vce-col--md-last vce-col--lg-last vce-col--xl-last vce-col--md-first vce-col--lg-first vce-col--xl-first\" id=\"el-75c41399\"><div class=\"vce-col-inner\" data-vce-do-apply=\"border margin background  el-75c41399\"><div class=\"vce-col-content\" data-vce-element-content=\"true\" data-vce-do-apply=\"padding el-75c41399\"><div class=\"vce-raw-js-container\"><div class=\"vce-raw-js-wrapper\" id=\"el-c97237d5\" data-vce-do-apply=\"all el-c97237d5\"><script type=\"text\/javascript\">document.addEventListener(\"DOMContentLoaded\", function () {\n  const elements = document.querySelectorAll(\".icon_descrition\");\n\n  elements.forEach(function (el) {\n    const link = el.querySelector(\"a\");\n    if (link) {\n      el.style.cursor = \"pointer\";\n      el.addEventListener(\"click\", function () {\n        window.location.href = link.href;\n      });\n    }\n  });\n});<\/script><\/div><\/div><\/div><\/div><\/div><\/div><\/div><\/div>","protected":false},"excerpt":{"rendered":"<p>ContacteResolem els teus dubtes i t&#8217;ajudem a fer el seg\u00fcent pasOmple el formulari i un dels nostres experts es posar\u00e0 en contacte amb tu el m\u00e9s aviat possible.En qu\u00e8 et podem ajudar?Trieu l&#8217;opci\u00f3 que millor s&#8217;ajusti al que necessiteu. Et redactarem al formulari indicat perqu\u00e8 puguem ajudar-te de forma m\u00e9s r\u00e0pida i efectiva. A Smartconta [&hellip;]<\/p>\n","protected":false},"author":2,"featured_media":0,"parent":0,"menu_order":0,"comment_status":"closed","ping_status":"closed","template":"","meta":{"_acf_changed":false,"inline_featured_image":false,"footnotes":""},"class_list":["post-5111","page","type-page","status-publish","hentry"],"acf":[],"yoast_head":"<!-- This site is optimized with the Yoast SEO plugin v25.4 - https:\/\/yoast.com\/wordpress\/plugins\/seo\/ -->\n<title>Contacte - Smartconta<\/title>\n<meta name=\"robots\" content=\"index, follow, max-snippet:-1, max-image-preview:large, max-video-preview:-1\" \/>\n<link rel=\"canonical\" href=\"https:\/\/www.smartconta.com\/ca\/contacte\/\" \/>\n<meta property=\"og:locale\" content=\"ca_ES\" \/>\n<meta property=\"og:type\" content=\"article\" \/>\n<meta property=\"og:title\" content=\"Contacte - Smartconta\" \/>\n<meta property=\"og:description\" content=\"ContacteResolem els teus dubtes i t&#039;ajudem a fer el seg\u00fcent pasOmple el formulari i un dels nostres experts es posar\u00e0 en contacte amb tu el m\u00e9s aviat possible.En qu\u00e8 et podem ajudar?Trieu l&#039;opci\u00f3 que millor s&#039;ajusti al que necessiteu. Et redactarem al formulari indicat perqu\u00e8 puguem ajudar-te de forma m\u00e9s r\u00e0pida i efectiva. A Smartconta [&hellip;]\" \/>\n<meta property=\"og:url\" content=\"https:\/\/www.smartconta.com\/ca\/contacte\/\" \/>\n<meta property=\"og:site_name\" content=\"Smartconta\" \/>\n<meta property=\"article:modified_time\" content=\"2025-08-01T17:39:49+00:00\" \/>\n<meta name=\"twitter:card\" content=\"summary_large_image\" \/>\n<script type=\"application\/ld+json\" class=\"yoast-schema-graph\">{\"@context\":\"https:\/\/schema.org\",\"@graph\":[{\"@type\":\"WebPage\",\"@id\":\"https:\/\/www.smartconta.com\/ca\/contacte\/\",\"url\":\"https:\/\/www.smartconta.com\/ca\/contacte\/\",\"name\":\"Contacte - Smartconta\",\"isPartOf\":{\"@id\":\"https:\/\/www.smartconta.com\/ca\/#website\"},\"datePublished\":\"2025-06-18T17:16:50+00:00\",\"dateModified\":\"2025-08-01T17:39:49+00:00\",\"breadcrumb\":{\"@id\":\"https:\/\/www.smartconta.com\/ca\/contacte\/#breadcrumb\"},\"inLanguage\":\"ca\",\"potentialAction\":[{\"@type\":\"ReadAction\",\"target\":[\"https:\/\/www.smartconta.com\/ca\/contacte\/\"]}]},{\"@type\":\"BreadcrumbList\",\"@id\":\"https:\/\/www.smartconta.com\/ca\/contacte\/#breadcrumb\",\"itemListElement\":[{\"@type\":\"ListItem\",\"position\":1,\"name\":\"Portada\",\"item\":\"https:\/\/www.smartconta.com\/ca\/pago-error\/\"},{\"@type\":\"ListItem\",\"position\":2,\"name\":\"Contacte\"}]},{\"@type\":\"WebSite\",\"@id\":\"https:\/\/www.smartconta.com\/ca\/#website\",\"url\":\"https:\/\/www.smartconta.com\/ca\/\",\"name\":\"Smartconta\",\"description\":\"\",\"potentialAction\":[{\"@type\":\"SearchAction\",\"target\":{\"@type\":\"EntryPoint\",\"urlTemplate\":\"https:\/\/www.smartconta.com\/ca\/?s={search_term_string}\"},\"query-input\":{\"@type\":\"PropertyValueSpecification\",\"valueRequired\":true,\"valueName\":\"search_term_string\"}}],\"inLanguage\":\"ca\"}]}<\/script>\n<!-- \/ Yoast SEO plugin. -->","yoast_head_json":{"title":"Contacte - Smartconta","robots":{"index":"index","follow":"follow","max-snippet":"max-snippet:-1","max-image-preview":"max-image-preview:large","max-video-preview":"max-video-preview:-1"},"canonical":"https:\/\/www.smartconta.com\/ca\/contacte\/","og_locale":"ca_ES","og_type":"article","og_title":"Contacte - Smartconta","og_description":"ContacteResolem els teus dubtes i t'ajudem a fer el seg\u00fcent pasOmple el formulari i un dels nostres experts es posar\u00e0 en contacte amb tu el m\u00e9s aviat possible.En qu\u00e8 et podem ajudar?Trieu l'opci\u00f3 que millor s'ajusti al que necessiteu. Et redactarem al formulari indicat perqu\u00e8 puguem ajudar-te de forma m\u00e9s r\u00e0pida i efectiva. A Smartconta [&hellip;]","og_url":"https:\/\/www.smartconta.com\/ca\/contacte\/","og_site_name":"Smartconta","article_modified_time":"2025-08-01T17:39:49+00:00","twitter_card":"summary_large_image","schema":{"@context":"https:\/\/schema.org","@graph":[{"@type":"WebPage","@id":"https:\/\/www.smartconta.com\/ca\/contacte\/","url":"https:\/\/www.smartconta.com\/ca\/contacte\/","name":"Contacte - Smartconta","isPartOf":{"@id":"https:\/\/www.smartconta.com\/ca\/#website"},"datePublished":"2025-06-18T17:16:50+00:00","dateModified":"2025-08-01T17:39:49+00:00","breadcrumb":{"@id":"https:\/\/www.smartconta.com\/ca\/contacte\/#breadcrumb"},"inLanguage":"ca","potentialAction":[{"@type":"ReadAction","target":["https:\/\/www.smartconta.com\/ca\/contacte\/"]}]},{"@type":"BreadcrumbList","@id":"https:\/\/www.smartconta.com\/ca\/contacte\/#breadcrumb","itemListElement":[{"@type":"ListItem","position":1,"name":"Portada","item":"https:\/\/www.smartconta.com\/ca\/pago-error\/"},{"@type":"ListItem","position":2,"name":"Contacte"}]},{"@type":"WebSite","@id":"https:\/\/www.smartconta.com\/ca\/#website","url":"https:\/\/www.smartconta.com\/ca\/","name":"Smartconta","description":"","potentialAction":[{"@type":"SearchAction","target":{"@type":"EntryPoint","urlTemplate":"https:\/\/www.smartconta.com\/ca\/?s={search_term_string}"},"query-input":{"@type":"PropertyValueSpecification","valueRequired":true,"valueName":"search_term_string"}}],"inLanguage":"ca"}]}},"_links":{"self":[{"href":"https:\/\/www.smartconta.com\/ca\/wp-json\/wp\/v2\/pages\/5111","targetHints":{"allow":["GET"]}}],"collection":[{"href":"https:\/\/www.smartconta.com\/ca\/wp-json\/wp\/v2\/pages"}],"about":[{"href":"https:\/\/www.smartconta.com\/ca\/wp-json\/wp\/v2\/types\/page"}],"author":[{"embeddable":true,"href":"https:\/\/www.smartconta.com\/ca\/wp-json\/wp\/v2\/users\/2"}],"replies":[{"embeddable":true,"href":"https:\/\/www.smartconta.com\/ca\/wp-json\/wp\/v2\/comments?post=5111"}],"version-history":[{"count":14,"href":"https:\/\/www.smartconta.com\/ca\/wp-json\/wp\/v2\/pages\/5111\/revisions"}],"predecessor-version":[{"id":5235,"href":"https:\/\/www.smartconta.com\/ca\/wp-json\/wp\/v2\/pages\/5111\/revisions\/5235"}],"wp:attachment":[{"href":"https:\/\/www.smartconta.com\/ca\/wp-json\/wp\/v2\/media?parent=5111"}],"curies":[{"name":"wp","href":"https:\/\/api.w.org\/{rel}","templated":true}]}}