{"id":5118,"date":"2025-06-19T11:34:12","date_gmt":"2025-06-19T09:34:12","guid":{"rendered":"https:\/\/www.smartconta.com\/contacte\/contacte-domiciliacio\/"},"modified":"2025-07-25T13:15:14","modified_gmt":"2025-07-25T11:15:14","slug":"contacte-domiciliacio","status":"publish","type":"page","link":"https:\/\/www.smartconta.com\/ca\/contacte\/contacte-domiciliacio\/","title":{"rendered":"Contacte domiciliaci\u00f3"},"content":{"rendered":"<div class=\"vce-row-container\" id=\"hero_default\"><div class=\"vce-row vce-element--has-background vce-row--col-gap-30 vce-row-equal-height vce-row-content--middle\" data-vce-full-width=\"true\" id=\"el-f185315f\" data-vce-do-apply=\"all el-f185315f\"><div class=\"vce-content-background-container\"><\/div><div class=\"vce-row-content\" data-vce-element-content=\"true\"><div class=\"vce-col vce-col--md-auto vce-col--xs-1 vce-col--xs-last vce-col--xs-first vce-col--sm-last vce-col--sm-first vce-col--md-last vce-col--lg-last vce-col--xl-last vce-col--md-first vce-col--lg-first vce-col--xl-first\" id=\"el-b3f06cb5\"><div class=\"vce-col-inner\" data-vce-do-apply=\"border margin background  el-b3f06cb5\"><div class=\"vce-col-content\" data-vce-element-content=\"true\" data-vce-do-apply=\"padding el-b3f06cb5\"><div class=\"vce-single-image-container vce-single-image--align-left\"><div class=\"vce vce-single-image-wrapper\" id=\"el-a4cf1d8d\" data-vce-do-apply=\"all el-a4cf1d8d\"><figure><div class=\"vce-single-image-figure-inner\" style=\"width: 222px;\"><div class=\"vce-single-image-inner vce-single-image--absolute\" style=\"width: 100%; padding-bottom: 20.7207%;\"><img loading=\"lazy\" decoding=\"async\" class=\"vce-single-image\"  width=\"222\" height=\"46\" src=\"\/wp-content\/uploads\/2025\/07\/smartconta_color.svg\" data-img-src=\"\/wp-content\/uploads\/2025\/07\/smartconta_color.svg\" data-attachment-id=\"5081\"  alt=\"\" title=\"smartconta_color\" \/><\/div><\/div><figcaption hidden=\"\"><\/figcaption><\/figure><\/div><\/div><div class=\"vce-text-block pre-title\"><div class=\"vce-text-block-wrapper vce\" id=\"el-e7d249a7\" data-vce-do-apply=\"all el-e7d249a7\"><p>Contacte<\/p><\/div><\/div><div class=\"vce-text-block\"><div class=\"vce-text-block-wrapper vce\" id=\"el-225f2312\" data-vce-do-apply=\"all el-225f2312\"><h1>Domiciliaci\u00f3 banc\u00e0ria<\/h1><\/div><\/div><\/div><\/div><\/div><\/div><\/div><\/div><div class=\"vce-row-container\" data-vce-boxed-width=\"true\"><div class=\"vce-row vce-row--col-gap-30 vce-row-equal-height vce-row-content--top\" id=\"el-a8a0f2bc\" data-vce-do-apply=\"all el-a8a0f2bc\"><div class=\"vce-content-background-container\"><\/div><div class=\"vce-row-content\" data-vce-element-content=\"true\"><div class=\"vce-col vce-col--md-auto vce-col--xs-1 vce-col--xs-last vce-col--xs-first vce-col--sm-last vce-col--sm-first vce-col--md-last vce-col--lg-last vce-col--xl-last vce-col--md-first vce-col--lg-first vce-col--xl-first\" id=\"el-346c222d\"><div class=\"vce-col-inner\" data-vce-do-apply=\"border margin background  el-346c222d\"><div class=\"vce-col-content\" data-vce-element-content=\"true\" data-vce-do-apply=\"padding el-346c222d\"><div id=\"el-93347ba3\" class=\"vce-contact-form-7--align-left\"><div class=\"vce vce-contact-form-7\" data-vce-do-apply=\"all el-93347ba3\">\n<div class=\"wpcf7 no-js\" id=\"wpcf7-f5128-o1\" lang=\"ca\" dir=\"ltr\" data-wpcf7-id=\"5128\">\n<div class=\"screen-reader-response\"><p role=\"status\" aria-live=\"polite\" aria-atomic=\"true\"><\/p> <ul><\/ul><\/div>\n<form action=\"\/ca\/wp-json\/wp\/v2\/pages\/5118#wpcf7-f5128-o1\" method=\"post\" class=\"wpcf7-form init\" aria-label=\"Formulari de contacte\" enctype=\"multipart\/form-data\" novalidate=\"novalidate\" data-status=\"init\">\n<fieldset class=\"hidden-fields-container\"><input type=\"hidden\" name=\"_wpcf7\" value=\"5128\" \/><input type=\"hidden\" name=\"_wpcf7_version\" value=\"6.1\" \/><input type=\"hidden\" name=\"_wpcf7_locale\" value=\"ca\" \/><input type=\"hidden\" name=\"_wpcf7_unit_tag\" value=\"wpcf7-f5128-o1\" \/><input type=\"hidden\" name=\"_wpcf7_container_post\" value=\"0\" \/><input type=\"hidden\" name=\"_wpcf7_posted_data_hash\" value=\"\" \/><input type=\"hidden\" name=\"_wpcf7_recaptcha_response\" value=\"\" \/>\n<\/fieldset>\n<div class=\"form-grid\">\n\t<div class=\"col-span-6\">\n\t\t<p><span class=\"wpcf7-form-control-wrap\" data-name=\"nom\"><input size=\"40\" maxlength=\"400\" class=\"wpcf7-form-control wpcf7-text wpcf7-validates-as-required\" aria-required=\"true\" aria-invalid=\"false\" placeholder=\"Nom*\" value=\"\" type=\"text\" name=\"nom\" \/><\/span>\n\t\t<\/p>\n\t<\/div>\n\t<div class=\"col-span-6\">\n\t\t<p><span class=\"wpcf7-form-control-wrap\" data-name=\"cognoms\"><input size=\"40\" maxlength=\"400\" class=\"wpcf7-form-control wpcf7-text wpcf7-validates-as-required\" aria-required=\"true\" aria-invalid=\"false\" placeholder=\"Cognoms*\" value=\"\" type=\"text\" name=\"cognoms\" \/><\/span>\n\t\t<\/p>\n\t<\/div>\n\t<div class=\"col-span-6\">\n\t\t<p><span class=\"wpcf7-form-control-wrap\" data-name=\"nif-nie\"><input size=\"40\" maxlength=\"400\" class=\"wpcf7-form-control wpcf7-text wpcf7-validates-as-required\" aria-required=\"true\" aria-invalid=\"false\" placeholder=\"NIF \/ NIE *\" value=\"\" type=\"text\" name=\"nif-nie\" \/><\/span>\n\t\t<\/p>\n\t<\/div>\n\t<div class=\"col-span-6\">\n\t\t<p><span class=\"wpcf7-form-control-wrap\" data-name=\"email\"><input size=\"40\" maxlength=\"400\" class=\"wpcf7-form-control wpcf7-email wpcf7-validates-as-required wpcf7-text wpcf7-validates-as-email\" aria-required=\"true\" aria-invalid=\"false\" placeholder=\"E-mail*\" value=\"\" type=\"email\" name=\"email\" \/><\/span>\n\t\t<\/p>\n\t<\/div>\n\t<div class=\"col-span-6\">\n\t\t<p><span class=\"wpcf7-form-control-wrap\" data-name=\"telefon\"><input size=\"40\" maxlength=\"400\" class=\"wpcf7-form-control wpcf7-tel wpcf7-validates-as-required wpcf7-text wpcf7-validates-as-tel\" aria-required=\"true\" aria-invalid=\"false\" placeholder=\"Tel\u00e8fon*\" value=\"\" type=\"tel\" name=\"telefon\" \/><\/span>\n\t\t<\/p>\n\t<\/div>\n\t<div class=\"col-span-6\">\n\t\t<p><span class=\"wpcf7-form-control-wrap\" data-name=\"numero-contracte\"><input size=\"40\" maxlength=\"400\" class=\"wpcf7-form-control wpcf7-text wpcf7-validates-as-required\" aria-required=\"true\" aria-invalid=\"false\" placeholder=\"N\u00famero de contracte*\" value=\"\" type=\"text\" name=\"numero-contracte\" \/><\/span>\n\t\t<\/p>\n\t<\/div>\n\t<div class=\"col-span-12\">\n\t\t<p><span class=\"wpcf7-form-control-wrap\" data-name=\"punt-suministre\"><input size=\"40\" maxlength=\"400\" class=\"wpcf7-form-control wpcf7-text wpcf7-validates-as-required\" aria-required=\"true\" aria-invalid=\"false\" placeholder=\"Punt de suministrament*\" value=\"\" type=\"text\" name=\"punt-suministre\" \/><\/span>\n\t\t<\/p>\n\t<\/div>\n\t<div class=\"col-span-4\">\n\t\t<p><span class=\"wpcf7-form-control-wrap\" data-name=\"banc\"><input size=\"40\" maxlength=\"400\" class=\"wpcf7-form-control wpcf7-text wpcf7-validates-as-required\" aria-required=\"true\" aria-invalid=\"false\" placeholder=\"Entitat banc\u00e0ria*\" value=\"\" type=\"text\" name=\"banc\" \/><\/span>\n\t\t<\/p>\n\t<\/div>\n\t<div class=\"col-span-8\">\n\t\t<p><span class=\"wpcf7-form-control-wrap\" data-name=\"compte-bancari\"><input size=\"40\" maxlength=\"400\" class=\"wpcf7-form-control wpcf7-text wpcf7-validates-as-required\" aria-required=\"true\" aria-invalid=\"false\" placeholder=\"N\u00famero de compte bancari (IBAN)*\" value=\"\" type=\"text\" name=\"compte-bancari\" \/><\/span>\n\t\t<\/p>\n\t<\/div>\n\t<div class=\"col-span-12\">\n\t\t<p><span class=\"wpcf7-form-control-wrap\" data-name=\"archivos-adjuntos\"><input size=\"40\" class=\"wpcf7-form-control wpcf7-file\" accept=\".jpg,.png,.pdf,.doc,.docx,.odt\" aria-invalid=\"false\" type=\"file\" name=\"archivos-adjuntos\" \/><\/span>\n\t\t<\/p>\n\t<\/div>\n\t<div class=\"col-span-12\">\n\t\t<p><span class=\"wpcf7-form-control-wrap\" data-name=\"politica-condiciones\"><span class=\"wpcf7-form-control wpcf7-acceptance\"><span class=\"wpcf7-list-item\"><input type=\"checkbox\" name=\"politica-condiciones\" value=\"1\" aria-invalid=\"false\" \/><\/span><\/span><\/span> He llegit i accepto la <a href=\"\/politica-de-privacidad-de-clientes\/\">Pol\u00edtica de Privadesa de clients.<\/a> T'informem que Smartconta tractar\u00e0 les teves dades personals amb la finalitat de tramitar la gesti\u00f3 que sol\u00b7licitis. Pots accedir a les teves dades, sol\u00b7licitar que et modifiquin o suprimeixin, demanar que limitem el tractament, exercir el dret a la portabilitat o oposar-te al tractament en determinats sup\u00f2sits. Pots ampliar informaci\u00f3 de com es tracten les dades a la <a href=\"\/politica-de-privacidad-de-clientes\/\">Pol\u00edtica de Privadesa de clients.<\/a>\n\t\t<\/p>\n\t<\/div>\n\t<div class=\"col-span-12 gradient-btn\">\n\t\t<p><input class=\"wpcf7-form-control wpcf7-submit has-spinner\" type=\"submit\" value=\"Enviar\" \/>\n\t\t<\/p>\n\t<\/div>\n<\/div><div class=\"wpcf7-response-output\" aria-hidden=\"true\"><\/div>\n<\/form>\n<\/div>\n<\/div><\/div><div class=\"vce-text-block\"><div class=\"vce-text-block-wrapper vce\" id=\"el-60d3a701\" data-vce-do-apply=\"all el-60d3a701\"><p>Amb l'objectiu d'optimitzar el proc\u00e9s de facturaci\u00f3 i fer m\u00e9s c\u00f2modes els pagaments, us oferim la possibilitat de domiciliar l'abonament de les vostres futures factures a trav\u00e9s del vostre compte bancari. Aquesta opci\u00f3 us permetr\u00e0 realitzar els pagaments de manera autom\u00e0tica, sense necessitat de preocupar-vos per terminis o gestions addicionals, ja que l'import ser\u00e0 debitat directament a la data de venciment de cada factura. <\/p><p>Per procedir amb la domiciliaci\u00f3 dels vostres pagaments (o canviar les vostres dades banc\u00e0ries ja informades), procedeixi si us plau a emplenar i enviar la seg\u00fcent informaci\u00f3:<\/p><\/div><\/div><\/div><\/div><\/div><\/div><\/div><\/div>\n","protected":false},"excerpt":{"rendered":"<p>ContacteDomiciliaci\u00f3 banc\u00e0riaAmb l&#8217;objectiu d&#8217;optimitzar el proc\u00e9s de facturaci\u00f3 i fer m\u00e9s c\u00f2modes els pagaments, us oferim la possibilitat de domiciliar l&#8217;abonament de les vostres futures factures a trav\u00e9s del vostre compte bancari. Aquesta opci\u00f3 us permetr\u00e0 realitzar els pagaments de manera autom\u00e0tica, sense necessitat de preocupar-vos per terminis o gestions addicionals, ja que l&#8217;import ser\u00e0 [&hellip;]<\/p>\n","protected":false},"author":2,"featured_media":0,"parent":5111,"menu_order":0,"comment_status":"closed","ping_status":"closed","template":"","meta":{"_acf_changed":false,"inline_featured_image":false,"footnotes":""},"class_list":["post-5118","page","type-page","status-publish","hentry"],"acf":[],"yoast_head":"<!-- This site is optimized with the Yoast SEO plugin v25.4 - https:\/\/yoast.com\/wordpress\/plugins\/seo\/ -->\n<title>Contacte domiciliaci\u00f3 - Smartconta<\/title>\n<meta name=\"robots\" content=\"index, follow, max-snippet:-1, max-image-preview:large, max-video-preview:-1\" \/>\n<link rel=\"canonical\" href=\"https:\/\/www.smartconta.com\/ca\/contacte\/contacte-domiciliacio\/\" \/>\n<meta property=\"og:locale\" content=\"ca_ES\" \/>\n<meta property=\"og:type\" content=\"article\" \/>\n<meta property=\"og:title\" content=\"Contacte domiciliaci\u00f3 - Smartconta\" \/>\n<meta property=\"og:description\" content=\"ContacteDomiciliaci\u00f3 banc\u00e0riaAmb l&#039;objectiu d&#039;optimitzar el proc\u00e9s de facturaci\u00f3 i fer m\u00e9s c\u00f2modes els pagaments, us oferim la possibilitat de domiciliar l&#039;abonament de les vostres futures factures a trav\u00e9s del vostre compte bancari. Aquesta opci\u00f3 us permetr\u00e0 realitzar els pagaments de manera autom\u00e0tica, sense necessitat de preocupar-vos per terminis o gestions addicionals, ja que l&#039;import ser\u00e0 [&hellip;]\" \/>\n<meta property=\"og:url\" content=\"https:\/\/www.smartconta.com\/ca\/contacte\/contacte-domiciliacio\/\" \/>\n<meta property=\"og:site_name\" content=\"Smartconta\" \/>\n<meta property=\"article:modified_time\" content=\"2025-07-25T11:15:14+00:00\" \/>\n<meta name=\"twitter:card\" content=\"summary_large_image\" \/>\n<meta name=\"twitter:label1\" content=\"Temps estimat de lectura\" \/>\n\t<meta name=\"twitter:data1\" content=\"1 minut\" \/>\n<script type=\"application\/ld+json\" class=\"yoast-schema-graph\">{\"@context\":\"https:\/\/schema.org\",\"@graph\":[{\"@type\":\"WebPage\",\"@id\":\"https:\/\/www.smartconta.com\/ca\/contacte\/contacte-domiciliacio\/\",\"url\":\"https:\/\/www.smartconta.com\/ca\/contacte\/contacte-domiciliacio\/\",\"name\":\"Contacte domiciliaci\u00f3 - Smartconta\",\"isPartOf\":{\"@id\":\"https:\/\/www.smartconta.com\/ca\/#website\"},\"datePublished\":\"2025-06-19T09:34:12+00:00\",\"dateModified\":\"2025-07-25T11:15:14+00:00\",\"breadcrumb\":{\"@id\":\"https:\/\/www.smartconta.com\/ca\/contacte\/contacte-domiciliacio\/#breadcrumb\"},\"inLanguage\":\"ca\",\"potentialAction\":[{\"@type\":\"ReadAction\",\"target\":[\"https:\/\/www.smartconta.com\/ca\/contacte\/contacte-domiciliacio\/\"]}]},{\"@type\":\"BreadcrumbList\",\"@id\":\"https:\/\/www.smartconta.com\/ca\/contacte\/contacte-domiciliacio\/#breadcrumb\",\"itemListElement\":[{\"@type\":\"ListItem\",\"position\":1,\"name\":\"Portada\",\"item\":\"https:\/\/www.smartconta.com\/ca\/?faq_reutilizable=home-faqs\"},{\"@type\":\"ListItem\",\"position\":2,\"name\":\"Contacte\",\"item\":\"https:\/\/www.smartconta.com\/ca\/?faq_reutilizable=home-faqs\"},{\"@type\":\"ListItem\",\"position\":3,\"name\":\"Contacte domiciliaci\u00f3\"}]},{\"@type\":\"WebSite\",\"@id\":\"https:\/\/www.smartconta.com\/ca\/#website\",\"url\":\"https:\/\/www.smartconta.com\/ca\/\",\"name\":\"Smartconta\",\"description\":\"\",\"potentialAction\":[{\"@type\":\"SearchAction\",\"target\":{\"@type\":\"EntryPoint\",\"urlTemplate\":\"https:\/\/www.smartconta.com\/ca\/?s={search_term_string}\"},\"query-input\":{\"@type\":\"PropertyValueSpecification\",\"valueRequired\":true,\"valueName\":\"search_term_string\"}}],\"inLanguage\":\"ca\"}]}<\/script>\n<!-- \/ Yoast SEO plugin. -->","yoast_head_json":{"title":"Contacte domiciliaci\u00f3 - Smartconta","robots":{"index":"index","follow":"follow","max-snippet":"max-snippet:-1","max-image-preview":"max-image-preview:large","max-video-preview":"max-video-preview:-1"},"canonical":"https:\/\/www.smartconta.com\/ca\/contacte\/contacte-domiciliacio\/","og_locale":"ca_ES","og_type":"article","og_title":"Contacte domiciliaci\u00f3 - Smartconta","og_description":"ContacteDomiciliaci\u00f3 banc\u00e0riaAmb l'objectiu d'optimitzar el proc\u00e9s de facturaci\u00f3 i fer m\u00e9s c\u00f2modes els pagaments, us oferim la possibilitat de domiciliar l'abonament de les vostres futures factures a trav\u00e9s del vostre compte bancari. Aquesta opci\u00f3 us permetr\u00e0 realitzar els pagaments de manera autom\u00e0tica, sense necessitat de preocupar-vos per terminis o gestions addicionals, ja que l'import ser\u00e0 [&hellip;]","og_url":"https:\/\/www.smartconta.com\/ca\/contacte\/contacte-domiciliacio\/","og_site_name":"Smartconta","article_modified_time":"2025-07-25T11:15:14+00:00","twitter_card":"summary_large_image","twitter_misc":{"Temps estimat de lectura":"1 minut"},"schema":{"@context":"https:\/\/schema.org","@graph":[{"@type":"WebPage","@id":"https:\/\/www.smartconta.com\/ca\/contacte\/contacte-domiciliacio\/","url":"https:\/\/www.smartconta.com\/ca\/contacte\/contacte-domiciliacio\/","name":"Contacte domiciliaci\u00f3 - Smartconta","isPartOf":{"@id":"https:\/\/www.smartconta.com\/ca\/#website"},"datePublished":"2025-06-19T09:34:12+00:00","dateModified":"2025-07-25T11:15:14+00:00","breadcrumb":{"@id":"https:\/\/www.smartconta.com\/ca\/contacte\/contacte-domiciliacio\/#breadcrumb"},"inLanguage":"ca","potentialAction":[{"@type":"ReadAction","target":["https:\/\/www.smartconta.com\/ca\/contacte\/contacte-domiciliacio\/"]}]},{"@type":"BreadcrumbList","@id":"https:\/\/www.smartconta.com\/ca\/contacte\/contacte-domiciliacio\/#breadcrumb","itemListElement":[{"@type":"ListItem","position":1,"name":"Portada","item":"https:\/\/www.smartconta.com\/ca\/?faq_reutilizable=home-faqs"},{"@type":"ListItem","position":2,"name":"Contacte","item":"https:\/\/www.smartconta.com\/ca\/?faq_reutilizable=home-faqs"},{"@type":"ListItem","position":3,"name":"Contacte domiciliaci\u00f3"}]},{"@type":"WebSite","@id":"https:\/\/www.smartconta.com\/ca\/#website","url":"https:\/\/www.smartconta.com\/ca\/","name":"Smartconta","description":"","potentialAction":[{"@type":"SearchAction","target":{"@type":"EntryPoint","urlTemplate":"https:\/\/www.smartconta.com\/ca\/?s={search_term_string}"},"query-input":{"@type":"PropertyValueSpecification","valueRequired":true,"valueName":"search_term_string"}}],"inLanguage":"ca"}]}},"_links":{"self":[{"href":"https:\/\/www.smartconta.com\/ca\/wp-json\/wp\/v2\/pages\/5118","targetHints":{"allow":["GET"]}}],"collection":[{"href":"https:\/\/www.smartconta.com\/ca\/wp-json\/wp\/v2\/pages"}],"about":[{"href":"https:\/\/www.smartconta.com\/ca\/wp-json\/wp\/v2\/types\/page"}],"author":[{"embeddable":true,"href":"https:\/\/www.smartconta.com\/ca\/wp-json\/wp\/v2\/users\/2"}],"replies":[{"embeddable":true,"href":"https:\/\/www.smartconta.com\/ca\/wp-json\/wp\/v2\/comments?post=5118"}],"version-history":[{"count":1,"href":"https:\/\/www.smartconta.com\/ca\/wp-json\/wp\/v2\/pages\/5118\/revisions"}],"predecessor-version":[{"id":5157,"href":"https:\/\/www.smartconta.com\/ca\/wp-json\/wp\/v2\/pages\/5118\/revisions\/5157"}],"up":[{"embeddable":true,"href":"https:\/\/www.smartconta.com\/ca\/wp-json\/wp\/v2\/pages\/5111"}],"wp:attachment":[{"href":"https:\/\/www.smartconta.com\/ca\/wp-json\/wp\/v2\/media?parent=5118"}],"curies":[{"name":"wp","href":"https:\/\/api.w.org\/{rel}","templated":true}]}}