{"id":5122,"date":"2025-06-02T15:21:31","date_gmt":"2025-06-02T13:21:31","guid":{"rendered":"https:\/\/www.smartconta.com\/politica-de-privadesa\/"},"modified":"2025-08-05T22:10:44","modified_gmt":"2025-08-05T20:10:44","slug":"politica-de-privadesa","status":"publish","type":"page","link":"https:\/\/www.smartconta.com\/ca\/politica-de-privadesa\/","title":{"rendered":"Pol\u00edtica de privadesa"},"content":{"rendered":"<div class=\"vce-row-container\" data-vce-boxed-width=\"true\"><div class=\"vce-row vce-row--col-gap-30 vce-row-equal-height vce-row-content--top\" id=\"el-362e83dc\" data-vce-do-apply=\"all el-362e83dc\"><div class=\"vce-row-content\" data-vce-element-content=\"true\"><div class=\"vce-col vce-col--md-auto vce-col--xs-1 vce-col--xs-last vce-col--xs-first vce-col--sm-last vce-col--sm-first vce-col--md-last vce-col--lg-last vce-col--xl-last vce-col--md-first vce-col--lg-first vce-col--xl-first\" id=\"el-cc6b3e91\"><div class=\"vce-col-inner\" data-vce-do-apply=\"border margin background  el-cc6b3e91\"><div class=\"vce-col-content\" data-vce-element-content=\"true\" data-vce-do-apply=\"padding el-cc6b3e91\"><div class=\"vce-text-block\"><div class=\"vce-text-block-wrapper vce\" id=\"el-a9cd7ea5\" data-vce-do-apply=\"all el-a9cd7ea5\"><h1>Pol\u00edtica de privadesa<\/h1><p>Aquesta Pol\u00edtica t\u00e9 per objecte donar a con\u00e8ixer la manera com obtenim, tractem i protegim les dades personals que facilitis o recullem com a usuari de la web de SMARTCONTA (d'ara endavant, el \u201cLloc web\u201d o \u201cla Web\u201d), per mitj\u00e0 de formularis i\/o cookies perqu\u00e8 puguis decidir lliurement i volunt\u00e0riament si vols que els tractem.<\/p><p>En relaci\u00f3 als clients de SMARTCONTA, podeu trobar m\u00e9s informaci\u00f3 sobre el tractament de les vostres dades a la <a href=\"https:\/\/www.smartconta.com\/politica-de-privacidad-de-clientes\/\">Pol\u00edtica de Privadesa de Clients<\/a><\/p><h2 id=\"1-qui-n-es-el-responsable-del-tratamiento-de-los-datos-recabados-a-trav-s-de-este-sitio-web-\">Qui \u00e9s el Responsable del tractament de les dades recollides a trav\u00e9s d\u2019aquest lloc web?<\/h2><p>El responsable del tractament de les dades personals recollides a trav\u00e9s d\u2019aquest lloc web \u00e9s SMARTCONTA, S.L. amb CIF B72846603 (d\u2019ara endavant, \u201cSMARTCONTA\u201d) amb NIF B72846603 i domicili social a Barcelona, Passeig del Ferrocarril, 337, 4t, Castelldefels.<\/p><p>Addicionalment, SMARTCONTA ha nomenat un Delegat de Protecci\u00f3 de Dades amb qui pot contactar si t\u00e9 qualsevol dubte o queixa en mat\u00e8ria de protecci\u00f3 de dades. La seva reclamaci\u00f3 s\u2019investigar\u00e0 de forma confidencial. <\/p><p>Pot contactar amb el nostre Delegat de Protecci\u00f3 de Dades per correu electr\u00f2nic \u2013 <a href=\"mailto:privacy@smartconta.com\">privacy@smartconta.com<\/a> o per correu postal a l\u2019adre\u00e7a (apartat postal FD1290), indicant a l\u2019embolcall \u201cA l\u2019atenci\u00f3 del delegat de protecci\u00f3 de dades de SMARTCONTA\u201d.<\/p><h2 id=\"2-qu-tipo-de-datos-recoge-smartconta-recabados-a-trav-s-de-este-sitio-web-y-para-qu-se-utilizan-y-cu-l-es-la-base-de-legitimaci-n-\">Quin tipus de dades recull SMARTCONTA a trav\u00e9s d\u2019aquest lloc web, per a qu\u00e8 s\u2019utilitzen i quina \u00e9s la base de legitimaci\u00f3?<\/h2><p>Visitar la Web de SMARTCONTA i navegar per les diferents seccions no requereix que es faciliti cap dada de car\u00e0cter personal. No obstant aix\u00f2, recollirem determinada informaci\u00f3 relacionada amb la navegaci\u00f3 que realitza (que no sempre ens permetr\u00e0 identificar <a href=\"https:\/\/www.smartconta.com\/politica-de-cookies\/\">a<\/a> l'Usuari) a trav\u00e9s de <em>cookies<\/em> instal\u00b7lades al vostre equip.  <\/p><p>L\u2019Usuari del Web pot realitzar diferents gestions en qu\u00e8, no essent client ni estant registrat al nostre sistema, ser\u00e0 necessari tractar les seves dades personals, per exemple: fer consultes, formular queixes o presentar reclamacions aix\u00ed com utilitzar el nostre canal de den\u00fancies, tal com s\u2019explica a continuaci\u00f3:<\/p><h3 id=\"1-contacto-con-smartconta-para-realizar-consultas-formular-quejas-o-presentar-reclamaciones-\">Contacte amb Smartconta per fer consultes, formular queixes o presentar reclamacions:<\/h3><p>Segons la gesti\u00f3 a realitzar i per poder atendre-la correctament, es podran sol\u00b7licitar <strong>dades identificatives<\/strong> (nom, cognoms i DNI en alguns casos), <strong>dades de contacte<\/strong> (adre\u00e7a postal, tel\u00e8fon, correu electr\u00f2nic segons la petici\u00f3), <strong>altres dades<\/strong> relacionades amb la petici\u00f3 que s'efectua, adre\u00e7a del punt de subministrament, entre d'altres.<\/p><ul><li>Les seves dades es tractaran amb la finalitat de gestionar la sol\u00b7licitud continguda al formulari al qual accedeix i completa.<\/li><li>Les dades de la persona que contacti es tractaran sobre la base del consentiment atorgat en fer el contacte amb la companyia.<\/li><\/ul><h3 id=\"2-utilizaci-n-del-canal-de-denuncias-sistema-interno-de-informaci-n-\">2. \u00das del canal de den\u00fancies (Sistema intern d\u2019informaci\u00f3)<\/h3><p>En relaci\u00f3 amb la presentaci\u00f3 de comunicacions mitjan\u00e7ant el nostre Sistema Intern d\u2019Informaci\u00f3, disponible a trav\u00e9s d\u2019<a href=\"https:\/\/smartconta.com\/canal-de-denuncias\/\">aquest formulari<\/a>, es tractaran les dades relatives a: nom i cognoms (excepte si opten per realitzar una comunicaci\u00f3 an\u00f2nima, si escau), dades de contacte (correu electr\u00f2nic o altre mitj\u00e0 per poder fer el seguiment de la comunicaci\u00f3), i la descripci\u00f3 dels fets o observacions que motiven la comunicaci\u00f3, incloent, si escau, la identificaci\u00f3 de les persones implicades.<\/p><p>En aquest sentit, aquestes dades seran tractades pel Responsable del Sistema de SMARTCONTA de forma confidencial amb la finalitat de complir l\u2019obligaci\u00f3 legal de gestionar i tramitar la comunicaci\u00f3 presentada, i dur a terme el procediment d\u2019an\u00e0lisi i investigaci\u00f3 de fets irregulars, il\u00b7legals o que tinguin rellev\u00e0ncia penal comesos dins l\u2019organitzaci\u00f3, i al mateix temps aplicar els requisits i altres obligacions de la Llei 2\/2023, de 20 de febrer, reguladora de la protecci\u00f3 de les persones que informen sobre infraccions normatives i de lluita contra la corrupci\u00f3.<\/p><p>El tractament de les seves dades personals i les de les persones involucrades es basar\u00e0 en el compliment d\u2019una obligaci\u00f3 legal, d\u2019acord amb el que estableix la Llei 2\/2023. En cas que la den\u00fancia inclogui o impliqui el tractament de categories especials de dades, es procedir\u00e0 a la seva immediata supressi\u00f3, llevat que el seu tractament sigui necessari, en aquest cas el tractament es basar\u00e0 en raons d\u2019un inter\u00e8s p\u00fablic essencial (sup\u00f2sit de l\u2019article 9.2.g del RGPD). <\/p><h3 id=\"3-qu-medidas-de-seguridad-se-han-implantado-para-proteger-los-datos-personales-\">3. Quines mesures de seguretat han estat implantades per protegir les dades personals?<\/h3><p>SMARTCONTA tractar\u00e0 les dades personals de manera absolutament confidencial. Aix\u00ed mateix, ha implantat mesures t\u00e8cniques i organitzatives adequades per garantir-ne la seguretat i evitar-ne la destrucci\u00f3, la p\u00e8rdua, l'acc\u00e9s il\u00b7l\u00edcit o l'alteraci\u00f3 il\u00b7l\u00edcita.  <\/p><h3 id=\"4-qui-nes-pueden-acceder-a-los-datos-personales-facilitados-a-smartconta-a-trav-s-de-este-sitio-web-\">4. Qui pot accedir a les dades personals facilitades a SMARTCONTA a trav\u00e9s d'aquest lloc web?<\/h3><p>SMARTCONTA utilitza prestadors de serveis que, si escau, hauran d'accedir a les dades d'usuaris per poder realitzar la gesti\u00f3 que sol\u00b7licita. Aquests prestadors tindran la condici\u00f3 d'encarregats del tractament, i \u00fanicament tractaran les dades personals d'acord amb les instruccions de SMARTCONTA. En cap cas utilitzaran les dades personals de l'Usuari per a finalitats pr\u00f2pies o diferents de les detallades en aquesta Pol\u00edtica.  <\/p><p>Per efici\u00e8ncia del servei, alguns dels nostres prove\u00efdors estan ubicats a pa\u00efsos situats fora de l'Espai Econ\u00f2mic Europeu (EEE) o, estant ubicades a EEE, comparteixen la informaci\u00f3 amb altres entitats ubicades fora d'aquest territori. SMARTCONTA, garanteix que: <\/p><ul><li>Les transfer\u00e8ncies es fan a pa\u00efsos respecte dels quals la Comissi\u00f3 Europea ha declarat que proporcionen un nivell de protecci\u00f3 equiparable a l'europeu<\/li><li>En abs\u00e8ncia d'aquesta declaraci\u00f3 d'adequaci\u00f3 (actualment, nom\u00e9s es fan transfer\u00e8ncies als EUA, entre d'altres), s'han signat les Cl\u00e0usules Contractuals Tipus aprovades per la Comissi\u00f3<\/li><\/ul><p>Podeu consultar aquesta informaci\u00f3 a la p\u00e0gina de l'AEPD: <a href=\"https:\/\/www.aepd.es\/es\/derechos-y-deberes\/cumple-tus-deberes\/medidas-de-cumplimiento\/transferencias-internacionales\">https:\/\/www.aepd.es\/es\/derechos-y-deberes\/cumple-tus-deberes\/medidas-de-cumplimiento\/transferencias-internacionales<\/a><\/p><p>Per a m\u00e9s informaci\u00f3, contacteu amb el Delegat de Protecci\u00f3 de dades de SMARTCONTA.<\/p><h3 id=\"5-a-qui-n-comunicamos-sus-datos-\">5. A qui comuniquem les vostres dades?<\/h3><p>SMARTCONTA no comunica les vostres dades personals recollides a trav\u00e9s d'aquest lloc web a terceres parts, llevat que vost\u00e8. ho consenti expressament o per donar compliment a una obligaci\u00f3 legal.<\/p><p>En relaci\u00f3 amb la presentaci\u00f3 de comunicacions a trav\u00e9s del nostre Sistema Intern Intern d\u2019Informaci\u00f3, les dades de car\u00e0cter personal poden ser comunicades a l\u2019Autoritat judicial, Ministeri Fiscal o a l\u2019autoritat administrativa competent en el marc de la investigaci\u00f3 penal, disciplin\u00e0ria o sancionadora. Tamb\u00e9 podran tenir acc\u00e9s a les dades personals els instructors que s\u2019encarreguin de la corresponent investigaci\u00f3. <\/p><h3 id=\"6-por-cu-nto-tiempo-conservamos-sus-datos-\">6. Per quant de temps conservem les vostres dades?<\/h3><p>Les vostres dades personals seran conservades pel temps necessari per donar resposta a la vostra consulta o petici\u00f3. Posteriorment, es conservaran bloquejats per respondre de responsabilitats legals eventuals. Transcorregut aquest per\u00edode les vostres dades seran eliminades de forma definitiva.  <\/p><p>En relaci\u00f3 amb la presentaci\u00f3 de comunicacions a trav\u00e9s del nostre Sistema Intern d\u2019Informaci\u00f3, les dades personals relatives a les comunicacions rebudes i a les investigacions internes nom\u00e9s es conservaran durant el per\u00edode que sigui necessari i proporcionat per a decidir sobre la proced\u00e8ncia d\u2019iniciar una investigaci\u00f3 sobre els fets informats. En cas de proced\u00e8ncia d\u2019investigaci\u00f3, nom\u00e9s es conservaran en la mesura que sigui necessari per complir amb la Llei 2\/2023 o qualsevol altra obligaci\u00f3 legal imposada a SMARTCONTA i, en cap cas, per un per\u00edode superior a deu anys. En cap cas seran objecte de tractament les dades personals que no siguin necess\u00e0ries per al coneixement i investigaci\u00f3, per la qual cosa SMARTCONTA procedir\u00e0, si escau, a la seva immediata supressi\u00f3. Aix\u00ed mateix, es suprimiran totes aquelles dades personals que puguin haver estat incloses en la den\u00fancia i que es refereixin a conductes no rellevants a efectes de la Llei 2\/2023.   <\/p><h3 id=\"7-cu-les-son-sus-derechos-en-materia-de-protecci-n-de-datos-y-c-mo-puede-ejercitarlos-\">7. \u00bf Quins s\u00f3n els seus drets en mat\u00e8ria de protecci\u00f3 de dades i com els pot exercir?<\/h3><p>La Llei li reconeix, en cas que hagi atorgat el seu consentiment a poder retirar-lo en qualsevol moment, aix\u00ed com poder exercir els seg\u00fcents drets en mat\u00e8ria de protecci\u00f3 de dades:<\/p><table><thead><tr><th style=\"text-align: left;\">DRET<\/th> <th style=\"text-align: left;\">CONTINGUT<\/th><\/tr><\/thead><tbody><tr><td style=\"text-align: left;\"><strong>Acc\u00e9s<\/strong><\/td> <td style=\"text-align: left;\">Podreu consultar quines dades personals estan incloses a les bases de dades de SMARTCONTA.<\/td><\/tr><tr><td style=\"text-align: left;\"><strong>Rectificaci\u00f3<\/strong><\/td> <td style=\"text-align: left;\">Podreu modificar les vostres dades personals quan siguin inexactes o incomplets.<\/td><\/tr><tr><td style=\"text-align: left;\"><strong>Oposici\u00f3<\/strong><\/td><td style=\"text-align: left;\">Sol\u00b7licitar que no tractem les dades personals per a algunes finalitats concretes. No obstant aix\u00f2, cal tenir en compte que, en relaci\u00f3 amb la presentaci\u00f3 de comunicacions mitjan\u00e7ant el Sistema Intern d\u2019Informaci\u00f3, si la persona a la qual es refereixen els fets relatats a la den\u00fancia exerc\u00eds el seu dret d\u2019oposici\u00f3, la Llei 2\/2023 permet a SMARTCONTA presumir que, llevat de prova en contrari, existeixen motius leg\u00edtims imperiosos que legitimen el tractament de les seves dades personals. <\/td><\/tr><tr><td style=\"text-align: left;\"><strong>Supressi\u00f3<\/strong><\/td> <td style=\"text-align: left;\">Podreu sol\u00b7licitar que eliminem les vostres dades personals.<\/td><\/tr><tr><td style=\"text-align: left;\"><strong>Limitaci\u00f3 del tractament<\/strong><\/td><td style=\"text-align: left;\">Podreu sol\u00b7licitar la limitaci\u00f3 al tractament de les vostres dades en els casos seg\u00fcents: Mentre es comprova la impugnaci\u00f3 de l'exactitud de les vostres dades. Quan el tractament \u00e9s il\u00b7l\u00edcit, per\u00f2 vost\u00e8. s'oposa a la supressi\u00f3 de les vostres dades. Quan SMARTCONTA no necessiti tractar les seves dades, per\u00f2 vost\u00e8. els necessiteu per a l'exercici o la defensa de reclamacions. Quan vost\u00e8. s'hagi oposat al tractament de les vostres dades per al compliment d'una missi\u00f3 en inter\u00e8s p\u00fablic o per a la satisfacci\u00f3 d'un inter\u00e8s leg\u00edtim, mentre es verifica si els motius leg\u00edtims per al tractament prevalen sobre els vostres.   <\/td><\/tr><tr><td style=\"text-align: left;\"><strong>Portabilitat<\/strong><\/td> <td style=\"text-align: left;\">Podreu rebre, en format electr\u00f2nic, les dades personals que ens heu facilitat, aix\u00ed com a transmetre-les a un altre responsable.<\/td><\/tr><\/tbody><\/table><p><strong>Per exercir els anteriors drets, o revocar el consentiment prestat <\/strong>, n'hi haur\u00e0 prou que ens envieu la vostra sol\u00b7licitud per qualsevol dels mitjans seg\u00fcents:<\/p><ul><li>Per correu postal a l'adre\u00e7a: apartat postal FD 1290<\/li><li>Per correu electr\u00f2nic: <a href=\"mailto:atencionalcliente@smartconta.com\">atencionalcliente@smartconta.com .<\/a><\/li><\/ul><p>El sol\u00b7licitant haur\u00e0 d'estar suficientment identificat a la sol\u00b7licitud. Quan el responsable del tractament tingui dubtes raonables en relaci\u00f3 amb la identitat de la persona f\u00edsica que cursa la sol\u00b7licitud, podr\u00e0 sol\u00b7licitar que faciliti la informaci\u00f3 addicional necess\u00e0ria per confirmar-ne la identitat. En cas que s'actu\u00ef a trav\u00e9s de representaci\u00f3 legal, cal aportar, a m\u00e9s, DNI i document acreditatiu de la representaci\u00f3 del representant.  <\/p><p>Si teniu qualsevol dubte sobre el tractament de la vostra informaci\u00f3 personal, podeu contactar amb el Delegat de Protecci\u00f3 de Dades de SMARTCONTA al correu electr\u00f2nic <a href=\"mailto:privacy@smartconta.com\">privacy@smartconta.com<\/a> o per correu postal a l'adre\u00e7a, apartat postal FD 1290, indicant al sobre \u201cA l'atenci\u00f3 del delegat de protecci\u00f3 de dades de SMARTCONTA\u00bb<\/p><p>En tot cas, com a afectat o interessat, vost\u00e8 tamb\u00e9 pot presentar les den\u00fancies que consideri oportunes davant de l' <strong><em>Autoritat Catalana de Protecci\u00f3 de Dades<\/em><\/strong> ( <a href=\"http:\/\/www.apdcat.cat\">www.apdcat.cat <\/a>)<\/p><\/div><\/div><\/div><\/div><\/div><\/div><\/div><\/div>\n","protected":false},"excerpt":{"rendered":"<p>Pol\u00edtica de privadesaAquesta Pol\u00edtica t\u00e9 per objecte donar a con\u00e8ixer la manera com obtenim, tractem i protegim les dades personals que facilitis o recullem com a usuari de la web de SMARTCONTA (d&#8217;ara endavant, el \u201cLloc web\u201d o \u201cla Web\u201d), per mitj\u00e0 de formularis i\/o cookies perqu\u00e8 puguis decidir lliurement i volunt\u00e0riament si vols que [&hellip;]<\/p>\n","protected":false},"author":1,"featured_media":0,"parent":0,"menu_order":0,"comment_status":"closed","ping_status":"closed","template":"","meta":{"_acf_changed":false,"inline_featured_image":false,"footnotes":""},"class_list":["post-5122","page","type-page","status-publish","hentry"],"acf":[],"yoast_head":"<!-- This site is optimized with the Yoast SEO plugin v25.4 - https:\/\/yoast.com\/wordpress\/plugins\/seo\/ -->\n<title>Pol\u00edtica de privadesa - Smartconta<\/title>\n<meta name=\"robots\" content=\"index, follow, max-snippet:-1, max-image-preview:large, max-video-preview:-1\" \/>\n<link rel=\"canonical\" href=\"https:\/\/www.smartconta.com\/ca\/politica-de-privadesa\/\" \/>\n<meta property=\"og:locale\" content=\"ca_ES\" \/>\n<meta property=\"og:type\" content=\"article\" \/>\n<meta property=\"og:title\" content=\"Pol\u00edtica de privadesa - Smartconta\" \/>\n<meta property=\"og:description\" content=\"Pol\u00edtica de privadesaAquesta Pol\u00edtica t\u00e9 per objecte donar a con\u00e8ixer la manera com obtenim, tractem i protegim les dades personals que facilitis o recullem com a usuari de la web de SMARTCONTA (d&#039;ara endavant, el \u201cLloc web\u201d o \u201cla Web\u201d), per mitj\u00e0 de formularis i\/o cookies perqu\u00e8 puguis decidir lliurement i volunt\u00e0riament si vols que [&hellip;]\" \/>\n<meta property=\"og:url\" content=\"https:\/\/www.smartconta.com\/ca\/politica-de-privadesa\/\" \/>\n<meta property=\"og:site_name\" content=\"Smartconta\" \/>\n<meta property=\"article:modified_time\" content=\"2025-08-05T20:10:44+00:00\" \/>\n<meta name=\"twitter:card\" content=\"summary_large_image\" \/>\n<meta name=\"twitter:label1\" content=\"Temps estimat de lectura\" \/>\n\t<meta name=\"twitter:data1\" content=\"9 minuts\" \/>\n<script type=\"application\/ld+json\" class=\"yoast-schema-graph\">{\"@context\":\"https:\/\/schema.org\",\"@graph\":[{\"@type\":\"WebPage\",\"@id\":\"https:\/\/www.smartconta.com\/ca\/politica-de-privadesa\/\",\"url\":\"https:\/\/www.smartconta.com\/ca\/politica-de-privadesa\/\",\"name\":\"Pol\u00edtica de privadesa - Smartconta\",\"isPartOf\":{\"@id\":\"https:\/\/www.smartconta.com\/ca\/#website\"},\"datePublished\":\"2025-06-02T13:21:31+00:00\",\"dateModified\":\"2025-08-05T20:10:44+00:00\",\"breadcrumb\":{\"@id\":\"https:\/\/www.smartconta.com\/ca\/politica-de-privadesa\/#breadcrumb\"},\"inLanguage\":\"ca\",\"potentialAction\":[{\"@type\":\"ReadAction\",\"target\":[\"https:\/\/www.smartconta.com\/ca\/politica-de-privadesa\/\"]}]},{\"@type\":\"BreadcrumbList\",\"@id\":\"https:\/\/www.smartconta.com\/ca\/politica-de-privadesa\/#breadcrumb\",\"itemListElement\":[{\"@type\":\"ListItem\",\"position\":1,\"name\":\"Portada\",\"item\":\"https:\/\/www.smartconta.com\/ca\/?faq_reutilizable=home-faqs\"},{\"@type\":\"ListItem\",\"position\":2,\"name\":\"Pol\u00edtica de privadesa\"}]},{\"@type\":\"WebSite\",\"@id\":\"https:\/\/www.smartconta.com\/ca\/#website\",\"url\":\"https:\/\/www.smartconta.com\/ca\/\",\"name\":\"Smartconta\",\"description\":\"\",\"potentialAction\":[{\"@type\":\"SearchAction\",\"target\":{\"@type\":\"EntryPoint\",\"urlTemplate\":\"https:\/\/www.smartconta.com\/ca\/?s={search_term_string}\"},\"query-input\":{\"@type\":\"PropertyValueSpecification\",\"valueRequired\":true,\"valueName\":\"search_term_string\"}}],\"inLanguage\":\"ca\"}]}<\/script>\n<!-- \/ Yoast SEO plugin. -->","yoast_head_json":{"title":"Pol\u00edtica de privadesa - Smartconta","robots":{"index":"index","follow":"follow","max-snippet":"max-snippet:-1","max-image-preview":"max-image-preview:large","max-video-preview":"max-video-preview:-1"},"canonical":"https:\/\/www.smartconta.com\/ca\/politica-de-privadesa\/","og_locale":"ca_ES","og_type":"article","og_title":"Pol\u00edtica de privadesa - Smartconta","og_description":"Pol\u00edtica de privadesaAquesta Pol\u00edtica t\u00e9 per objecte donar a con\u00e8ixer la manera com obtenim, tractem i protegim les dades personals que facilitis o recullem com a usuari de la web de SMARTCONTA (d'ara endavant, el \u201cLloc web\u201d o \u201cla Web\u201d), per mitj\u00e0 de formularis i\/o cookies perqu\u00e8 puguis decidir lliurement i volunt\u00e0riament si vols que [&hellip;]","og_url":"https:\/\/www.smartconta.com\/ca\/politica-de-privadesa\/","og_site_name":"Smartconta","article_modified_time":"2025-08-05T20:10:44+00:00","twitter_card":"summary_large_image","twitter_misc":{"Temps estimat de lectura":"9 minuts"},"schema":{"@context":"https:\/\/schema.org","@graph":[{"@type":"WebPage","@id":"https:\/\/www.smartconta.com\/ca\/politica-de-privadesa\/","url":"https:\/\/www.smartconta.com\/ca\/politica-de-privadesa\/","name":"Pol\u00edtica de privadesa - Smartconta","isPartOf":{"@id":"https:\/\/www.smartconta.com\/ca\/#website"},"datePublished":"2025-06-02T13:21:31+00:00","dateModified":"2025-08-05T20:10:44+00:00","breadcrumb":{"@id":"https:\/\/www.smartconta.com\/ca\/politica-de-privadesa\/#breadcrumb"},"inLanguage":"ca","potentialAction":[{"@type":"ReadAction","target":["https:\/\/www.smartconta.com\/ca\/politica-de-privadesa\/"]}]},{"@type":"BreadcrumbList","@id":"https:\/\/www.smartconta.com\/ca\/politica-de-privadesa\/#breadcrumb","itemListElement":[{"@type":"ListItem","position":1,"name":"Portada","item":"https:\/\/www.smartconta.com\/ca\/?faq_reutilizable=home-faqs"},{"@type":"ListItem","position":2,"name":"Pol\u00edtica de privadesa"}]},{"@type":"WebSite","@id":"https:\/\/www.smartconta.com\/ca\/#website","url":"https:\/\/www.smartconta.com\/ca\/","name":"Smartconta","description":"","potentialAction":[{"@type":"SearchAction","target":{"@type":"EntryPoint","urlTemplate":"https:\/\/www.smartconta.com\/ca\/?s={search_term_string}"},"query-input":{"@type":"PropertyValueSpecification","valueRequired":true,"valueName":"search_term_string"}}],"inLanguage":"ca"}]}},"_links":{"self":[{"href":"https:\/\/www.smartconta.com\/ca\/wp-json\/wp\/v2\/pages\/5122","targetHints":{"allow":["GET"]}}],"collection":[{"href":"https:\/\/www.smartconta.com\/ca\/wp-json\/wp\/v2\/pages"}],"about":[{"href":"https:\/\/www.smartconta.com\/ca\/wp-json\/wp\/v2\/types\/page"}],"author":[{"embeddable":true,"href":"https:\/\/www.smartconta.com\/ca\/wp-json\/wp\/v2\/users\/1"}],"replies":[{"embeddable":true,"href":"https:\/\/www.smartconta.com\/ca\/wp-json\/wp\/v2\/comments?post=5122"}],"version-history":[{"count":3,"href":"https:\/\/www.smartconta.com\/ca\/wp-json\/wp\/v2\/pages\/5122\/revisions"}],"predecessor-version":[{"id":5251,"href":"https:\/\/www.smartconta.com\/ca\/wp-json\/wp\/v2\/pages\/5122\/revisions\/5251"}],"wp:attachment":[{"href":"https:\/\/www.smartconta.com\/ca\/wp-json\/wp\/v2\/media?parent=5122"}],"curies":[{"name":"wp","href":"https:\/\/api.w.org\/{rel}","templated":true}]}}