{"id":5247,"date":"2022-12-16T11:22:50","date_gmt":"2022-12-16T10:22:50","guid":{"rendered":"https:\/\/www.smartconta.com\/politica-privacitat-de-clients\/"},"modified":"2025-08-25T12:03:43","modified_gmt":"2025-08-25T10:03:43","slug":"politica-privacitat-de-clients","status":"publish","type":"page","link":"https:\/\/www.smartconta.com\/ca\/politica-privacitat-de-clients\/","title":{"rendered":"Pol\u00edtica privacitat de Clients"},"content":{"rendered":"<div class=\"vce-row-container\" data-vce-boxed-width=\"true\"><div class=\"vce-row vce-row--col-gap-30 vce-row-equal-height vce-row-content--top\" id=\"el-31a3c1b5\" data-vce-do-apply=\"all el-31a3c1b5\"><div class=\"vce-row-content\" data-vce-element-content=\"true\"><div class=\"vce-col vce-col--md-auto vce-col--xs-1 vce-col--xs-last vce-col--xs-first vce-col--sm-last vce-col--sm-first vce-col--md-last vce-col--lg-last vce-col--xl-last vce-col--md-first vce-col--lg-first vce-col--xl-first\" id=\"el-10213e74\"><div class=\"vce-col-inner\" data-vce-do-apply=\"border margin background  el-10213e74\"><div class=\"vce-col-content\" data-vce-element-content=\"true\" data-vce-do-apply=\"padding el-10213e74\"><div class=\"vce-text-block\"><div class=\"vce-text-block-wrapper vce\" id=\"el-65803433\" data-vce-do-apply=\"all el-65803433\"><h1 id=\"pol-tica-de-privacidad-de-clientes-de-smartconta-s-l-smartconta-\">Pol\u00edtica de privacitat de clients de SMARTCONTA, S.L (\u00abSMARTCONTA\u00bb)<\/h1><p>Aquesta Pol\u00edtica de Privacitat t\u00e9 per objecte donar a con\u00e8ixer la manera com obtenim, tractem i protegim les dades personals dels nostres clients i, en aquest sentit, <strong>la present Pol\u00edtica \u00e9s aplicable a:<\/strong><\/p><ol><li><p>Persones que <strong>mantenen un contracte de manteniment o lloguer d\u2019equips de mesura<\/strong> amb SMARTCONTA per a la prestaci\u00f3 d\u2019algun servei. Client del servei.<\/p><\/li><li><p>Persones que contacten amb SMARTCONTA per <strong>realitzar gestions precontractuals<\/strong> (sol\u00b7licitar una alta o sol\u00b7licitar una portabilitat).<\/p><\/li><li><p>Persones que contacten amb SMARTCONTA per <strong>informar d\u2019incid\u00e8ncies del servei, fer consultes, formular queixes o reclamacions <\/strong>de qualsevol tipus sense mantenir una relaci\u00f3 contractual amb aquesta entitat (per exemple, fer una consulta sobre condicions generals del servei, etc.).<\/p><\/li><li><p>Finalment, tamb\u00e9 fa refer\u00e8ncia a aquelles persones, <strong>tercers diferents del client, les dades dels quals figuren en un contracte<\/strong> per haver estat informades pel mateix client o pel mateix interessat, com ara autoritzats pel titular per realitzar gestions en el contracte, com a contacte per a notificacions, o aquells les dades de cobrament dels quals estan indicades en el contracte per al pagament del rebut.<\/p><\/li><\/ol><p>El lloc web t\u00e9 la seva pr\u00f2pia <strong>Pol\u00edtica de Privacitat del Web<\/strong> que podeu consultar en el seg\u00fcent <a href=\"https:\/\/www.smartconta.com\/ca\/politica-de-privadesa\/\">enlla\u00e7<\/a>.<\/p><h2 id=\"-1-qui-n-es-el-responsable-de-los-datos-que-facilita-\"><strong>Qui \u00e9s el responsable de les dades que faciliteu?<\/strong><\/h2><p>El responsable del tractament de les dades personals \u00e9s SMARTCONTA S.L. (d\u2019ara endavant, \u201cSMARTCONTA\u201d) amb NIF B72846603 i domicili social a Barcelona, Passeig del Ferrocarril, 337, 4t, Castelldefels.<\/p><p>SMARTCONTA ha nomenat un <strong>Delegat de Protecci\u00f3 de Dades<\/strong> amb qui pot contactar si t\u00e9 qualsevol dubte o queixa en mat\u00e8ria de protecci\u00f3 de dades. La seva reclamaci\u00f3 s\u2019investigar\u00e0 de forma confidencial.<\/p><p>Pot contactar amb el nostre Delegat de Protecci\u00f3 de Dades per correu electr\u00f2nic \u2013 <a href=\"mailto:privacy@smartconta.com\">privacy@smartconta.com<\/a> o per correu postal a l\u2019adre\u00e7a (apartat postal FD1290), indicant a l\u2019embolcall \u201cA l\u2019atenci\u00f3 del delegat de protecci\u00f3 de dades de SMARTCONTA\u201d.<\/p><h2 id=\"-2-qu-tipo-de-datos-recoge-smartconta-\"><strong>Quin tipus de dades recull SMARTCONTA?<\/strong><\/h2><p>Segons la gesti\u00f3 que realitzi, SMARTCONTA tractar\u00e0 les seg\u00fcents categories de dades de car\u00e0cter personal:<\/p><ol><li><p><strong>Dades identificatives i de contacte:<\/strong><\/p><\/li><li><p><strong>Dades identificatives i de contacte: <\/strong>Nom, cognoms, DNI, tel\u00e8fon fix o m\u00f2bil, correu electr\u00f2nic, adre\u00e7a, documents acreditatius de la identitat, documents acreditatius d\u2019apoderament, protocols notarials, c\u00e0rrec, empresa i dades de contacte professional. Algunes dades acreditatives nom\u00e9s seran necess\u00e0ries per dur a terme gestions espec\u00edfiques.<\/p><\/li><li><p><strong>Informaci\u00f3 sobre el punt de subministrament per al qual es gestiona o es pret\u00e9n gestionar un contracte de manteniment o lloguer d\u2019equips de mesura:<\/strong> Adre\u00e7a del punt de subministrament.<\/p><\/li><li><p><strong>Dades econ\u00f2miques i de facturaci\u00f3: <\/strong>dades banc\u00e0ries facilitades pel client o per persona autoritzada, n\u00ba de factura, import de factures i deute.<\/p><\/li><li><p><strong>Diferents dades facilitades volunt\u00e0riament per vost\u00e8 en posar-se en contacte amb nosaltres<\/strong> per qualsevol motiu (efectuar una reclamaci\u00f3, fer consultes, sol\u00b7licitar l\u2019aplicaci\u00f3 d\u2019ajudes o bonificacions socials quan correspongui en sup\u00f2sits de vulnerabilitat, comunicaci\u00f3 de circumst\u00e0ncies familiars, o altres circumst\u00e0ncies que ens exposi volunt\u00e0riament).<\/p><\/li><li><p><strong>Dades de terceres persones que el client o el mateix tercer faciliten volunt\u00e0riament a SMARTCONTA i que quedaran integrades en l\u2019expedient de contracte.<\/strong> Dades de contacte d\u2019un tercer per a notificacions, dades de tercers que s\u00f3n autoritzats pel client per realitzar gestions diverses en el seu nom en relaci\u00f3 amb el seu contracte, documentaci\u00f3 p\u00fablica.<br>En cas que les dades personals aportades pertanyin a un tercer, qui les facilita garanteix que ha informat aquest tercer d\u2019aquesta Pol\u00edtica de Privacitat i ha obtingut la seva autoritzaci\u00f3 per facilitar les seves dades a SMARTCONTA amb les finalitats indicades. Igualment, garanteix que les dades aportades s\u00f3n exactes i actualitzades, sent responsable de qualsevol dany o perjudici, directe o indirecte, que pogu\u00e9s ocasionar-se com a conseq\u00fc\u00e8ncia del compliment d\u2019aquesta obligaci\u00f3.<br>Les dades a qu\u00e8 hem fet refer\u00e8ncia fins ara poden pert\u00e0nyer al titular del subministrament, al consumidor o a tercers autoritzats.<\/p><\/li><li><p>Quan li sol\u00b7licitarem dades personals mitjan\u00e7ant formularis web per tramitar la seva sol\u00b7licitud, marcarem amb un asterisc les dades estrictament necess\u00e0ries per dur a terme les gestions. Si no ens facilita aquestes dades, no podr\u00e0 continuar la tramitaci\u00f3 de la gesti\u00f3 que vulgui realitzar.<\/p><\/li><\/ol><h2 id=\"-3-qu-medidas-de-seguridad-se-han-implantado-para-proteger-los-datos-personales-\"><strong>3. Quines mesures de seguretat han estat implantades per protegir les dades personals?<\/strong><\/h2><p>SMARTCONTA tractar\u00e0 les dades personals de manera absolutament confidencial. Aix\u00ed mateix, ha implantat mesures t\u00e8cniques i organitzatives adequades per garantir la seguretat d\u2019aquestes dades i evitar la seva destrucci\u00f3, p\u00e8rdua, acc\u00e9s il\u00b7l\u00edcit o alteraci\u00f3 il\u00b7l\u00edcita. A l\u2019hora de determinar aquestes mesures, s\u2019han tingut en compte criteris com l\u2019abast, el context i les finalitats del tractament, l\u2019estat de la t\u00e8cnica i els riscos existents.<\/p><h2 id=\"-4-tr-mites-realizados-por-un-tercero-o-en-nombre-de-una-empresa-y-por-administradores-de-fincas-\"><strong>Tr\u00e0mits realitzats per un tercer o en nom d\u2019una empresa i per Administradors de Finques<\/strong><\/h2><p>Com a norma general, tots els tr\u00e0mits i gestions que comportin un tractament de dades personals es realitzaran per una persona en nom propi i, en aquest cas, facilitar\u00e0 \u00fanicament dades personals de les quals \u00e9s titular. No obstant aix\u00f2, s\u2019admetr\u00e0 que l\u2019Usuari faciliti dades d\u2019un tercer sempre que (i) hagi obtingut les dades de forma l\u00edcita; (ii) hagi informat l\u2019afectat, quan correspongui, del tr\u00e0mit o consulta que vol realitzar, i (iii) tingui un inter\u00e8s leg\u00edtim per dur a terme la gesti\u00f3 que inicia. En aquest sentit, es podran efectuar gestions en nom de tercers en els casos de:<\/p><ul><li><p>Persona amb autoritzaci\u00f3 expressa del titular.<\/p><\/li><li><p>Representants o persones de contacte de persones jur\u00eddiques que actu\u00efn en nom d\u2019aquestes.<\/p><\/li><li>Administradors de Finques degudament col\u00b7legiats, actuant en nom de comunitats de propietaris i altres clients.<\/li><\/ul><p>Les dades personals dels representants, persones de contacte i Administradors de Finques es tractaran, basant-se en l\u2019inter\u00e8s leg\u00edtim (d\u2019acord amb el que disposa l\u2019article 19 de la Llei Org\u00e0nica 3\/2018), amb l\u2019\u00fanica finalitat de gestionar la petici\u00f3 efectuada en nom d\u2019un tercer.<\/p><h2 id=\"-5-para-qu-utilizamos-sus-datos-personales-y-cu-l-es-la-base-de-legitimaci-n-\"><strong>Per a qu\u00e8 utilitzem les seves dades personals i quina \u00e9s la base de legitimaci\u00f3?<\/strong><\/h2><p>Tractarem les categories de dades indicades a l\u2019apartat 2 d\u2019aquesta Pol\u00edtica, per a les finalitats i amb la base legitimadora que s\u2019indica a continuaci\u00f3:<\/p><ol><li><p>Utilitzarem les seves dades identificatives i de contacte, les seves dades econ\u00f2miques i de facturaci\u00f3, i dades t\u00e8cniques del servei contractat, aix\u00ed com diferents dades facilitades volunt\u00e0riament per vost\u00e8 en posar-se en contacte amb nosaltres i les dades de terceres persones que vost\u00e8 o el mateix tercer hagin facilitat i que estan integrades en l\u2019expedient de contracte, <strong>per gestionar el servei de manteniment o arrendament d'equips de mesura<\/strong>: atenci\u00f3 de les diferents sol\u00b7licituds en relaci\u00f3 amb els serveis prestats (alta, baixa, canvi de titularitat, petici\u00f3 de domiciliaci\u00f3 banc\u00e0ria, emplenament i signatura de documentaci\u00f3), incid\u00e8ncies, emissi\u00f3 de factures, cobrament de factures, rectificaci\u00f3 de factures, servei d'atenci\u00f3 al client, incl\u00f2s l'enregistrament de les trucades telef\u00f2niques, tramitaci\u00f3 de gestions administratives, incloses les necess\u00e0ries servei, i les necess\u00e0ries per al manteniment del servei. La base legitimadora d'aquest tractament es l' <strong>execuci\u00f3 d'un contracte<\/strong> en qu\u00e8 l'interessat \u00e9s part o per a l'aplicaci\u00f3 a petici\u00f3 d'aquest de mesures precontractuals.<\/p><\/li><li><p>Utilitzarem les seves dades identificatives i de contacte, les seves dades econ\u00f2miques i de facturaci\u00f3, o dades t\u00e8cniques del servei contractat, aix\u00ed com diferents dades facilitades volunt\u00e0riament per Ud. en posar-se en contacte amb nosaltres, aix\u00ed com les dades de terceres persones que vost\u00e8 o el mateix tercer hagin facilitat i que estan integrades a l'expedient de contracte <strong>per atendre les sol\u00b7licituds que volunt\u00e0riament ens efectu\u00ef<\/strong> <strong>com a client<\/strong> (reclamacions, consultes de dubtes, aplicaci\u00f3 d'ajudes o bonificacions socials quan sigui procedent en sup\u00f2sits de vulnerabilitat, o altres). La base legitimadora \u00e9s l' <strong>execuci\u00f3 del contracte<\/strong> quan les sol\u00b7licituds estiguin vinculades a serveis contractats.<\/p><\/li><\/ol><h2 id=\"-6-qui-nes-pueden-acceder-a-sus-datos-personales-\"><strong>6. Qui pot accedir a les vostres dades personals?<\/strong><\/h2><p>SMARTCONTA compta amb prestadors de serveis (empreses del grup empresarial al qual pertany SMARTCONTA i prove\u00efdors externs) per a la realitzaci\u00f3 d\u2019algunes tasques pr\u00f2pies del contracte (prove\u00efdors de serveis tecnol\u00f2gics, suport en l\u2019atenci\u00f3 al client, assessorament jur\u00eddic, impressi\u00f3, sobreig i remissi\u00f3 de factures, emmagatzematge i destrucci\u00f3 d\u2019arxius f\u00edsics, entre d\u2019altres) que, si escau, hauran d\u2019accedir a les seves dades per poder realitzar els serveis concertats. Aquests prestadors tindran la condici\u00f3 d\u2019Encarregats del tractament d\u2019acord amb la LO 3\/2018, de Protecci\u00f3 de Dades Personals i garantia dels drets digitals, i \u00fanicament tractaran les dades personals conforme a les instruccions de SMARTCONTA. Aquests Encarregats, en cap cas, utilitzaran les dades personals de l\u2019Usuari per a finalitats pr\u00f2pies o diferents de les detallades en aquesta Pol\u00edtica.<\/p><p>Alguns dels nostres prove\u00efdors estan ubicats a pa\u00efsos situats fora de l'Espai Econ\u00f2mic Europeu (EEE) o, estant ubicades a EEE, comparteixen la informaci\u00f3 amb altres entitats ubicades fora d'aquest territori. SMARTCONTA garanteix que:<\/p><ul><li>Les transfer\u00e8ncies es fan a pa\u00efsos respecte dels quals la Comissi\u00f3 Europea ha declarat que proporcionen un nivell de protecci\u00f3 equiparable a l'europeu.<\/li><li>En abs\u00e8ncia de la declaraci\u00f3 d'adequaci\u00f3 esmentada s'han signat les Cl\u00e0usules Contractuals Tipus aprovades per la Comissi\u00f3. Podeu consultar aquesta informaci\u00f3 a la p\u00e0gina de l'AEPD: <a href=\"https:\/\/www.aepd.es\/es\/derechos-y-deberes\/cumple-tus-deberes\/medidas-de-cumplimiento\/transferencias-internacionales\">https:\/\/www.aepd.es\/es\/derechos-y-deberes\/cumple-tus-deberes\/medidas-de-cumplimiento\/transferencias-internacionales<\/a><\/li><\/ul><p>Per a m\u00e9s informaci\u00f3 sobre aquesta mat\u00e8ria, contacteu amb el Delegat de Protecci\u00f3 de dades de SMARTCONTA per algun dels mitjans indicats en aquesta Pol\u00edtica.<\/p><h2 id=\"-7-a-qui-n-comunicamos-sus-datos-\"><strong>7. A qui comuniquem les vostres dades?<\/strong><\/h2><p>SMARTCONTA nom\u00e9s comunicar\u00e0 les seves dades personals a tercers si ho ha consentit expressament o quan vingui imposat per obligaci\u00f3 legal.<\/p><p>SMARTCONTA pot estar obligada a comunicar dades d\u2019usuaris, siguin o no clients, a les Administracions titulars de serveis o de conceptes tributaris associats als serveis que es presten, o quan la comunicaci\u00f3 sigui necess\u00e0ria per atendre un requeriment de les Forces i Cossos de Seguretat de l\u2019Estat o d\u2019una altra Administraci\u00f3, aix\u00ed com quan sigui necessari per gestionar judicialment alguna q\u00fcesti\u00f3 relacionada amb el servei.<\/p><p>SMARTCONTA est\u00e0 obligada, per disposici\u00f3 legal, a comunicar les dades personals dels clients del servei a Aig\u00fces de Barcelona, Empresa Metropolitana de Gesti\u00f3 del Cicle Integral de l\u2019Aigua, S.A., per a la correcta gesti\u00f3 del seu contracte de subministrament, d\u2019acord amb el Reglament del Servei Metropolit\u00e0 del Cicle Integral de l\u2019Aigua.<\/p><h2 id=\"-8-por-cu-nto-tiempo-conservamos-sus-datos-\"><strong>8. Per quant de temps conservem les vostres dades?<\/strong><\/h2><p>Les seves dades personals seran conservades pel temps necessari per complir amb les finalitats descrites. Posteriorment, es conservaran bloquejades per respondre a possibles responsabilitats legals. Un cop transcorregut aquest per\u00edode, les seves dades seran eliminades de forma definitiva.<\/p><h2 id=\"-9-cu-les-son-sus-derechos-en-materia-de-protecci-n-de-datos-y-c-mo-puede-ejercitarlos-\"><strong>9. Quins s\u00f3n els seus drets en mat\u00e8ria de protecci\u00f3 de dades i com els pot exercir?<\/strong><\/h2><p>La Llei li reconeix els drets seg\u00fcents en mat\u00e8ria de protecci\u00f3 de dades:<\/p><table><thead><tr><th style=\"text-align: left;\">Dret<\/th><th style=\"text-align: left;\">Contingut<\/th><\/tr><\/thead><tbody><tr><td style=\"text-align: left;\"><strong>Acc\u00e9s<\/strong><\/td><td style=\"text-align: left;\">Podreu consultar les vostres dades personals incloses a les bases de dades de SMARTCONTA.<\/td><\/tr><tr><td style=\"text-align: left;\"><strong>Rectificaci\u00f3<\/strong><\/td><td style=\"text-align: left;\">Podreu modificar les vostres dades personals quan siguin inexactes o incomplets.<\/td><\/tr><tr><td style=\"text-align: left;\"><strong>Supressi\u00f3<\/strong><\/td><td style=\"text-align: left;\">Podreu sol\u00b7licitar que eliminem les vostres dades personals.<\/td><\/tr><tr><td style=\"text-align: left;\"><strong>Oposici\u00f3<\/strong><\/td><td style=\"text-align: left;\">Podreu oposar-vos al tractament de les vostres dades personals per a les finalitats basades en l'inter\u00e8s p\u00fablic o en l'inter\u00e8s leg\u00edtim.<\/td><\/tr><tr><td style=\"text-align: left;\"><strong>Limitaci\u00f3 del tractament<\/strong><\/td><td style=\"text-align: left;\">Podr\u00e0 sol\u00b7licitar la limitaci\u00f3 del tractament de les seves dades en els seg\u00fcents casos:<br>Mentre es comprova la impugnaci\u00f3 de l\u2019exactitud de les seves dades. Quan el tractament sigui il\u00b7l\u00edcit, per\u00f2 vost\u00e8 s\u2019oposi a la supressi\u00f3 de les seves dades. Quan SMARTCONTA no necessiti tractar les seves dades, per\u00f2 vost\u00e8 les necessiti per a l\u2019exercici o la defensa de reclamacions. Quan vost\u00e8 s\u2019hagi oposat al tractament de les seves dades per al compliment d\u2019una missi\u00f3 d\u2019inter\u00e8s p\u00fablic o per a la satisfacci\u00f3 d\u2019un inter\u00e8s leg\u00edtim, mentre es verifica si els motius leg\u00edtims per al tractament prevalen sobre els seus.<\/td><\/tr><tr><td style=\"text-align: left;\"><strong>Portabilitat<\/strong><\/td><td style=\"text-align: left;\">Podreu rebre, en format electr\u00f2nic, les dades personals que ens heu facilitat, aix\u00ed com a transmetre-les a un altre Responsable del Tractament.<\/td><\/tr><\/tbody><\/table><p>Recordeu que, a m\u00e9s, per als tractaments per als quals hagi atorgat el seu consentiment, podr\u00e0 retirar-lo en qualsevol moment.<\/p><p><strong>Per exercir els anteriors drets, o revocar el consentiment prestat<\/strong> , n'hi haur\u00e0 prou que ens envieu la vostra sol\u00b7licitud per qualsevol dels mitjans seg\u00fcents:<\/p><ul><li><p>Per correu postal a l'adre\u00e7a: apartat postal FD1290<\/p><\/li><li><p>Per correu electr\u00f2nic: <a href=\"mailto:atencionalcliente@smartconta.com\">atencionalcliente@smartconta.com<\/a> .<\/p><\/li><\/ul><p>El sol\u00b7licitant haur\u00e0 d\u2019estar suficientment identificat a la sol\u00b7licitud. Quan el responsable del tractament tingui dubtes raonables respecte a la identitat de la persona f\u00edsica que presenta la sol\u00b7licitud, podr\u00e0 sol\u00b7licitar que faciliti la informaci\u00f3 addicional necess\u00e0ria per confirmar la seva identitat. En cas que s\u2019actu\u00ef mitjan\u00e7ant representaci\u00f3 legal, s\u2019haur\u00e0 d\u2019aportar, a m\u00e9s, el DNI i el document acreditatiu de la representaci\u00f3 del representant.<\/p><p>Si t\u00e9 qualsevol dubte sobre el tractament de les seves dades personals, tamb\u00e9 pot contactar amb el nostre Delegat de Protecci\u00f3 de Dades per correu electr\u00f2nic \u2013 <a href=\"mailto:privacy@smartconta.com\">privacy@smartconta.com <\/a>o per correu postal a l\u2019adre\u00e7a (apartat postal FD1290), indicant a l\u2019embolcall \u201cA l\u2019atenci\u00f3 del delegat de protecci\u00f3 de dades de SMARTCONTA\u201d.<\/p><p>En tot cas, com a afectat o interessat, vost\u00e8 tamb\u00e9 pot presentar les den\u00fancies que consideri oportunes davant de l'Autoritat Catalana de Protecci\u00f3 de Dades ( <a href=\"http:\/\/www.apdcat.cat\/\"><em>www.apdcat.cat<\/em><\/a> <em>)<\/em> .<\/p><\/div><\/div><\/div><\/div><\/div><\/div><\/div><\/div>\n","protected":false},"excerpt":{"rendered":"<p>Pol\u00edtica de privacitat de clients de SMARTCONTA, S.L (\u00abSMARTCONTA\u00bb)Aquesta Pol\u00edtica de Privacitat t\u00e9 per objecte donar a con\u00e8ixer la manera com obtenim, tractem i protegim les dades personals dels nostres clients i, en aquest sentit, la present Pol\u00edtica \u00e9s aplicable a:Persones que mantenen un contracte de manteniment o lloguer d\u2019equips de mesura amb SMARTCONTA per [&hellip;]<\/p>\n","protected":false},"author":1,"featured_media":0,"parent":0,"menu_order":0,"comment_status":"closed","ping_status":"closed","template":"","meta":{"_acf_changed":false,"inline_featured_image":false,"footnotes":""},"class_list":["post-5247","page","type-page","status-publish","hentry"],"acf":[],"yoast_head":"<!-- This site is optimized with the Yoast SEO plugin v25.4 - https:\/\/yoast.com\/wordpress\/plugins\/seo\/ -->\n<title>Pol\u00edtica privacitat de Clients - Smartconta<\/title>\n<meta name=\"robots\" content=\"index, follow, max-snippet:-1, max-image-preview:large, max-video-preview:-1\" \/>\n<link rel=\"canonical\" href=\"https:\/\/www.smartconta.com\/ca\/politica-privacitat-de-clients\/\" \/>\n<meta property=\"og:locale\" content=\"ca_ES\" \/>\n<meta property=\"og:type\" content=\"article\" \/>\n<meta property=\"og:title\" content=\"Pol\u00edtica privacitat de Clients - Smartconta\" \/>\n<meta property=\"og:description\" content=\"Pol\u00edtica de privacitat de clients de SMARTCONTA, S.L (\u00abSMARTCONTA\u00bb)Aquesta Pol\u00edtica de Privacitat t\u00e9 per objecte donar a con\u00e8ixer la manera com obtenim, tractem i protegim les dades personals dels nostres clients i, en aquest sentit, la present Pol\u00edtica \u00e9s aplicable a:Persones que mantenen un contracte de manteniment o lloguer d\u2019equips de mesura amb SMARTCONTA per [&hellip;]\" \/>\n<meta property=\"og:url\" content=\"https:\/\/www.smartconta.com\/ca\/politica-privacitat-de-clients\/\" \/>\n<meta property=\"og:site_name\" content=\"Smartconta\" \/>\n<meta property=\"article:modified_time\" content=\"2025-08-25T10:03:43+00:00\" \/>\n<meta name=\"twitter:card\" content=\"summary_large_image\" \/>\n<meta name=\"twitter:label1\" content=\"Temps estimat de lectura\" \/>\n\t<meta name=\"twitter:data1\" content=\"11 minuts\" \/>\n<script type=\"application\/ld+json\" class=\"yoast-schema-graph\">{\"@context\":\"https:\/\/schema.org\",\"@graph\":[{\"@type\":\"WebPage\",\"@id\":\"https:\/\/www.smartconta.com\/ca\/politica-privacitat-de-clients\/\",\"url\":\"https:\/\/www.smartconta.com\/ca\/politica-privacitat-de-clients\/\",\"name\":\"Pol\u00edtica privacitat de Clients - Smartconta\",\"isPartOf\":{\"@id\":\"https:\/\/www.smartconta.com\/ca\/#website\"},\"datePublished\":\"2022-12-16T10:22:50+00:00\",\"dateModified\":\"2025-08-25T10:03:43+00:00\",\"breadcrumb\":{\"@id\":\"https:\/\/www.smartconta.com\/ca\/politica-privacitat-de-clients\/#breadcrumb\"},\"inLanguage\":\"ca\",\"potentialAction\":[{\"@type\":\"ReadAction\",\"target\":[\"https:\/\/www.smartconta.com\/ca\/politica-privacitat-de-clients\/\"]}]},{\"@type\":\"BreadcrumbList\",\"@id\":\"https:\/\/www.smartconta.com\/ca\/politica-privacitat-de-clients\/#breadcrumb\",\"itemListElement\":[{\"@type\":\"ListItem\",\"position\":1,\"name\":\"Portada\",\"item\":\"https:\/\/www.smartconta.com\/ca\/?faq_reutilizable=home-faqs\"},{\"@type\":\"ListItem\",\"position\":2,\"name\":\"Pol\u00edtica privacitat de Clients\"}]},{\"@type\":\"WebSite\",\"@id\":\"https:\/\/www.smartconta.com\/ca\/#website\",\"url\":\"https:\/\/www.smartconta.com\/ca\/\",\"name\":\"Smartconta\",\"description\":\"\",\"potentialAction\":[{\"@type\":\"SearchAction\",\"target\":{\"@type\":\"EntryPoint\",\"urlTemplate\":\"https:\/\/www.smartconta.com\/ca\/?s={search_term_string}\"},\"query-input\":{\"@type\":\"PropertyValueSpecification\",\"valueRequired\":true,\"valueName\":\"search_term_string\"}}],\"inLanguage\":\"ca\"}]}<\/script>\n<!-- \/ Yoast SEO plugin. -->","yoast_head_json":{"title":"Pol\u00edtica privacitat de Clients - Smartconta","robots":{"index":"index","follow":"follow","max-snippet":"max-snippet:-1","max-image-preview":"max-image-preview:large","max-video-preview":"max-video-preview:-1"},"canonical":"https:\/\/www.smartconta.com\/ca\/politica-privacitat-de-clients\/","og_locale":"ca_ES","og_type":"article","og_title":"Pol\u00edtica privacitat de Clients - Smartconta","og_description":"Pol\u00edtica de privacitat de clients de SMARTCONTA, S.L (\u00abSMARTCONTA\u00bb)Aquesta Pol\u00edtica de Privacitat t\u00e9 per objecte donar a con\u00e8ixer la manera com obtenim, tractem i protegim les dades personals dels nostres clients i, en aquest sentit, la present Pol\u00edtica \u00e9s aplicable a:Persones que mantenen un contracte de manteniment o lloguer d\u2019equips de mesura amb SMARTCONTA per [&hellip;]","og_url":"https:\/\/www.smartconta.com\/ca\/politica-privacitat-de-clients\/","og_site_name":"Smartconta","article_modified_time":"2025-08-25T10:03:43+00:00","twitter_card":"summary_large_image","twitter_misc":{"Temps estimat de lectura":"11 minuts"},"schema":{"@context":"https:\/\/schema.org","@graph":[{"@type":"WebPage","@id":"https:\/\/www.smartconta.com\/ca\/politica-privacitat-de-clients\/","url":"https:\/\/www.smartconta.com\/ca\/politica-privacitat-de-clients\/","name":"Pol\u00edtica privacitat de Clients - Smartconta","isPartOf":{"@id":"https:\/\/www.smartconta.com\/ca\/#website"},"datePublished":"2022-12-16T10:22:50+00:00","dateModified":"2025-08-25T10:03:43+00:00","breadcrumb":{"@id":"https:\/\/www.smartconta.com\/ca\/politica-privacitat-de-clients\/#breadcrumb"},"inLanguage":"ca","potentialAction":[{"@type":"ReadAction","target":["https:\/\/www.smartconta.com\/ca\/politica-privacitat-de-clients\/"]}]},{"@type":"BreadcrumbList","@id":"https:\/\/www.smartconta.com\/ca\/politica-privacitat-de-clients\/#breadcrumb","itemListElement":[{"@type":"ListItem","position":1,"name":"Portada","item":"https:\/\/www.smartconta.com\/ca\/?faq_reutilizable=home-faqs"},{"@type":"ListItem","position":2,"name":"Pol\u00edtica privacitat de Clients"}]},{"@type":"WebSite","@id":"https:\/\/www.smartconta.com\/ca\/#website","url":"https:\/\/www.smartconta.com\/ca\/","name":"Smartconta","description":"","potentialAction":[{"@type":"SearchAction","target":{"@type":"EntryPoint","urlTemplate":"https:\/\/www.smartconta.com\/ca\/?s={search_term_string}"},"query-input":{"@type":"PropertyValueSpecification","valueRequired":true,"valueName":"search_term_string"}}],"inLanguage":"ca"}]}},"_links":{"self":[{"href":"https:\/\/www.smartconta.com\/ca\/wp-json\/wp\/v2\/pages\/5247","targetHints":{"allow":["GET"]}}],"collection":[{"href":"https:\/\/www.smartconta.com\/ca\/wp-json\/wp\/v2\/pages"}],"about":[{"href":"https:\/\/www.smartconta.com\/ca\/wp-json\/wp\/v2\/types\/page"}],"author":[{"embeddable":true,"href":"https:\/\/www.smartconta.com\/ca\/wp-json\/wp\/v2\/users\/1"}],"replies":[{"embeddable":true,"href":"https:\/\/www.smartconta.com\/ca\/wp-json\/wp\/v2\/comments?post=5247"}],"version-history":[{"count":4,"href":"https:\/\/www.smartconta.com\/ca\/wp-json\/wp\/v2\/pages\/5247\/revisions"}],"predecessor-version":[{"id":5465,"href":"https:\/\/www.smartconta.com\/ca\/wp-json\/wp\/v2\/pages\/5247\/revisions\/5465"}],"wp:attachment":[{"href":"https:\/\/www.smartconta.com\/ca\/wp-json\/wp\/v2\/media?parent=5247"}],"curies":[{"name":"wp","href":"https:\/\/api.w.org\/{rel}","templated":true}]}}